{"id":15883,"date":"2013-10-02T14:25:05","date_gmt":"2013-10-02T17:25:05","guid":{"rendered":"https:\/\/www.infraestruturameioambiente.sp.gov.br\/institutodebotanica\/?page_id=15883"},"modified":"2013-12-13T12:09:47","modified_gmt":"2013-12-13T14:09:47","slug":"cerad-politicas-publicas","status":"publish","type":"page","link":"https:\/\/www.infraestruturameioambiente.sp.gov.br\/institutodebotanica\/cerad\/cerad-politicas-publicas\/","title":{"rendered":"CERAD &#8211; Pol\u00edticas P\u00fablicas"},"content":{"rendered":"<div class=\"wc-gallery\"><div id='gallery-1' data-gutter-width='5' data-columns='1' class='gallery wc-gallery-captions-onhover gallery-link-file gallery-masonry galleryid-15883 gallery-columns-1 gallery-size-thumbnail wc-gallery-bottomspace-default wc-gallery-clear'><div class='gallery-item gallery-item-position-1 gallery-item-attachment-16298'>\n\t\t\t\t<div class='gallery-icon landscape'>\n\t\t\t\t\t<a href='https:\/\/www.infraestruturameioambiente.sp.gov.br\/institutodebotanica\/wp-content\/uploads\/sites\/235\/2013\/12\/4Foto-9_Cerad-600x600.jpg' title='' target='_self'><img width=\"150\" height=\"150\" src=\"https:\/\/www.infraestruturameioambiente.sp.gov.br\/institutodebotanica\/wp-content\/uploads\/sites\/235\/2013\/12\/4Foto-9_Cerad-150x150.jpg\" class=\"attachment-thumbnail size-thumbnail\" alt=\"\" decoding=\"async\" loading=\"lazy\" srcset=\"https:\/\/www.infraestruturameioambiente.sp.gov.br\/institutodebotanica\/wp-content\/uploads\/sites\/235\/2013\/12\/4Foto-9_Cerad-150x150.jpg 150w, https:\/\/www.infraestruturameioambiente.sp.gov.br\/institutodebotanica\/wp-content\/uploads\/sites\/235\/2013\/12\/4Foto-9_Cerad-600x600.jpg 600w\" sizes=\"(max-width: 150px) 100vw, 150px\" \/><\/a>\n\t\t\t\t<\/div><\/div><div class='gallery-item gallery-item-position-2 gallery-item-attachment-16296'>\n\t\t\t\t<div class='gallery-icon portrait'>\n\t\t\t\t\t<a href='https:\/\/www.infraestruturameioambiente.sp.gov.br\/institutodebotanica\/wp-content\/uploads\/sites\/235\/2013\/12\/2Foto-_Cerad-2.jpg' title='' target='_self'><img width=\"150\" height=\"150\" src=\"https:\/\/www.infraestruturameioambiente.sp.gov.br\/institutodebotanica\/wp-content\/uploads\/sites\/235\/2013\/12\/2Foto-_Cerad-2-150x150.jpg\" class=\"attachment-thumbnail size-thumbnail\" alt=\"\" decoding=\"async\" loading=\"lazy\" srcset=\"https:\/\/www.infraestruturameioambiente.sp.gov.br\/institutodebotanica\/wp-content\/uploads\/sites\/235\/2013\/12\/2Foto-_Cerad-2-150x150.jpg 150w, https:\/\/www.infraestruturameioambiente.sp.gov.br\/institutodebotanica\/wp-content\/uploads\/sites\/235\/2013\/12\/2Foto-_Cerad-2-69x70.jpg 69w\" sizes=\"(max-width: 150px) 100vw, 150px\" \/><\/a>\n\t\t\t\t<\/div><\/div><div class='gallery-item gallery-item-position-3 gallery-item-attachment-16306'>\n\t\t\t\t<div class='gallery-icon landscape'>\n\t\t\t\t\t<a href='https:\/\/www.infraestruturameioambiente.sp.gov.br\/institutodebotanica\/wp-content\/uploads\/sites\/235\/2013\/12\/12Foto_Cerad-8-600x600.jpg' title='' target='_self'><img width=\"150\" height=\"150\" src=\"https:\/\/www.infraestruturameioambiente.sp.gov.br\/institutodebotanica\/wp-content\/uploads\/sites\/235\/2013\/12\/12Foto_Cerad-8-150x150.jpg\" class=\"attachment-thumbnail size-thumbnail\" alt=\"\" decoding=\"async\" loading=\"lazy\" srcset=\"https:\/\/www.infraestruturameioambiente.sp.gov.br\/institutodebotanica\/wp-content\/uploads\/sites\/235\/2013\/12\/12Foto_Cerad-8-150x150.jpg 150w, https:\/\/www.infraestruturameioambiente.sp.gov.br\/institutodebotanica\/wp-content\/uploads\/sites\/235\/2013\/12\/12Foto_Cerad-8-600x600.jpg 600w\" sizes=\"(max-width: 150px) 100vw, 150px\" \/><\/a>\n\t\t\t\t<\/div><\/div><\/div>\n<\/div>\n<p style=\"text-align: justify\">Participando do processo hist\u00f3rico de eventos cient\u00edficos na \u00e1rea da restaura\u00e7\u00e3o ecol\u00f3gica, o Instituto de Bot\u00e2nica organizou e realizou o 1\u00ba Simp\u00f3sio sobre Mata Ciliar, em abril de 1989. Desde ent\u00e3o, foram realizados mais de 20 eventos com a comunidade cient\u00edfica, al\u00e9m de muitos cursos de capacita\u00e7\u00e3o, abrangendo v\u00e1rios aspectos da restaura\u00e7\u00e3o ecol\u00f3gica de \u00e1reas degradadas. Estes eventos t\u00eam como principal objetivo promover a atualiza\u00e7\u00e3o e a troca de experi\u00eancias sobre restaura\u00e7\u00e3o ecol\u00f3gica, nos \u00e2mbitos nacional e internacional.<br \/>\nAl\u00e9m disso, orienta alunos e oferece, para cursos de p\u00f3s-gradua\u00e7\u00e3o, disciplinas espec\u00edficas sobre o tema, como \u201cPrinc\u00edpios, Ferramentas e A\u00e7\u00f5es para a Restaura\u00e7\u00e3o Ecol\u00f3gica de \u00c1reas Degradadas\u201d e \u201cBiologia de Sementes de Esp\u00e9cies Tropicais\u201d. Com corpo t\u00e9cnico de excel\u00eancia , participa ativamente na composi\u00e7\u00e3o de bancas examinadoras de p\u00f3s-gradua\u00e7\u00e3o e palestras em eventos cient\u00edficos<\/p>\n","protected":false},"excerpt":{"rendered":"<p>Participando do processo hist\u00f3rico de eventos cient\u00edficos na \u00e1rea da restaura\u00e7\u00e3o ecol\u00f3gica, o Instituto de Bot\u00e2nica organizou e realizou o 1\u00ba Simp\u00f3sio sobre Mata Ciliar, em abril de 1989. Desde ent\u00e3o, foram realizados mais de 20 eventos com a comunidade cient\u00edfica, al\u00e9m de muitos cursos de capacita\u00e7\u00e3o, abrangendo v\u00e1rios aspectos da restaura\u00e7\u00e3o ecol\u00f3gica de \u00e1reas [&hellip;]<\/p>\n","protected":false},"author":39,"featured_media":0,"parent":15874,"menu_order":1,"comment_status":"closed","ping_status":"closed","template":"","meta":[],"_links":{"self":[{"href":"https:\/\/www.infraestruturameioambiente.sp.gov.br\/institutodebotanica\/wp-json\/wp\/v2\/pages\/15883"}],"collection":[{"href":"https:\/\/www.infraestruturameioambiente.sp.gov.br\/institutodebotanica\/wp-json\/wp\/v2\/pages"}],"about":[{"href":"https:\/\/www.infraestruturameioambiente.sp.gov.br\/institutodebotanica\/wp-json\/wp\/v2\/types\/page"}],"author":[{"embeddable":true,"href":"https:\/\/www.infraestruturameioambiente.sp.gov.br\/institutodebotanica\/wp-json\/wp\/v2\/users\/39"}],"replies":[{"embeddable":true,"href":"https:\/\/www.infraestruturameioambiente.sp.gov.br\/institutodebotanica\/wp-json\/wp\/v2\/comments?post=15883"}],"version-history":[{"count":2,"href":"https:\/\/www.infraestruturameioambiente.sp.gov.br\/institutodebotanica\/wp-json\/wp\/v2\/pages\/15883\/revisions"}],"predecessor-version":[{"id":16324,"href":"https:\/\/www.infraestruturameioambiente.sp.gov.br\/institutodebotanica\/wp-json\/wp\/v2\/pages\/15883\/revisions\/16324"}],"up":[{"embeddable":true,"href":"https:\/\/www.infraestruturameioambiente.sp.gov.br\/institutodebotanica\/wp-json\/wp\/v2\/pages\/15874"}],"wp:attachment":[{"href":"https:\/\/www.infraestruturameioambiente.sp.gov.br\/institutodebotanica\/wp-json\/wp\/v2\/media?parent=15883"}],"curies":[{"name":"wp","href":"https:\/\/api.w.org\/{rel}","templated":true}]}}