{"id":157,"date":"2011-11-10T18:23:54","date_gmt":"2011-11-10T18:23:54","guid":{"rendered":"https:\/\/www.infraestruturameioambiente.sp.gov.br\/institutodebotanica\/?page_id=157"},"modified":"2023-07-10T12:08:51","modified_gmt":"2023-07-10T15:08:51","slug":"identificacao-de-plantas","status":"publish","type":"page","link":"https:\/\/www.infraestruturameioambiente.sp.gov.br\/institutodebotanica\/servicos\/identificacao-de-plantas\/","title":{"rendered":"Identifica\u00e7\u00e3o de Plantas"},"content":{"rendered":"<p style=\"text-align: left\">O Herb\u00e1rio do <strong>IPA &#8211; Instituto de Pesquisas Ambientais<\/strong> mant\u00e9m um servi\u00e7o de identifica\u00e7\u00e3o de esp\u00e9cies vegetais, destinado ao atendimento de empresas e ao p\u00fablico em geral.<\/p>\n<p style=\"text-align: left\">A identifica\u00e7\u00e3o de uma amostra inclui o fornecimento do nome cient\u00edfico e proced\u00eancia da esp\u00e9cie. Informa\u00e7\u00f5es mais detalhadas, que necessitem levantamento bibliogr\u00e1fico, n\u00e3o est\u00e3o inclu\u00eddas na identifica\u00e7\u00e3o padr\u00e3o. Para a realiza\u00e7\u00e3o do or\u00e7amento, \u00e9 necess\u00e1rio enviar uma amostra do vegetal para avalia\u00e7\u00e3o dos especialistas: um ramo com folhas ou a planta inteira, se esta for pequena, se poss\u00edvel com flores e\/ou frutos. Fotos digitais tamb\u00e9m podem servir para identifica\u00e7\u00e3o. Enviar fotos com \u00e2ngulos diferentes e informa\u00e7\u00f5es sobre a altura e o local onde a planta foi encontrada.<\/p>\n<p style=\"text-align: left\">Maiores informa\u00e7\u00f5es podem ser obtidas pelo telefone: (11) 5067-6083<\/p>\n<p style=\"text-align: left\"><strong>Endere\u00e7o para envio do material:<\/strong><br \/>\nHerb\u00e1rio \u2013 Servi\u00e7o de Identifica\u00e7\u00e3o<br \/>\nInstituto de Pesquisas Ambientais &#8211; IPA<br \/>\nUnidade Jardim Bot\u00e2nico<br \/>\nAv. Miguel Estefno, 3687 &#8211; \u00c1gua Funda<br \/>\nCEP.: 04301-902 &#8211; S\u00e3o Paulo &#8211; SP<\/p>\n","protected":false},"excerpt":{"rendered":"<p>O Herb\u00e1rio do IPA &#8211; Instituto de Pesquisas Ambientais mant\u00e9m um servi\u00e7o de identifica\u00e7\u00e3o de esp\u00e9cies vegetais, destinado ao atendimento de empresas e ao p\u00fablico em geral. A identifica\u00e7\u00e3o de uma amostra inclui o fornecimento do nome cient\u00edfico e proced\u00eancia da esp\u00e9cie. Informa\u00e7\u00f5es mais detalhadas, que necessitem levantamento bibliogr\u00e1fico, n\u00e3o est\u00e3o inclu\u00eddas na identifica\u00e7\u00e3o padr\u00e3o. [&hellip;]<\/p>\n","protected":false},"author":1,"featured_media":0,"parent":2328,"menu_order":0,"comment_status":"open","ping_status":"open","template":"","meta":[],"_links":{"self":[{"href":"https:\/\/www.infraestruturameioambiente.sp.gov.br\/institutodebotanica\/wp-json\/wp\/v2\/pages\/157"}],"collection":[{"href":"https:\/\/www.infraestruturameioambiente.sp.gov.br\/institutodebotanica\/wp-json\/wp\/v2\/pages"}],"about":[{"href":"https:\/\/www.infraestruturameioambiente.sp.gov.br\/institutodebotanica\/wp-json\/wp\/v2\/types\/page"}],"author":[{"embeddable":true,"href":"https:\/\/www.infraestruturameioambiente.sp.gov.br\/institutodebotanica\/wp-json\/wp\/v2\/users\/1"}],"replies":[{"embeddable":true,"href":"https:\/\/www.infraestruturameioambiente.sp.gov.br\/institutodebotanica\/wp-json\/wp\/v2\/comments?post=157"}],"version-history":[{"count":7,"href":"https:\/\/www.infraestruturameioambiente.sp.gov.br\/institutodebotanica\/wp-json\/wp\/v2\/pages\/157\/revisions"}],"predecessor-version":[{"id":24067,"href":"https:\/\/www.infraestruturameioambiente.sp.gov.br\/institutodebotanica\/wp-json\/wp\/v2\/pages\/157\/revisions\/24067"}],"up":[{"embeddable":true,"href":"https:\/\/www.infraestruturameioambiente.sp.gov.br\/institutodebotanica\/wp-json\/wp\/v2\/pages\/2328"}],"wp:attachment":[{"href":"https:\/\/www.infraestruturameioambiente.sp.gov.br\/institutodebotanica\/wp-json\/wp\/v2\/media?parent=157"}],"curies":[{"name":"wp","href":"https:\/\/api.w.org\/{rel}","templated":true}]}}