{"id":15241,"date":"2013-11-28T16:44:42","date_gmt":"2013-11-28T18:44:42","guid":{"rendered":"https:\/\/www.infraestruturameioambiente.sp.gov.br\/institutodebotanica\/?page_id=15241"},"modified":"2018-10-29T12:21:17","modified_gmt":"2018-10-29T14:21:17","slug":"pesquisadores-nucleo-micologia-e-liquenologia","status":"publish","type":"page","link":"https:\/\/www.infraestruturameioambiente.sp.gov.br\/institutodebotanica\/pesquisadores-nucleo-micologia-e-liquenologia\/","title":{"rendered":"Pesquisadores &#8211; N\u00facleo Micologia e Liquenologia"},"content":{"rendered":"<p><img decoding=\"async\" loading=\"lazy\" class=\"alignleft wp-image-15908 size-full\" src=\"https:\/\/www.infraestruturameioambiente.sp.gov.br\/institutodebotanica\/wp-content\/uploads\/sites\/235\/2013\/10\/semfoto.jpg\" alt=\"\" width=\"95\" height=\"99\" srcset=\"https:\/\/www.infraestruturameioambiente.sp.gov.br\/institutodebotanica\/wp-content\/uploads\/sites\/235\/2013\/10\/semfoto.jpg 95w, https:\/\/www.infraestruturameioambiente.sp.gov.br\/institutodebotanica\/wp-content\/uploads\/sites\/235\/2013\/10\/semfoto-93x97.jpg 93w, https:\/\/www.infraestruturameioambiente.sp.gov.br\/institutodebotanica\/wp-content\/uploads\/sites\/235\/2013\/10\/semfoto-65x68.jpg 65w, https:\/\/www.infraestruturameioambiente.sp.gov.br\/institutodebotanica\/wp-content\/uploads\/sites\/235\/2013\/10\/semfoto-67x70.jpg 67w\" sizes=\"(max-width: 95px) 100vw, 95px\" \/><strong>Dra. Adriana de Mello Gugliotta<\/strong><\/p>\n<p style=\"text-align: justify\">Possui gradua\u00e7\u00e3o em Ci\u00eancias Biol\u00f3gicas pela Universidade de S\u00e3o Paulo (1989), mestrado em Ci\u00eancias Biol\u00f3gicas (Bot\u00e2nica) pela Universidade de S\u00e3o Paulo (1994) e doutorado em Ci\u00eancias Biol\u00f3gicas (Bot\u00e2nica) pela Universidade de S\u00e3o Paulo (2001). \u00c9 Pesquisadora Cient\u00edfica VI no N\u00facleo de Pesquisa em Micologia do Instituto de Bot\u00e2nica. Atualmente \u00e9 Diretora do Centro de Plantas Avasculares e Fungos, e Curadora da Cole\u00e7\u00e3o de Fungos do Herb\u00e1rio do Instituto de Bot\u00e2nica. Atua tamb\u00e9m como docente e orientadora no curso de p\u00f3s gradua\u00e7\u00e3o ?Biodiversidade Vegetal e Meio Ambiente? do Instituto de Bot\u00e2nica. Tem experi\u00eancia na \u00e1rea de Bot\u00e2nica, com \u00eanfase em Taxonomia de Fungos, atuando principalmente nos seguintes temas: basidiomicetos, biodiversidade, taxonomia, mata atl\u00e2ntica e biorremedia\u00e7\u00e3o.<span class=\"texto\">\u00a0<strong>(Texto informado pelo autor)<\/strong><\/span><\/p>\n<ul>\n<li style=\"text-align: justify\"><strong>E-mail: <\/strong><a href=\"mailto:agugliotta@ibot.sp.gov.br\" target=\"_blank\" rel=\"noopener\">agugliotta@ibot.sp.gov.br<\/a><\/li>\n<li><a href=\"http:\/\/lattes.cnpq.br\/7524655663585223\" target=\"_blank\" rel=\"noopener\">Curr\u00edculo Lattes<\/a><\/li>\n<\/ul>\n<p>&#8212;&#8212;&#8212;&#8212;&#8212;&#8212;&#8212;&#8212;&#8212;&#8212;&#8212;&#8212;&#8212;&#8212;&#8212;&#8212;&#8212;&#8212;&#8212;&#8212;&#8212;&#8212;&#8212;&#8212;&#8212;&#8212;&#8212;&#8212;&#8212;&#8212;&#8212;&#8212;&#8212;&#8212;&#8212;&#8212;&#8212;&#8212;&#8212;&#8212;&#8212;&#8212;&#8212;&#8212;&#8212;&#8212;&#8212;&#8212;&#8212;&#8212;&#8211;<\/p>\n<p style=\"text-align: justify\"><img decoding=\"async\" loading=\"lazy\" class=\"wp-image-21334 alignleft\" src=\"https:\/\/www.infraestruturameioambiente.sp.gov.br\/institutodebotanica\/wp-content\/uploads\/sites\/235\/2013\/11\/Carmen-Pires.jpg\" alt=\"\" width=\"95\" height=\"127\" srcset=\"https:\/\/www.infraestruturameioambiente.sp.gov.br\/institutodebotanica\/wp-content\/uploads\/sites\/235\/2013\/11\/Carmen-Pires.jpg 141w, https:\/\/www.infraestruturameioambiente.sp.gov.br\/institutodebotanica\/wp-content\/uploads\/sites\/235\/2013\/11\/Carmen-Pires-116x155.jpg 116w, https:\/\/www.infraestruturameioambiente.sp.gov.br\/institutodebotanica\/wp-content\/uploads\/sites\/235\/2013\/11\/Carmen-Pires-73x97.jpg 73w, https:\/\/www.infraestruturameioambiente.sp.gov.br\/institutodebotanica\/wp-content\/uploads\/sites\/235\/2013\/11\/Carmen-Pires-51x68.jpg 51w, https:\/\/www.infraestruturameioambiente.sp.gov.br\/institutodebotanica\/wp-content\/uploads\/sites\/235\/2013\/11\/Carmen-Pires-97x129.jpg 97w, https:\/\/www.infraestruturameioambiente.sp.gov.br\/institutodebotanica\/wp-content\/uploads\/sites\/235\/2013\/11\/Carmen-Pires-74x99.jpg 74w, https:\/\/www.infraestruturameioambiente.sp.gov.br\/institutodebotanica\/wp-content\/uploads\/sites\/235\/2013\/11\/Carmen-Pires-53x70.jpg 53w\" sizes=\"(max-width: 95px) 100vw, 95px\" \/><\/p>\n<p style=\"text-align: justify\"><strong>Dra.\u00a0Carmen L\u00eddia Amorim Pires-Zottarelli<\/strong><\/p>\n<p class=\"resumo\" style=\"text-align: justify\">Possui gradua\u00e7\u00e3o em Ci\u00eancias Biol\u00f3gicas pela Universidade Estadual Paulista J\u00falio de Mesquita Filho (1984), mestrado em Ci\u00eancias Biol\u00f3gicas (Biologia Vegetal) pela Universidade Estadual Paulista J\u00falio de Mesquita Filho (1990) e doutorado em Ci\u00eancias Biol\u00f3gicas (Biologia Vegetal) pela Universidade Estadual Paulista J\u00falio de Mesquita Filho (1999). \u00c9 pesquisadora cient\u00edfica do N\u00facleo de Pesquisa em Micologia do Instituto de Bot\u00e2nica. Tem experi\u00eancia na \u00e1rea de Bot\u00e2nica, com \u00eanfase em Taxonomia de Cript\u00f3gamos, atuando nos seguintes temas: biodiversidade, Blastocladiomycota, Chytridiomycota, Hyphochytriomycota, Oomycota, taxonomia, Mata Atl\u00e2ntica, ecologia, fitopatologia, controle biol\u00f3gico. Atua tamb\u00e9m como docente e orientadora no curso de p\u00f3s gradua\u00e7\u00e3o &#8220;Biodiversidade vegetal e meio ambiente&#8221; do Instituto de Bot\u00e2nica de S\u00e3o Paulo. Atuou como Vice-Coordenadora do curso de p\u00f3s-gradu\u00e7\u00e3o do Instituto de Bot\u00e2nica de 2010 a 2013.<span class=\"texto\">\u00a0(Texto informado pelo autor)<\/span><\/p>\n<ul>\n<li><strong>E-mail:\u00a0<\/strong><a href=\"mailto:zottarelli@uol.com.br\">zottarelli@uol.com.br<\/a><\/li>\n<li style=\"text-align: justify\"><a href=\"http:\/\/lattes.cnpq.br\/7114877007326447\" target=\"_blank\" rel=\"noopener\">Curr\u00edculo Lattes<\/a><\/li>\n<\/ul>\n<p>&#8212;&#8212;&#8212;&#8212;&#8212;&#8212;&#8212;&#8212;&#8212;&#8212;&#8212;&#8212;&#8212;&#8212;&#8212;&#8212;&#8212;&#8212;&#8212;&#8212;&#8212;&#8212;&#8212;&#8212;&#8212;&#8212;&#8212;&#8212;&#8212;&#8212;&#8212;&#8212;&#8212;&#8212;&#8212;&#8212;&#8212;&#8212;&#8212;&#8212;&#8212;&#8212;&#8212;&#8212;&#8212;&#8212;&#8212;&#8212;&#8212;&#8212;&#8211;<\/p>\n<p style=\"text-align: justify\"><img decoding=\"async\" loading=\"lazy\" class=\"wp-image-21336 alignleft\" src=\"https:\/\/www.infraestruturameioambiente.sp.gov.br\/institutodebotanica\/wp-content\/uploads\/sites\/235\/2013\/11\/Iracema-Crusius.jpg\" alt=\"\" width=\"95\" height=\"127\" srcset=\"https:\/\/www.infraestruturameioambiente.sp.gov.br\/institutodebotanica\/wp-content\/uploads\/sites\/235\/2013\/11\/Iracema-Crusius.jpg 540w, https:\/\/www.infraestruturameioambiente.sp.gov.br\/institutodebotanica\/wp-content\/uploads\/sites\/235\/2013\/11\/Iracema-Crusius-225x300.jpg 225w, https:\/\/www.infraestruturameioambiente.sp.gov.br\/institutodebotanica\/wp-content\/uploads\/sites\/235\/2013\/11\/Iracema-Crusius-203x270.jpg 203w, https:\/\/www.infraestruturameioambiente.sp.gov.br\/institutodebotanica\/wp-content\/uploads\/sites\/235\/2013\/11\/Iracema-Crusius-116x155.jpg 116w, https:\/\/www.infraestruturameioambiente.sp.gov.br\/institutodebotanica\/wp-content\/uploads\/sites\/235\/2013\/11\/Iracema-Crusius-73x97.jpg 73w, https:\/\/www.infraestruturameioambiente.sp.gov.br\/institutodebotanica\/wp-content\/uploads\/sites\/235\/2013\/11\/Iracema-Crusius-51x68.jpg 51w, https:\/\/www.infraestruturameioambiente.sp.gov.br\/institutodebotanica\/wp-content\/uploads\/sites\/235\/2013\/11\/Iracema-Crusius-151x201.jpg 151w, https:\/\/www.infraestruturameioambiente.sp.gov.br\/institutodebotanica\/wp-content\/uploads\/sites\/235\/2013\/11\/Iracema-Crusius-97x129.jpg 97w, https:\/\/www.infraestruturameioambiente.sp.gov.br\/institutodebotanica\/wp-content\/uploads\/sites\/235\/2013\/11\/Iracema-Crusius-74x99.jpg 74w, https:\/\/www.infraestruturameioambiente.sp.gov.br\/institutodebotanica\/wp-content\/uploads\/sites\/235\/2013\/11\/Iracema-Crusius-53x70.jpg 53w\" sizes=\"(max-width: 95px) 100vw, 95px\" \/><\/p>\n<p style=\"text-align: justify\"><strong>Dra.\u00a0Iracema Helena Schoenlein-Crusius<\/strong><\/p>\n<p style=\"text-align: justify\">Possui gradua\u00e7\u00e3o em Licenciatura em Ci\u00eancias Biol\u00f3gicas pelo Centro Universit\u00e1rio Herminio Ometto (1983), mestrado (1987) e doutorado (1993) em Ci\u00eancias Biol\u00f3gicas (Biologia Vegetal) pela UNESP, Rio Claro, SP. \u00c9 Pesquisadora Cient\u00edfica n\u00edvel VI no Instituto de Bot\u00e2nica (IBt) desde 1987. Recentemente foi Assessora da Assist\u00eancia T\u00e9cnica de Programa\u00e7\u00e3o do IBt e tamb\u00e9m Coordenadora da \u00e1rea de plantas avasculares e fungos do programa de p\u00f3s-gradua\u00e7\u00e3o &#8220;Biodiversidade Vegetal e Meio Ambiente&#8221;. Foi Diretora do N\u00facleo de Pesquisas em Micologia do IBt e \u00e9 membro do comit\u00ea do IBt para bolsas do PIBIC. Foi orientadora credenciada no curso de p\u00f3s-gradua\u00e7\u00e3o da UNESP em Rio Claro, na \u00e1rea de Microbiologia Aplicada. Na Sociedade Bot\u00e2nica de S\u00e3o Paulo foi Editor da \u00e1rea de Cript\u00f3gamas e Fungos na Revista Brasileira de Bot\u00e2nica foi presidente da SBSP em duas gest\u00f5es. Foi Editora de \u00e1rea da Revista Hoehnea e Acta Botanica Brasilica. \u00c9 Conselheira Titular no Conselho Regional de Biologia, CRBio-I, atuando no Comit\u00ea de \u00c9tica. Tem experi\u00eancia na \u00e1rea de Microbiologia, com \u00eanfase em Micologia, atuando principalmente nos seguintes temas: biodiversidade, hyphomycetes aquaticos, sistem\u00e1tica e ecologia de fungos aqu\u00e1ticos e terrestres, metais pesados e influ\u00eancias antr\u00f3picas sobre a diversidade de fungos.<span class=\"texto\">\u00a0<strong>(Texto informado pelo autor)<\/strong><\/span><\/p>\n<ul>\n<li><strong>E-mail:\u00a0<\/strong><a href=\"mailto:iracema@crusius.com.br\">iracema@crusius.com.br<\/a><\/li>\n<li style=\"text-align: justify\"><a href=\"http:\/\/buscatextual.cnpq.br\/buscatextual\/visualizacv.do?id=K4728959Z4\" target=\"_blank\" rel=\"noopener\">Curr\u00edculo Lattes<\/a><\/li>\n<\/ul>\n<p>&#8212;&#8212;&#8212;&#8212;&#8212;&#8212;&#8212;&#8212;&#8212;&#8212;&#8212;&#8212;&#8212;&#8212;&#8212;&#8212;&#8212;&#8212;&#8212;&#8212;&#8212;&#8212;&#8212;&#8212;&#8212;&#8212;&#8212;&#8212;&#8212;&#8212;&#8212;&#8212;&#8212;&#8212;&#8212;&#8212;&#8212;&#8212;&#8212;&#8212;&#8212;&#8212;&#8212;&#8212;&#8212;&#8212;&#8212;&#8212;&#8212;&#8212;&#8211;<\/p>\n<p style=\"text-align: justify\"><strong><img decoding=\"async\" loading=\"lazy\" class=\"wp-image-21337 alignleft\" src=\"https:\/\/www.infraestruturameioambiente.sp.gov.br\/institutodebotanica\/wp-content\/uploads\/sites\/235\/2013\/11\/Marcelo-Marcelli.jpg\" alt=\"\" width=\"95\" height=\"119\" srcset=\"https:\/\/www.infraestruturameioambiente.sp.gov.br\/institutodebotanica\/wp-content\/uploads\/sites\/235\/2013\/11\/Marcelo-Marcelli.jpg 1399w, https:\/\/www.infraestruturameioambiente.sp.gov.br\/institutodebotanica\/wp-content\/uploads\/sites\/235\/2013\/11\/Marcelo-Marcelli-240x300.jpg 240w, https:\/\/www.infraestruturameioambiente.sp.gov.br\/institutodebotanica\/wp-content\/uploads\/sites\/235\/2013\/11\/Marcelo-Marcelli-768x959.jpg 768w, https:\/\/www.infraestruturameioambiente.sp.gov.br\/institutodebotanica\/wp-content\/uploads\/sites\/235\/2013\/11\/Marcelo-Marcelli-216x270.jpg 216w, https:\/\/www.infraestruturameioambiente.sp.gov.br\/institutodebotanica\/wp-content\/uploads\/sites\/235\/2013\/11\/Marcelo-Marcelli-124x155.jpg 124w, https:\/\/www.infraestruturameioambiente.sp.gov.br\/institutodebotanica\/wp-content\/uploads\/sites\/235\/2013\/11\/Marcelo-Marcelli-78x97.jpg 78w, https:\/\/www.infraestruturameioambiente.sp.gov.br\/institutodebotanica\/wp-content\/uploads\/sites\/235\/2013\/11\/Marcelo-Marcelli-54x68.jpg 54w, https:\/\/www.infraestruturameioambiente.sp.gov.br\/institutodebotanica\/wp-content\/uploads\/sites\/235\/2013\/11\/Marcelo-Marcelli-161x201.jpg 161w, https:\/\/www.infraestruturameioambiente.sp.gov.br\/institutodebotanica\/wp-content\/uploads\/sites\/235\/2013\/11\/Marcelo-Marcelli-103x129.jpg 103w, https:\/\/www.infraestruturameioambiente.sp.gov.br\/institutodebotanica\/wp-content\/uploads\/sites\/235\/2013\/11\/Marcelo-Marcelli-79x99.jpg 79w, https:\/\/www.infraestruturameioambiente.sp.gov.br\/institutodebotanica\/wp-content\/uploads\/sites\/235\/2013\/11\/Marcelo-Marcelli-56x70.jpg 56w\" sizes=\"(max-width: 95px) 100vw, 95px\" \/>Dr.\u00a0Marcelo Pinto Marcelli<\/strong><\/p>\n<p style=\"text-align: justify\">possui gradua\u00e7\u00e3o em Bacharelado e Licenciatura Em Ci\u00eancias Biol\u00f3gicas pela Universidade de S\u00e3o Paulo (1978) e doutorado em Ci\u00eancias Biol\u00f3gicas (Bot\u00e2nica) pela Universidade de S\u00e3o Paulo (1987). Atualmente \u00e9 pesquisador\/professor convidado da Universidade Estadual Paulista J\u00falio de Mesquita Filho e pesquisador cient\u00edfico n\u00edvel VI do Instituto de Bot\u00e2nica. Tem experi\u00eancia na \u00e1rea de Bot\u00e2nica, com \u00eanfase em Liquenologia, atuando principalmente nos seguintes temas: liquens, fungos liquenizados, taxonomia vegetal, ecologia de cript\u00f3gamas ep\u00edfitas.<span class=\"texto\">\u00a0<strong>(Texto informado pelo autor)<\/strong><\/span><\/p>\n<ul>\n<li style=\"text-align: justify\"><strong>E-mail:\u00a0<\/strong><a href=\"mailto:mpmarcelli@msn.com\">mpmarcelli@msn.com<\/a><\/li>\n<li><a href=\"http:\/\/buscatextual.cnpq.br\/buscatextual\/visualizacv.do?id=K4783575D4\" target=\"_blank\" rel=\"noopener\">Curr\u00edculo Lattes<\/a><\/li>\n<\/ul>\n<p>&#8212;&#8212;&#8212;&#8212;&#8212;&#8212;&#8212;&#8212;&#8212;&#8212;&#8212;&#8212;&#8212;&#8212;&#8212;&#8212;&#8212;&#8212;&#8212;&#8212;&#8212;&#8212;&#8212;&#8212;&#8212;&#8212;&#8212;&#8212;&#8212;&#8212;&#8212;&#8212;&#8212;&#8212;&#8212;&#8212;&#8212;&#8212;&#8212;&#8212;&#8212;&#8212;&#8212;&#8212;&#8212;&#8212;&#8212;&#8212;&#8212;&#8212;&#8211;<span style=\"line-height: 1.5em\">&#8211;<\/span><\/p>\n<p><img decoding=\"async\" loading=\"lazy\" class=\"wp-image-21338 alignleft\" src=\"https:\/\/www.infraestruturameioambiente.sp.gov.br\/institutodebotanica\/wp-content\/uploads\/sites\/235\/2013\/11\/Michel-Benatti.jpg\" alt=\"\" width=\"95\" height=\"100\" srcset=\"https:\/\/www.infraestruturameioambiente.sp.gov.br\/institutodebotanica\/wp-content\/uploads\/sites\/235\/2013\/11\/Michel-Benatti.jpg 508w, https:\/\/www.infraestruturameioambiente.sp.gov.br\/institutodebotanica\/wp-content\/uploads\/sites\/235\/2013\/11\/Michel-Benatti-286x300.jpg 286w, https:\/\/www.infraestruturameioambiente.sp.gov.br\/institutodebotanica\/wp-content\/uploads\/sites\/235\/2013\/11\/Michel-Benatti-257x270.jpg 257w, https:\/\/www.infraestruturameioambiente.sp.gov.br\/institutodebotanica\/wp-content\/uploads\/sites\/235\/2013\/11\/Michel-Benatti-148x155.jpg 148w, https:\/\/www.infraestruturameioambiente.sp.gov.br\/institutodebotanica\/wp-content\/uploads\/sites\/235\/2013\/11\/Michel-Benatti-92x97.jpg 92w, https:\/\/www.infraestruturameioambiente.sp.gov.br\/institutodebotanica\/wp-content\/uploads\/sites\/235\/2013\/11\/Michel-Benatti-65x68.jpg 65w, https:\/\/www.infraestruturameioambiente.sp.gov.br\/institutodebotanica\/wp-content\/uploads\/sites\/235\/2013\/11\/Michel-Benatti-192x201.jpg 192w, https:\/\/www.infraestruturameioambiente.sp.gov.br\/institutodebotanica\/wp-content\/uploads\/sites\/235\/2013\/11\/Michel-Benatti-123x129.jpg 123w, https:\/\/www.infraestruturameioambiente.sp.gov.br\/institutodebotanica\/wp-content\/uploads\/sites\/235\/2013\/11\/Michel-Benatti-94x99.jpg 94w, https:\/\/www.infraestruturameioambiente.sp.gov.br\/institutodebotanica\/wp-content\/uploads\/sites\/235\/2013\/11\/Michel-Benatti-67x70.jpg 67w\" sizes=\"(max-width: 95px) 100vw, 95px\" \/><\/p>\n<p style=\"text-align: justify\"><strong>Dr.\u00a0Michel Navarro Benatti<\/strong><\/p>\n<p style=\"text-align: justify\">Possui Licenciatura Plena (1999) e Bacharelado (2000) em Ci\u00eancias Biol\u00f3gicas pela Universidade do Grande ABC, Mestrado (2005) e Doutorado (2010) em Biodiversidade Vegetal e Meio Ambiente pelo Instituto de Bot\u00e2nica da Secretaria do Meio Ambiente do Estado de S\u00e3o Paulo, onde atualmente \u00e9 Pesquisador Cient\u00edfico n\u00edvel 5 (tendo ingressado na carreira em 2004), Professor colaborador do Programa de P\u00f3s-Gradua\u00e7\u00e3o em Biodiversidade Vegetal e Meio Ambiente (desde 2011), Editor Assistente da Revista Hoehnea (desde 2012) e Editor Respons\u00e1vel pelos folhetos manuais e publica\u00e7\u00f5es online do Instituto de Bot\u00e2nica (desde 2014). Foi Curador da cole\u00e7\u00e3o de liquens do herb\u00e1rio seccional de fungos do Herb\u00e1rio SP (2005 a 2013), e tamb\u00e9m Curador da cole\u00e7\u00e3o de fungos (2011 a 2013). Tem experi\u00eancia na \u00e1rea de Bot\u00e2nica com \u00eanfase em Liquenologia, em estudos de taxonomia e flor\u00edstica de fungos liquenizados, atuando principalmente nos seguintes temas: Liquens, Taxonomia, Sistem\u00e1tica, Estado de S\u00e3o Paulo e Parmeliaceae.<span class=\"texto\">\u00a0<strong>(Texto informado pelo autor)<\/strong><\/span><\/p>\n<ul>\n<li style=\"text-align: justify\"><strong>E-mail:\u00a0<\/strong><a href=\"mailto:michel_benatti@yahoo.com.br\">michel_benatti@yahoo.com.br<\/a><\/li>\n<li style=\"text-align: justify\"><a href=\"http:\/\/lattes.cnpq.br\/2122925717109387\" target=\"_blank\" rel=\"noopener\">Curr\u00edculo Lattes<\/a><\/li>\n<\/ul>\n<p style=\"text-align: left\">&#8212;&#8212;&#8212;&#8212;&#8212;&#8212;&#8212;&#8212;&#8212;&#8212;&#8212;&#8212;&#8212;&#8212;&#8212;&#8212;&#8212;&#8212;&#8212;&#8212;&#8212;&#8212;&#8212;&#8212;&#8212;&#8212;&#8212;&#8212;&#8212;&#8212;&#8212;&#8212;&#8212;&#8212;&#8212;&#8212;&#8212;&#8212;&#8212;&#8212;&#8212;&#8212;&#8212;&#8212;&#8212;&#8212;&#8212;&#8212;&#8212;&#8212;&#8211;<\/p>\n<p style=\"text-align: justify\"><strong><img decoding=\"async\" loading=\"lazy\" class=\"alignleft wp-image-15908 size-full\" src=\"https:\/\/www.infraestruturameioambiente.sp.gov.br\/institutodebotanica\/wp-content\/uploads\/sites\/235\/2013\/10\/semfoto.jpg\" alt=\"\" width=\"95\" height=\"99\" srcset=\"https:\/\/www.infraestruturameioambiente.sp.gov.br\/institutodebotanica\/wp-content\/uploads\/sites\/235\/2013\/10\/semfoto.jpg 95w, https:\/\/www.infraestruturameioambiente.sp.gov.br\/institutodebotanica\/wp-content\/uploads\/sites\/235\/2013\/10\/semfoto-93x97.jpg 93w, https:\/\/www.infraestruturameioambiente.sp.gov.br\/institutodebotanica\/wp-content\/uploads\/sites\/235\/2013\/10\/semfoto-65x68.jpg 65w, https:\/\/www.infraestruturameioambiente.sp.gov.br\/institutodebotanica\/wp-content\/uploads\/sites\/235\/2013\/10\/semfoto-67x70.jpg 67w\" sizes=\"(max-width: 95px) 100vw, 95px\" \/>Dra.\u00a0Vera Maria Valle Vitali<\/strong><\/p>\n<p style=\"text-align: justify\">Possui gradua\u00e7\u00e3o em Ecologia pela Universidade Estadual Paulista J\u00falio de Mesquita Filho (1989), mestrado em Ci\u00eancias Biol\u00f3gicas (Biologia Vegetal) pela Universidade Estadual Paulista J\u00falio de Mesquita Filho (1995) e doutorado em Ci\u00eancias Biol\u00f3gicas (Microbiologia Aplicada) pela Universidade Estadual Paulista J\u00falio de Mesquita Filho (2005). Atualmente \u00e9 pesquisadora cient\u00edfica 2 do Instituto de Bot\u00e2nica. Tem experi\u00eancia na \u00e1rea de Microbiologia, com \u00eanfase em micologia, atuando principalmente nos seguintes temas: basidiomiceto, biorremedia\u00e7\u00e3o, biodegrada\u00e7\u00e3o, poluentes org\u00e2nicos<span class=\"texto\">\u00a0<strong>(Texto informado pelo autor)<\/strong><\/span><\/p>\n<ul>\n<li style=\"text-align: justify\"><strong>E-mail:\u00a0<\/strong><a href=\"mailto:vvitaliibot@gmail.com\">vvitaliibot@gmail.com<\/a><\/li>\n<li style=\"text-align: justify\"><a href=\"http:\/\/lattes.cnpq.br\/6137997220541039\" target=\"_blank\" rel=\"noopener\">Curr\u00edculo Lattes<\/a><\/li>\n<\/ul>\n<p style=\"text-align: left\">&#8212;&#8212;&#8212;&#8212;&#8212;&#8212;&#8212;&#8212;&#8212;&#8212;&#8212;&#8212;&#8212;&#8212;&#8212;&#8212;&#8212;&#8212;&#8212;&#8212;&#8212;&#8212;&#8212;&#8212;&#8212;&#8212;&#8212;&#8212;&#8212;&#8212;&#8212;&#8212;&#8212;&#8212;&#8212;&#8212;&#8212;&#8212;&#8212;&#8212;&#8212;&#8212;&#8212;&#8212;&#8212;&#8212;&#8212;&#8212;&#8212;&#8212;&#8211;<\/p>\n","protected":false},"excerpt":{"rendered":"<p>Dra. Adriana de Mello Gugliotta Possui gradua\u00e7\u00e3o em Ci\u00eancias Biol\u00f3gicas pela Universidade de S\u00e3o Paulo (1989), mestrado em Ci\u00eancias Biol\u00f3gicas (Bot\u00e2nica) pela Universidade de S\u00e3o Paulo (1994) e doutorado em Ci\u00eancias Biol\u00f3gicas (Bot\u00e2nica) pela Universidade de S\u00e3o Paulo (2001). \u00c9 Pesquisadora Cient\u00edfica VI no N\u00facleo de Pesquisa em Micologia do Instituto de Bot\u00e2nica. Atualmente \u00e9 [&hellip;]<\/p>\n","protected":false},"author":58,"featured_media":0,"parent":0,"menu_order":0,"comment_status":"open","ping_status":"open","template":"","meta":[],"_links":{"self":[{"href":"https:\/\/www.infraestruturameioambiente.sp.gov.br\/institutodebotanica\/wp-json\/wp\/v2\/pages\/15241"}],"collection":[{"href":"https:\/\/www.infraestruturameioambiente.sp.gov.br\/institutodebotanica\/wp-json\/wp\/v2\/pages"}],"about":[{"href":"https:\/\/www.infraestruturameioambiente.sp.gov.br\/institutodebotanica\/wp-json\/wp\/v2\/types\/page"}],"author":[{"embeddable":true,"href":"https:\/\/www.infraestruturameioambiente.sp.gov.br\/institutodebotanica\/wp-json\/wp\/v2\/users\/58"}],"replies":[{"embeddable":true,"href":"https:\/\/www.infraestruturameioambiente.sp.gov.br\/institutodebotanica\/wp-json\/wp\/v2\/comments?post=15241"}],"version-history":[{"count":63,"href":"https:\/\/www.infraestruturameioambiente.sp.gov.br\/institutodebotanica\/wp-json\/wp\/v2\/pages\/15241\/revisions"}],"predecessor-version":[{"id":22290,"href":"https:\/\/www.infraestruturameioambiente.sp.gov.br\/institutodebotanica\/wp-json\/wp\/v2\/pages\/15241\/revisions\/22290"}],"wp:attachment":[{"href":"https:\/\/www.infraestruturameioambiente.sp.gov.br\/institutodebotanica\/wp-json\/wp\/v2\/media?parent=15241"}],"curies":[{"name":"wp","href":"https:\/\/api.w.org\/{rel}","templated":true}]}}