{"id":151,"date":"2011-11-10T17:00:22","date_gmt":"2011-11-10T17:00:22","guid":{"rendered":"https:\/\/www.infraestruturameioambiente.sp.gov.br\/institutodebotanica\/?page_id=151"},"modified":"2020-04-13T11:35:38","modified_gmt":"2020-04-13T14:35:38","slug":"venda-de-plantas","status":"publish","type":"page","link":"https:\/\/www.infraestruturameioambiente.sp.gov.br\/institutodebotanica\/servicos\/venda-de-plantas\/","title":{"rendered":"Venda de Plantas"},"content":{"rendered":"<h1 class=\"tl\">Venda de Plantas<\/h1>\n<p>As plantas produzidas, principalmente de esp\u00e9cies brasileiras, visam atender as pesquisas e formar as cole\u00e7\u00f5es de plantas do Jardim Bot\u00e2nico. O excedente da produ\u00e7\u00e3o dessas mudas est\u00e1 dispon\u00edvel \u00e0 venda.<\/p>\n<p><strong>Endere\u00e7o:<\/strong> Av. Miguel Estefno, 3687<br \/>\n<strong>Entrada pela portaria 2<\/strong><br \/>\n<strong>Local:<\/strong> Setor de Produ\u00e7\u00e3o de Mudas<br \/>\n<strong>Maiores Informa\u00e7\u00f5es:<\/strong><br \/>\n<strong>fone:<\/strong> (11) 5067-6145<br \/>\nDe segunda a sexta-feira &#8211; <strong>Hor\u00e1rio:<\/strong> 09h00 \u00e0s 16h30<\/p>\n","protected":false},"excerpt":{"rendered":"<p>Venda de Plantas As plantas produzidas, principalmente de esp\u00e9cies brasileiras, visam atender as pesquisas e formar as cole\u00e7\u00f5es de plantas do Jardim Bot\u00e2nico. O excedente da produ\u00e7\u00e3o dessas mudas est\u00e1 dispon\u00edvel \u00e0 venda. Endere\u00e7o: Av. Miguel Estefno, 3687 Entrada pela portaria 2 Local: Setor de Produ\u00e7\u00e3o de Mudas Maiores Informa\u00e7\u00f5es: fone: (11) 5067-6145 De segunda [&hellip;]<\/p>\n","protected":false},"author":1,"featured_media":0,"parent":2328,"menu_order":0,"comment_status":"open","ping_status":"open","template":"","meta":[],"_links":{"self":[{"href":"https:\/\/www.infraestruturameioambiente.sp.gov.br\/institutodebotanica\/wp-json\/wp\/v2\/pages\/151"}],"collection":[{"href":"https:\/\/www.infraestruturameioambiente.sp.gov.br\/institutodebotanica\/wp-json\/wp\/v2\/pages"}],"about":[{"href":"https:\/\/www.infraestruturameioambiente.sp.gov.br\/institutodebotanica\/wp-json\/wp\/v2\/types\/page"}],"author":[{"embeddable":true,"href":"https:\/\/www.infraestruturameioambiente.sp.gov.br\/institutodebotanica\/wp-json\/wp\/v2\/users\/1"}],"replies":[{"embeddable":true,"href":"https:\/\/www.infraestruturameioambiente.sp.gov.br\/institutodebotanica\/wp-json\/wp\/v2\/comments?post=151"}],"version-history":[{"count":6,"href":"https:\/\/www.infraestruturameioambiente.sp.gov.br\/institutodebotanica\/wp-json\/wp\/v2\/pages\/151\/revisions"}],"predecessor-version":[{"id":23347,"href":"https:\/\/www.infraestruturameioambiente.sp.gov.br\/institutodebotanica\/wp-json\/wp\/v2\/pages\/151\/revisions\/23347"}],"up":[{"embeddable":true,"href":"https:\/\/www.infraestruturameioambiente.sp.gov.br\/institutodebotanica\/wp-json\/wp\/v2\/pages\/2328"}],"wp:attachment":[{"href":"https:\/\/www.infraestruturameioambiente.sp.gov.br\/institutodebotanica\/wp-json\/wp\/v2\/media?parent=151"}],"curies":[{"name":"wp","href":"https:\/\/api.w.org\/{rel}","templated":true}]}}