{"id":142,"date":"2011-11-10T16:14:19","date_gmt":"2011-11-10T16:14:19","guid":{"rendered":"https:\/\/www.infraestruturameioambiente.sp.gov.br\/institutodebotanica\/?page_id=142"},"modified":"2021-11-12T16:00:58","modified_gmt":"2021-11-12T18:00:58","slug":"voluntariado","status":"publish","type":"page","link":"https:\/\/www.infraestruturameioambiente.sp.gov.br\/institutodebotanica\/instituto-2\/voluntariado\/","title":{"rendered":"Trabalho Volunt\u00e1rio"},"content":{"rendered":"<h1 class=\"tl\">Trabalho Volunt\u00e1rio<\/h1>\n<p style=\"text-align: justify\">O volunt\u00e1rio \u00e9 aquele que doa seu tempo, trabalho e talento em prol de uma causa em que acredita.<br \/>\nSeu Trabalho \u00e9 complementar, mas essencial, pois adiciona ao servi\u00e7o que a organiza\u00e7\u00e3o social presta, amor e dedica\u00e7\u00e3o.<br \/>\nPrestar um trabalho volunt\u00e1rio n\u00e3o \u00e9 uma atitude casual, deve ser realizado com consci\u00eancia, responsabilidade e comprometimento<br \/>\nO trabalho volunt\u00e1rio, de acordo com a Lei n\u00ba. 9.608 de 18\/02\/98,\u00a0 \u00e9 uma atividade n\u00e3o remunerada, e n\u00e3o gera v\u00ednculo empregat\u00edcio nem funcional, ou quaisquer obriga\u00e7\u00f5es trabalhistas, previdenci\u00e1rias ou afins.<br \/>\nN\u00e3o pode ser considerado como est\u00e1gio pois n\u00e3o tem emiss\u00e3o de certificado.<br \/>\nO volunt\u00e1rio deve trabalhar 04 horas por dia, 2 dias da semana a ser combinado, num total de 08 horas semanais.<\/p>\n<p style=\"text-align: justify\">Os interessados devem pesquisar os Centros de Pesquisas no site do IBt, e depois enviar seu curr\u00edculo informando as \u00e1reas pretendidas.<\/p>\n<p style=\"text-align: justify\">Os pesquisadores interessados devem solicitar a rela\u00e7\u00e3o de documentos necess\u00e1rios para a abertura do processo neste e-mail tamb\u00e9m.<\/p>\n","protected":false},"excerpt":{"rendered":"<p>Trabalho Volunt\u00e1rio O volunt\u00e1rio \u00e9 aquele que doa seu tempo, trabalho e talento em prol de uma causa em que acredita. Seu Trabalho \u00e9 complementar, mas essencial, pois adiciona ao servi\u00e7o que a organiza\u00e7\u00e3o social presta, amor e dedica\u00e7\u00e3o. Prestar um trabalho volunt\u00e1rio n\u00e3o \u00e9 uma atitude casual, deve ser realizado com consci\u00eancia, responsabilidade e [&hellip;]<\/p>\n","protected":false},"author":1,"featured_media":0,"parent":2283,"menu_order":0,"comment_status":"open","ping_status":"open","template":"","meta":[],"_links":{"self":[{"href":"https:\/\/www.infraestruturameioambiente.sp.gov.br\/institutodebotanica\/wp-json\/wp\/v2\/pages\/142"}],"collection":[{"href":"https:\/\/www.infraestruturameioambiente.sp.gov.br\/institutodebotanica\/wp-json\/wp\/v2\/pages"}],"about":[{"href":"https:\/\/www.infraestruturameioambiente.sp.gov.br\/institutodebotanica\/wp-json\/wp\/v2\/types\/page"}],"author":[{"embeddable":true,"href":"https:\/\/www.infraestruturameioambiente.sp.gov.br\/institutodebotanica\/wp-json\/wp\/v2\/users\/1"}],"replies":[{"embeddable":true,"href":"https:\/\/www.infraestruturameioambiente.sp.gov.br\/institutodebotanica\/wp-json\/wp\/v2\/comments?post=142"}],"version-history":[{"count":19,"href":"https:\/\/www.infraestruturameioambiente.sp.gov.br\/institutodebotanica\/wp-json\/wp\/v2\/pages\/142\/revisions"}],"predecessor-version":[{"id":23950,"href":"https:\/\/www.infraestruturameioambiente.sp.gov.br\/institutodebotanica\/wp-json\/wp\/v2\/pages\/142\/revisions\/23950"}],"up":[{"embeddable":true,"href":"https:\/\/www.infraestruturameioambiente.sp.gov.br\/institutodebotanica\/wp-json\/wp\/v2\/pages\/2283"}],"wp:attachment":[{"href":"https:\/\/www.infraestruturameioambiente.sp.gov.br\/institutodebotanica\/wp-json\/wp\/v2\/media?parent=142"}],"curies":[{"name":"wp","href":"https:\/\/api.w.org\/{rel}","templated":true}]}}