{"id":134,"date":"2011-11-10T16:10:53","date_gmt":"2011-11-10T16:10:53","guid":{"rendered":"https:\/\/www.infraestruturameioambiente.sp.gov.br\/institutodebotanica\/?page_id=134"},"modified":"2020-08-11T14:37:49","modified_gmt":"2020-08-11T17:37:49","slug":"manuais-do-estagiario","status":"publish","type":"page","link":"https:\/\/www.infraestruturameioambiente.sp.gov.br\/institutodebotanica\/manuais-do-estagiario\/","title":{"rendered":"Manuais do estagi\u00e1rio"},"content":{"rendered":"<h1 class=\"tl\">Manuais do estagi\u00e1rio<\/h1>\n<ul>\n<li><a href=\"https:\/\/www.infraestruturameioambiente.sp.gov.br\/institutodebotanica\/wp-content\/uploads\/sites\/235\/2020\/08\/manual-estagios-2020-1.pdf\" target=\"_blank\" rel=\"noopener noreferrer\">Manual de Est\u00e1gio &#8211; Regimento do programa &#8211; 2020<\/a><\/li>\n<li><a href=\"https:\/\/www.infraestruturameioambiente.sp.gov.br\/institutodebotanica\/wp-content\/uploads\/sites\/235\/2020\/08\/formulario-v-prorrogacao-ou-encerramento-para-profissionais-final-2020.doc\" target=\"blank\" rel=\"noopener noreferrer\">Formul\u00e1rio de prorroga\u00e7\u00e3o ou encerramento para profissionais<\/a><\/li>\n<li><a href=\"https:\/\/www.infraestruturameioambiente.sp.gov.br\/institutodebotanica\/wp-content\/uploads\/sites\/235\/2020\/08\/formulario-iv-permanecia-de-profissionais-final_2020.doc\">Formul\u00e1rio para perman\u00eancia de profissionais visitantes ou associados<\/a><\/li>\n<li><a href=\"https:\/\/www.infraestruturameioambiente.sp.gov.br\/institutodebotanica\/wp-content\/uploads\/sites\/235\/2020\/08\/formulario-i-inicial-para-visitas-te\u0301cnicas-e-esta\u0301gios-final-2020.doc\">Formul\u00e1rio \u00fanico para pedido de est\u00e1gio<\/a><\/li>\n<li><a href=\"https:\/\/www.infraestruturameioambiente.sp.gov.br\/institutodebotanica\/wp-content\/uploads\/sites\/235\/2020\/08\/formula\u0301rio-iii-interrupc\u0327a\u0303o-abandono-ou-encerramento-final_2020.doc\">Formul\u00e1rio de interrup\u00e7\u00e3o, abandono ou encerramento de est\u00e1gio<\/a><\/li>\n<li><a href=\"https:\/\/www.infraestruturameioambiente.sp.gov.br\/institutodebotanica\/wp-content\/uploads\/sites\/235\/2020\/08\/formulario-ii-prorrogac\u0327a\u0303o-visitas-te\u0301cnicas-e-esta\u0301gios_2020.doc\">Formul\u00e1rio\u00a0 para prorroga\u00e7\u00e3o\u00a0ou mudan\u00e7a de tipo de est\u00e1gio<\/a><\/li>\n<\/ul>\n","protected":false},"excerpt":{"rendered":"<p>Manuais do estagi\u00e1rio Manual de Est\u00e1gio &#8211; Regimento do programa &#8211; 2020 Formul\u00e1rio de prorroga\u00e7\u00e3o ou encerramento para profissionais Formul\u00e1rio para perman\u00eancia de profissionais visitantes ou associados Formul\u00e1rio \u00fanico para pedido de est\u00e1gio Formul\u00e1rio de interrup\u00e7\u00e3o, abandono ou encerramento de est\u00e1gio Formul\u00e1rio\u00a0 para prorroga\u00e7\u00e3o\u00a0ou mudan\u00e7a de tipo de est\u00e1gio<\/p>\n","protected":false},"author":1,"featured_media":0,"parent":0,"menu_order":0,"comment_status":"open","ping_status":"open","template":"","meta":[],"_links":{"self":[{"href":"https:\/\/www.infraestruturameioambiente.sp.gov.br\/institutodebotanica\/wp-json\/wp\/v2\/pages\/134"}],"collection":[{"href":"https:\/\/www.infraestruturameioambiente.sp.gov.br\/institutodebotanica\/wp-json\/wp\/v2\/pages"}],"about":[{"href":"https:\/\/www.infraestruturameioambiente.sp.gov.br\/institutodebotanica\/wp-json\/wp\/v2\/types\/page"}],"author":[{"embeddable":true,"href":"https:\/\/www.infraestruturameioambiente.sp.gov.br\/institutodebotanica\/wp-json\/wp\/v2\/users\/1"}],"replies":[{"embeddable":true,"href":"https:\/\/www.infraestruturameioambiente.sp.gov.br\/institutodebotanica\/wp-json\/wp\/v2\/comments?post=134"}],"version-history":[{"count":29,"href":"https:\/\/www.infraestruturameioambiente.sp.gov.br\/institutodebotanica\/wp-json\/wp\/v2\/pages\/134\/revisions"}],"predecessor-version":[{"id":23529,"href":"https:\/\/www.infraestruturameioambiente.sp.gov.br\/institutodebotanica\/wp-json\/wp\/v2\/pages\/134\/revisions\/23529"}],"wp:attachment":[{"href":"https:\/\/www.infraestruturameioambiente.sp.gov.br\/institutodebotanica\/wp-json\/wp\/v2\/media?parent=134"}],"curies":[{"name":"wp","href":"https:\/\/api.w.org\/{rel}","templated":true}]}}