{"id":117,"date":"2011-11-10T15:45:52","date_gmt":"2011-11-10T15:45:52","guid":{"rendered":"https:\/\/www.infraestruturameioambiente.sp.gov.br\/institutodebotanica\/?page_id=117"},"modified":"2020-03-10T11:10:19","modified_gmt":"2020-03-10T14:10:19","slug":"sobre_pibic","status":"publish","type":"page","link":"https:\/\/www.infraestruturameioambiente.sp.gov.br\/institutodebotanica\/sobre_pibic\/","title":{"rendered":"PIBIC"},"content":{"rendered":"<h1 class=\"tl\" style=\"text-align: left\">Sobre o PIBIC<\/h1>\n<h2 class=\"tl-sub\" style=\"text-align: left\">Programa Institucional de Bolsas de Inicia\u00e7\u00e3o Cient\u00edfica<\/h2>\n<p style=\"text-align: justify\">O PIBIC \u00e9 um programa do CNPq que tem o objetivo de qualificar estudantes de gradua\u00e7\u00e3o para a pesquisa cient\u00edfica. Para isso, s\u00e3o concedidas cotas de bolsas de Inicia\u00e7\u00e3o Cient\u00edfica \u00e0s Institui\u00e7\u00f5es de Ensino e Pesquisa. Essas cotas s\u00e3o administradas pela pr\u00f3pria institui\u00e7\u00e3o, sob a supervis\u00e3o do CNPq.<br \/>\nO programa privilegia a participa\u00e7\u00e3o ativa de alunos com bom desempenho acad\u00eamico em projetos de pesquisa com qualidade acad\u00eamica, m\u00e9rito cient\u00edfico e orienta\u00e7\u00e3o adequada.<br \/>\nOs alunos participantes do programa dever\u00e3o apresentar potencial para continuidade de seus estudos em n\u00edvel de p\u00f3s-gradua\u00e7\u00e3o.<\/p>\n<h2 class=\"tl-sub\" style=\"text-align: left\">Objetivos do Programa<\/h2>\n<p style=\"text-align: left\">1- Despertar voca\u00e7\u00e3o cient\u00edfica e incentivar novos talentos potenciais entre estudantes de gradua\u00e7\u00e3o;<\/p>\n<p style=\"text-align: left\">2- Contribuir para reduzir o tempo m\u00e9dio de titula\u00e7\u00e3o de mestres e doutores;<\/p>\n<p style=\"text-align: left\">3- Propiciar \u00e0 institui\u00e7\u00e3o um instrumento de formula\u00e7\u00e3o de pol\u00edtica de inicia\u00e7\u00e3o \u00e0 pesquisa para alunos de gradua\u00e7\u00e3o;<\/p>\n<p style=\"text-align: left\">4- Estimular uma maior articula\u00e7\u00e3o entre a gradua\u00e7\u00e3o e a p\u00f3s-gradua\u00e7\u00e3o;<\/p>\n<p style=\"text-align: left\">5- Contribuir para a forma\u00e7\u00e3o de recursos humanos para a pesquisa;<\/p>\n<p style=\"text-align: left\">6- Estimular pesquisadores produtivos a envolverem alunos de gradua\u00e7\u00e3o nas atividades cient\u00edfica, tecnol\u00f3gica e art\u00edstica-cultural;<\/p>\n<p style=\"text-align: left\">7- Proporcionar ao bolsista, orientado por pesquisador qualificado, a aprendizagem de t\u00e9cnicas e m\u00e9todos de pesquisa, bem como estimular o desenvolvimento do pensar cientificamente e da criatividade, decorrentes das condi\u00e7\u00f5es criadas pelo confronto direto com os problemas de pesquisa.<\/p>\n","protected":false},"excerpt":{"rendered":"<p>Sobre o PIBIC Programa Institucional de Bolsas de Inicia\u00e7\u00e3o Cient\u00edfica O PIBIC \u00e9 um programa do CNPq que tem o objetivo de qualificar estudantes de gradua\u00e7\u00e3o para a pesquisa cient\u00edfica. Para isso, s\u00e3o concedidas cotas de bolsas de Inicia\u00e7\u00e3o Cient\u00edfica \u00e0s Institui\u00e7\u00f5es de Ensino e Pesquisa. Essas cotas s\u00e3o administradas pela pr\u00f3pria institui\u00e7\u00e3o, sob a [&hellip;]<\/p>\n","protected":false},"author":1,"featured_media":0,"parent":0,"menu_order":0,"comment_status":"open","ping_status":"open","template":"","meta":[],"_links":{"self":[{"href":"https:\/\/www.infraestruturameioambiente.sp.gov.br\/institutodebotanica\/wp-json\/wp\/v2\/pages\/117"}],"collection":[{"href":"https:\/\/www.infraestruturameioambiente.sp.gov.br\/institutodebotanica\/wp-json\/wp\/v2\/pages"}],"about":[{"href":"https:\/\/www.infraestruturameioambiente.sp.gov.br\/institutodebotanica\/wp-json\/wp\/v2\/types\/page"}],"author":[{"embeddable":true,"href":"https:\/\/www.infraestruturameioambiente.sp.gov.br\/institutodebotanica\/wp-json\/wp\/v2\/users\/1"}],"replies":[{"embeddable":true,"href":"https:\/\/www.infraestruturameioambiente.sp.gov.br\/institutodebotanica\/wp-json\/wp\/v2\/comments?post=117"}],"version-history":[{"count":7,"href":"https:\/\/www.infraestruturameioambiente.sp.gov.br\/institutodebotanica\/wp-json\/wp\/v2\/pages\/117\/revisions"}],"predecessor-version":[{"id":23314,"href":"https:\/\/www.infraestruturameioambiente.sp.gov.br\/institutodebotanica\/wp-json\/wp\/v2\/pages\/117\/revisions\/23314"}],"wp:attachment":[{"href":"https:\/\/www.infraestruturameioambiente.sp.gov.br\/institutodebotanica\/wp-json\/wp\/v2\/media?parent=117"}],"curies":[{"name":"wp","href":"https:\/\/api.w.org\/{rel}","templated":true}]}}