{"id":111,"date":"2011-11-10T15:36:49","date_gmt":"2011-11-10T15:36:49","guid":{"rendered":"https:\/\/www.infraestruturameioambiente.sp.gov.br\/institutodebotanica\/?page_id=111"},"modified":"2023-04-27T15:07:33","modified_gmt":"2023-04-27T18:07:33","slug":"pefi","status":"publish","type":"page","link":"https:\/\/www.infraestruturameioambiente.sp.gov.br\/institutodebotanica\/pefi\/","title":{"rendered":"PEFI &#8211; Historico"},"content":{"rendered":"<p style=\"text-align: justify\">Parque Estadual das Fontes do Ipiranga \u2013 PEFI<\/p>\n<p style=\"text-align: justify\">O Parque tem sua origem no s\u00e9culo XIX, como Parque do Estado, com a finalidade de proteger os recursos h\u00eddricos da bacia do Riacho do Ipiranga e para abastecimento de \u00e1gua da regi\u00e3o.<\/p>\n<p style=\"text-align: justify\">O PEFI est\u00e1 localizado na regi\u00e3o sudeste do Munic\u00edpio de S\u00e3o Paulo, possui aproximadamente 476 ha e apresenta vegeta\u00e7\u00e3o caracter\u00edstica de floresta ombr\u00f3fila densa de encosta atl\u00e2ntica, onde se concentram as nascentes do hist\u00f3rico Riacho do Ipiranga.<\/p>\n<p style=\"text-align: justify\">\u00c9 o maior fragmento de Mata Atl\u00e2ntica inserido na \u00e1rea urbana da Regi\u00e3o Metropolitana de S\u00e3o Paulo-RMSP, com v\u00e1rias nascentes e corpos d\u2019\u00e1gua totalmente preservados, muitos exemplares da fauna silvestre e a presen\u00e7a de esp\u00e9cies amea\u00e7adas de extin\u00e7\u00e3o. Cumpre um importante papel no equil\u00edbrio clim\u00e1tico e na qualidade do ar do seu entorno, totalmente urbanizado. A \u00e1rea do Parque evidencia suas qualidades e riquezas naturais que o coloca como refer\u00eancia na \u00e1rea dos conhecimentos cient\u00edficos voltados para a bot\u00e2nica e a zoologia. (Bicudo <i>et al.<\/i>, 2002).\u00a0 De acordo com o Sistema Nacional de Unidades de Conserva\u00e7\u00e3o \u2013 SNUC \u00e9 uma Unidade de Prote\u00e7\u00e3o Integral que tem como objetivo b\u00e1sico a preserva\u00e7\u00e3o de ecossistemas naturais de grande relev\u00e2ncia ecol\u00f3gica e beleza c\u00eanica, permitindo a realiza\u00e7\u00e3o de pesquisas cient\u00edficas e o desenvolvimento de atividades de educa\u00e7\u00e3o e interpreta\u00e7\u00e3o ambiental, de recrea\u00e7\u00e3o em contato com a natureza e de turismo ecol\u00f3gico. (Lei SNUC de 18 de Julho de 2000, Cap\u00edtulo III, Art. 11). No PEFI est\u00e3o inseridos v\u00e1rios \u00f3rg\u00e3os do Estado com fun\u00e7\u00f5es distintas e administra\u00e7\u00e3o pr\u00f3pria, que desenvolvem atividades voltadas para a pesquisa, sa\u00fade, lazer, educa\u00e7\u00e3o, esporte, recrea\u00e7\u00e3o, turismo e desenvolvimento econ\u00f4mico.<\/p>\n<p style=\"text-align: justify\">Decreto de cria\u00e7\u00e3o : Decreto n<b>\u00ba <\/b>52.281 de 12 de agosto de 1969<\/p>\n","protected":false},"excerpt":{"rendered":"<p>Parque Estadual das Fontes do Ipiranga \u2013 PEFI O Parque tem sua origem no s\u00e9culo XIX, como Parque do Estado, com a finalidade de proteger os recursos h\u00eddricos da bacia do Riacho do Ipiranga e para abastecimento de \u00e1gua da regi\u00e3o. O PEFI est\u00e1 localizado na regi\u00e3o sudeste do Munic\u00edpio de S\u00e3o Paulo, possui aproximadamente [&hellip;]<\/p>\n","protected":false},"author":1,"featured_media":0,"parent":0,"menu_order":0,"comment_status":"open","ping_status":"open","template":"","meta":[],"_links":{"self":[{"href":"https:\/\/www.infraestruturameioambiente.sp.gov.br\/institutodebotanica\/wp-json\/wp\/v2\/pages\/111"}],"collection":[{"href":"https:\/\/www.infraestruturameioambiente.sp.gov.br\/institutodebotanica\/wp-json\/wp\/v2\/pages"}],"about":[{"href":"https:\/\/www.infraestruturameioambiente.sp.gov.br\/institutodebotanica\/wp-json\/wp\/v2\/types\/page"}],"author":[{"embeddable":true,"href":"https:\/\/www.infraestruturameioambiente.sp.gov.br\/institutodebotanica\/wp-json\/wp\/v2\/users\/1"}],"replies":[{"embeddable":true,"href":"https:\/\/www.infraestruturameioambiente.sp.gov.br\/institutodebotanica\/wp-json\/wp\/v2\/comments?post=111"}],"version-history":[{"count":15,"href":"https:\/\/www.infraestruturameioambiente.sp.gov.br\/institutodebotanica\/wp-json\/wp\/v2\/pages\/111\/revisions"}],"predecessor-version":[{"id":24036,"href":"https:\/\/www.infraestruturameioambiente.sp.gov.br\/institutodebotanica\/wp-json\/wp\/v2\/pages\/111\/revisions\/24036"}],"wp:attachment":[{"href":"https:\/\/www.infraestruturameioambiente.sp.gov.br\/institutodebotanica\/wp-json\/wp\/v2\/media?parent=111"}],"curies":[{"name":"wp","href":"https:\/\/api.w.org\/{rel}","templated":true}]}}