{"id":106,"date":"2011-11-10T14:30:21","date_gmt":"2011-11-10T14:30:21","guid":{"rendered":"https:\/\/www.infraestruturameioambiente.sp.gov.br\/institutodebotanica\/?page_id=106"},"modified":"2023-08-17T11:18:48","modified_gmt":"2023-08-17T14:18:48","slug":"informacoes-gerais","status":"publish","type":"page","link":"https:\/\/www.infraestruturameioambiente.sp.gov.br\/institutodebotanica\/paranapiacaba\/informacoes-gerais\/","title":{"rendered":"Paranapiacaba &#8211; Informa\u00e7\u00f5es Gerais"},"content":{"rendered":"<p style=\"text-align: justify\"><strong>Dados Geogr\u00e1ficos<\/strong><\/p>\n<p style=\"text-align: justify\">Abrang\u00eancia\/\u00c1rea (ha) Munic\u00edpio de Santo Andr\u00e9, SP<\/p>\n<p style=\"text-align: justify\">\u00c1rea: 336 ha<\/p>\n<p style=\"text-align: justify\">Altitude: entre 750 e 900m.<br \/>\nlatitude 23\u00ba46\u2019 18\u201d &#8211; 23\u00ba 47\u2019 05\u2019\u2019 S<\/p>\n<p style=\"text-align: justify\">Longitude 46\u00ba 20\u2019 24 \u201d \u2013 46\u00ba 18\u2019 15\u2019\u2019 W<\/p>\n<p style=\"text-align: justify\"><strong>Clima<\/strong><br \/>\nClima tropical de altitude, mesot\u00e9rmico super\u00famido, temperatura variando em m\u00e9dia de 14 a 15\u00baC no inverno a 21 a 22\u00baC ver\u00e3o. Umidade relativa do ar m\u00e9dia\u00a0 80%<\/p>\n<p style=\"text-align: justify\">Os setores de Planalto compreendem morros alongados de topos angulosos a convexos, colinas de topos planos a convexados, rampas e plan\u00edcies de inunda\u00e7\u00e3o. Os trechos de escarpa caracterizam-se por vertentes retil\u00edneas ccm declividade altas e vales entalhados.<\/p>\n<p style=\"text-align: justify\"><strong>Bioma<br \/>\n<\/strong>Mata Atl\u00e2ntica &#8211; Floresta \u00a0Ombr\u00f3fila Densa, com diferentes fisionomias da vegeta\u00e7\u00e3o: floresta alta, floresta baixa, fruticeto escuro e campos em diferentes est\u00e1dios sucessionais.<\/p>\n<p style=\"text-align: justify\"><strong>\u00a0Flora<\/strong><\/p>\n<p style=\"text-align: justify\">Grande diversidade de algas, fungos, liquens, bri\u00f3fitas e faner\u00f4gamas, a estrutura do estrato arb\u00f3reo mostrou que as esp\u00e9cies com maior n\u00famero de indiv\u00edduos foram <em>Euterpe edulis, Tibouchina pulchra Alchornea triplinervia e Miconia cabussu<\/em><\/p>\n<p style=\"text-align: justify\"><b>\u00a0<\/b><strong>Fauna<\/strong><\/p>\n<p style=\"text-align: justify\">Presen\u00e7a de mam\u00edferos de pequeno porte, aves, r\u00e9pteis, anf\u00edbios insetos, peixes, aranhas,<\/p>\n<p style=\"text-align: justify\"><strong>Endere\u00e7o:<\/strong> Rod. Deputado Antonio Adib Chamas (SP 122) Km 51<br \/>\ncep 09000-000 &#8211; Santo Andr\u00e9 &#8211; SP &#8211; BR<\/p>\n","protected":false},"excerpt":{"rendered":"<p>Dados Geogr\u00e1ficos Abrang\u00eancia\/\u00c1rea (ha) Munic\u00edpio de Santo Andr\u00e9, SP \u00c1rea: 336 ha Altitude: entre 750 e 900m. latitude 23\u00ba46\u2019 18\u201d &#8211; 23\u00ba 47\u2019 05\u2019\u2019 S Longitude 46\u00ba 20\u2019 24 \u201d \u2013 46\u00ba 18\u2019 15\u2019\u2019 W Clima Clima tropical de altitude, mesot\u00e9rmico super\u00famido, temperatura variando em m\u00e9dia de 14 a 15\u00baC no inverno a 21 a [&hellip;]<\/p>\n","protected":false},"author":1,"featured_media":0,"parent":17506,"menu_order":0,"comment_status":"open","ping_status":"open","template":"","meta":[],"_links":{"self":[{"href":"https:\/\/www.infraestruturameioambiente.sp.gov.br\/institutodebotanica\/wp-json\/wp\/v2\/pages\/106"}],"collection":[{"href":"https:\/\/www.infraestruturameioambiente.sp.gov.br\/institutodebotanica\/wp-json\/wp\/v2\/pages"}],"about":[{"href":"https:\/\/www.infraestruturameioambiente.sp.gov.br\/institutodebotanica\/wp-json\/wp\/v2\/types\/page"}],"author":[{"embeddable":true,"href":"https:\/\/www.infraestruturameioambiente.sp.gov.br\/institutodebotanica\/wp-json\/wp\/v2\/users\/1"}],"replies":[{"embeddable":true,"href":"https:\/\/www.infraestruturameioambiente.sp.gov.br\/institutodebotanica\/wp-json\/wp\/v2\/comments?post=106"}],"version-history":[{"count":28,"href":"https:\/\/www.infraestruturameioambiente.sp.gov.br\/institutodebotanica\/wp-json\/wp\/v2\/pages\/106\/revisions"}],"predecessor-version":[{"id":24080,"href":"https:\/\/www.infraestruturameioambiente.sp.gov.br\/institutodebotanica\/wp-json\/wp\/v2\/pages\/106\/revisions\/24080"}],"up":[{"embeddable":true,"href":"https:\/\/www.infraestruturameioambiente.sp.gov.br\/institutodebotanica\/wp-json\/wp\/v2\/pages\/17506"}],"wp:attachment":[{"href":"https:\/\/www.infraestruturameioambiente.sp.gov.br\/institutodebotanica\/wp-json\/wp\/v2\/media?parent=106"}],"curies":[{"name":"wp","href":"https:\/\/api.w.org\/{rel}","templated":true}]}}