{"id":72,"date":"2013-04-25T11:34:42","date_gmt":"2013-04-25T14:34:42","guid":{"rendered":"http:\/\/www.ambiente.sp.gov.br\/hoehnea\/?page_id=72"},"modified":"2019-07-24T10:57:49","modified_gmt":"2019-07-24T13:57:49","slug":"v30f02","status":"publish","type":"page","link":"https:\/\/www.infraestruturameioambiente.sp.gov.br\/hoehnea\/fasciculos\/v30f02\/","title":{"rendered":"VOLUME 30 \u2013 F2 &#8211; 2003"},"content":{"rendered":"<p><strong>CONTE\u00daDO DESTE VOLUME<\/strong><\/p>\n<p>Esta publica\u00e7\u00e3o \u00e9 indexada pelo LATINDEX, SCIRUS , SciELO Brasil e Rede BHL SciELO &#8211; Peri\u00f3dicos em Biodiversidade. This publicaction is indexed in the LATINDEX, SCIRUS , SciELO Brasil and Rede BHL SciELO &#8211; Peri\u00f3dicos em Biodiversidade.<\/p>\n<p><strong>ARTIGOS\/ARTICLES<\/strong><\/p>\n<p><strong>YANO-MELO, A.M., TRUFEM, S.F.B. &amp; MAIA, L.C.\u00a0<\/strong><br \/>\nArbuscular mycorrhizal fungi in salinized and surrounded areas at the S\u00e3o Francisco Submedium Valley, Brazil. (Fungos micorr\u00edzicos arbusculares em solos salinizados e adjacentes no vale do subm\u00e9dio S\u00e3o Francisco, Brasil)<br \/>\n<a href=\"https:\/\/smastr16.blob.core.windows.net\/hoehnea\/2015\/07\/302_T01_21_07_2015.pdf\">artigo completo em pdf<\/a><\/p>\n<p><strong>ALVES, E.S., PEDROSO, A.N.V., DOMINGOS, M., GUIMAR\u00c3ES, E.T. &amp; SALDIVA, P.H.N.\u00a0<\/strong><br \/>\nBiomonitoramento\u00a0<em>indoor<\/em>\u00a0do potencial mutag\u00eanico do ar em laborat\u00f3rios e herb\u00e1rio do Instituto de Bot\u00e2nica por meio do bioensaio Trad-MCN. (Indoor biomonitoring of mutagenic potential of air in laboratories and herbarium of Instituto de Bot\u00e2nica using the Trad-MCN bioassay)<br \/>\n<a href=\"https:\/\/smastr16.blob.core.windows.net\/hoehnea\/2015\/07\/302_T02_21_07_2015.pdf\">artigo completo em pdf<\/a><\/p>\n<p><strong>GOMES, A.L., PIRES-ZOTTARELLI, C.L.A., ROCHA, M. &amp; MILANEZ, A.I.\u00a0<\/strong><br \/>\nSaprolegniaceae de \u00e1reas de cerrado do estado de S\u00e3o Paulo, Brasil. (Saprolegniaceae from cerrado areas in the state of S\u00e3o Paulo, Brazil)<br \/>\n<a href=\"https:\/\/smastr16.blob.core.windows.net\/hoehnea\/2015\/07\/302_T03_21_07_2015.pdf\">artigo completo em pdf<\/a><\/p>\n<p><strong>MOURA, C.W.N. &amp; GUIMAR\u00c3ES, S.M.P.B.\u00a0<\/strong><br \/>\n<em>Jania crassa<\/em>\u00a0Lamouroux (Rhodophyta, Corallinales), nome correto para as refer\u00eancias de\u00a0<em>Jania rubens<\/em>\u00a0Lamouroux no Brasil. (<em>Jania crassa<\/em>\u00a0Lamouroux (Corallinales, Rhodophyta), correct name for the references of\u00a0<em>Jania rubens<\/em>Lamouroux in Brazil)<br \/>\n<a href=\"https:\/\/smastr16.blob.core.windows.net\/hoehnea\/2015\/07\/302_T04_21_07_2015.pdf\">artigo completo em pdf<\/a><\/p>\n<p><strong>LUCHI, A.E.\u00a0<\/strong><br \/>\nUnusual perforation plates in\u00a0<em>Bathysa nicholsonii<\/em>\u00a0K. Schum. (Placas de perfura\u00e7\u00e3o incomuns em\u00a0<em>Bathysa nicholsoni<\/em>i K. Schum.)<br \/>\n<a href=\"https:\/\/smastr16.blob.core.windows.net\/hoehnea\/2015\/07\/302_T05_21_07_2015.pdf\">artigo completo em pdf<\/a><\/p>\n<p><strong>BICUDO, C.E.M., BICUDO, D.C., FERRAGUT, C., LOPES, M.R.M. &amp; PIRES, P.R.\u00a0<\/strong><br \/>\nCript\u00f3gamos do Parque Estadual das Fontes do Ipiranga, S\u00e3o Paulo, SP. Algas 17: Chrysophyceae (Cryptogams of the &#8220;Parque Estadual das Fontes do Ipiranga&#8221;, S\u00e3o Paulo, SP. Algae 17: Chrysophyceae)<br \/>\n<a href=\"https:\/\/smastr16.blob.core.windows.net\/hoehnea\/2015\/07\/302_T06_21_07_2015.pdf\">artigo completo em pdf<\/a><\/p>\n<p><strong>CARREIRA, R.C. &amp; ZAIDAN, L.B.P.<\/strong><br \/>\nEstabelecimento e crescimento inicial de\u00a0<em>Miconia albicans<\/em>\u00a0(Sw.) Triana e\u00a0<em>Schizocentron elegans<\/em>\u00a0Meissn., sob fotoper\u00edodos controlados. (Seedling establishment and early growth of\u00a0<em>Miconia albicans<\/em>\u00a0(Sw.) Triana and<em>Schizocentron elegans<\/em>\u00a0Meissn. under controlled photoperiods)<br \/>\n<a href=\"https:\/\/smastr16.blob.core.windows.net\/hoehnea\/2015\/07\/302_T07_21_07_2015.pdf\">artigo completo em pdf<\/a><\/p>\n<p><strong>SILVA, D.G., BARBOSA, L.M. &amp; MARTINS, S.E.<\/strong><br \/>\nDistribui\u00e7\u00e3o de alturas e di\u00e2metros em dois tipos de floresta de restinga no munic\u00edpio de Bertioga &#8211; SP (Height and diameter distributions from two restinga forest in Bertioga &#8211; SP)<br \/>\n<a href=\"https:\/\/smastr16.blob.core.windows.net\/hoehnea\/2015\/07\/302_T08_21_07_2015.pdf\">artigo completo em pdf<\/a><\/p>\n","protected":false},"excerpt":{"rendered":"<p>CONTE\u00daDO DESTE VOLUME Esta publica\u00e7\u00e3o \u00e9 indexada pelo LATINDEX, SCIRUS , SciELO Brasil e Rede BHL SciELO &#8211; Peri\u00f3dicos em Biodiversidade. This publicaction is indexed in the LATINDEX, SCIRUS , SciELO Brasil and Rede BHL SciELO &#8211; Peri\u00f3dicos em Biodiversidade. ARTIGOS\/ARTICLES YANO-MELO, A.M., TRUFEM, S.F.B. &amp; MAIA, L.C.\u00a0 Arbuscular mycorrhizal fungi in salinized and surrounded [&hellip;]<\/p>\n","protected":false},"author":1,"featured_media":0,"parent":40,"menu_order":3002,"comment_status":"closed","ping_status":"closed","template":"","meta":[],"_links":{"self":[{"href":"https:\/\/www.infraestruturameioambiente.sp.gov.br\/hoehnea\/wp-json\/wp\/v2\/pages\/72"}],"collection":[{"href":"https:\/\/www.infraestruturameioambiente.sp.gov.br\/hoehnea\/wp-json\/wp\/v2\/pages"}],"about":[{"href":"https:\/\/www.infraestruturameioambiente.sp.gov.br\/hoehnea\/wp-json\/wp\/v2\/types\/page"}],"author":[{"embeddable":true,"href":"https:\/\/www.infraestruturameioambiente.sp.gov.br\/hoehnea\/wp-json\/wp\/v2\/users\/1"}],"replies":[{"embeddable":true,"href":"https:\/\/www.infraestruturameioambiente.sp.gov.br\/hoehnea\/wp-json\/wp\/v2\/comments?post=72"}],"version-history":[{"count":1,"href":"https:\/\/www.infraestruturameioambiente.sp.gov.br\/hoehnea\/wp-json\/wp\/v2\/pages\/72\/revisions"}],"predecessor-version":[{"id":2217,"href":"https:\/\/www.infraestruturameioambiente.sp.gov.br\/hoehnea\/wp-json\/wp\/v2\/pages\/72\/revisions\/2217"}],"up":[{"embeddable":true,"href":"https:\/\/www.infraestruturameioambiente.sp.gov.br\/hoehnea\/wp-json\/wp\/v2\/pages\/40"}],"wp:attachment":[{"href":"https:\/\/www.infraestruturameioambiente.sp.gov.br\/hoehnea\/wp-json\/wp\/v2\/media?parent=72"}],"curies":[{"name":"wp","href":"https:\/\/api.w.org\/{rel}","templated":true}]}}