{"id":69,"date":"2013-04-25T11:27:04","date_gmt":"2013-04-25T14:27:04","guid":{"rendered":"http:\/\/www.ambiente.sp.gov.br\/hoehnea\/?page_id=69"},"modified":"2019-07-19T10:59:53","modified_gmt":"2019-07-19T13:59:53","slug":"v30f01","status":"publish","type":"page","link":"https:\/\/www.infraestruturameioambiente.sp.gov.br\/hoehnea\/fasciculos\/v30f01\/","title":{"rendered":"VOLUME 30 &#8211; F1 &#8211; 2003"},"content":{"rendered":"<p><strong>CONTE\u00daDO DESTE VOLUME &#8211; <\/strong><\/p>\n<p>Esta publica\u00e7\u00e3o \u00e9 indexada pelo LATINDEX, SCIRUS , SciELO Brasil e Rede BHL SciELO &#8211; Peri\u00f3dicos em Biodiversidade. This publicaction is indexed in the LATINDEX, SCIRUS , SciELO Brasil and Rede BHL SciELO &#8211; Peri\u00f3dicos em Biodiversidade.<\/p>\n<p><strong>ARTIGOS\/ARTICLES<\/strong><\/p>\n<p><strong>FERNANDES, L.F. &amp; PROCOPIAK, L.K.<\/strong><br \/>\nObservations on valve structures of\u00a0<em>Navicula directa<\/em>\u00a0(Wm. Smith) Ralfs\u00a0<em>in<\/em>\u00a0Pritchard and\u00a0<em>Navicula glaciei<\/em>\u00a0V. Heurck from rocky substrates in the Antarctic Peninsula. (Observa\u00e7\u00f5es sobre a estrutura das valvas de\u00a0<em>Navicula directa<\/em>(Wm. Smith) Ralfs\u00a0<em>in<\/em>\u00a0Pritchard e\u00a0<em>Navicula glaciei<\/em>\u00a0V. Heurck de substratos rochosos na Pen\u00ednsula Ant\u00e1rtica)<br \/>\n<a href=\"https:\/\/smastr16.blob.core.windows.net\/hoehnea\/2015\/07\/301_T01_21_07_2015.pdf\">artigo completo em pdf<\/a><\/p>\n<p><strong>GUIMAR\u00c3ES, S.M.P.B<\/strong><br \/>\nUma an\u00e1lise da diversidade da flora marinha bent\u00f4nica do estado do Esp\u00edrito Santo, Brasil. (An analysis of the diversity of the marine benthic flora from Espirito Santo State, Brazil)<br \/>\n<a href=\"https:\/\/smastr16.blob.core.windows.net\/hoehnea\/2015\/07\/301_T02_21_07_2015.pdf\">artigo completo em pdf<\/a><\/p>\n<p><strong>MILANEZ, A.I., PIRES-ZOTTARELLI, C.L., SCHOENLEIN-CRUSIUS, I.H. &amp; LOHMANN, L.G.<\/strong><br \/>\nCript\u00f3gamos do Parque Estadual das Fontes do Ipiranga, S\u00e3o Paulo, SP. Fungi, 8: Blastocladiales. (Cryptogams of the &#8220;Parque Estadual das Fontes do Ipiranga&#8221;, S\u00e3o Paulo, SP. Fungi, 8: Blastocladiales)<br \/>\n<a href=\"https:\/\/smastr16.blob.core.windows.net\/hoehnea\/2015\/07\/301_T03_21_07_2015.pdf\">artigo completo em pdf<\/a><\/p>\n<p><strong>BICUDO, C.E.M &amp; PEREIRA, F.C.<\/strong><br \/>\nCript\u00f3gamos do Parque Estadual das Fontes do Ipiranga, S\u00e3o Paulo, SP. Algae, 16: Chlorophyceae (Ulotrichales). (Cryptogams of the &#8220;Parque Estadual das Fontes do Ipiranga&#8221;, S\u00e3o Paulo, SP. Algae, 16: Chlorophyceae (Ulotrichales))<br \/>\n<a href=\"https:\/\/smastr16.blob.core.windows.net\/hoehnea\/2015\/07\/301_T04_21_07_2015.pdf\">artigo completo em pdf<\/a><\/p>\n<p><strong>DURIGAN, G., RATTER, J.A., BRIDGEWATER, S., SIQUEIRA, M.F. &amp; FRANCO, G.A.D.C.<\/strong><br \/>\nPadr\u00f5es fitogeogr\u00e1ficos do cerrado paulista sob uma perspectiva regional. (Phytogeographic patterns of S\u00e3o Paulo State cerrado: a regional perspective<br \/>\n<a href=\"https:\/\/smastr16.blob.core.windows.net\/hoehnea\/2015\/07\/301_T05_21_07_2015.pdf\">artigo completo em pdf<\/a><\/p>\n<p><strong>VIEIRA J\u00daNIOR, J., NECCHI J\u00daNIOR, O., BRANCO, C.C.Z. &amp; BRANCO, L.H.Z.<\/strong><br \/>\nCharaceae (Chlorophyta) em ecossistemas l\u00f3ticos do estado de S\u00e3o Paulo, Brasil: g\u00eanero\u00a0<em>Chara<\/em>\u00a0e distribui\u00e7\u00e3o ecol\u00f3gica. (Characeae (Chlorophyta) in lotic ecosystems from S\u00e3o Paulo State, Brazil: genus\u00a0<em>Chara<\/em>\u00a0and ecological distribution)<br \/>\n<a href=\"https:\/\/smastr16.blob.core.windows.net\/hoehnea\/2015\/07\/301_T06_21_07_2015.pdf\">artigo completo em pdf<\/a><\/p>\n<p><strong>HENRY-SILVA, G.G. &amp; CAMARGO, A.F.M.<\/strong><br \/>\nAvalia\u00e7\u00e3o sazonal da biomassa da macr\u00f3fita aqu\u00e1tica\u00a0<em>Eichhornia azurea<\/em>\u00a0em um rio de \u00e1guas brancas da bacia hidrogr\u00e1fica do rio Itanha\u00e9m (litoral sul do estado de S\u00e3o Paulo, Brasil). (Seasonal evaluation of the biomass of the aquatic macrophyte\u00a0<em>Eichhornia azurea<\/em>\u00a0in a white water stream of the hydrographic Itanha\u00e9m river basin (south coast of S\u00e3o Paulo State, Brazil)<br \/>\n<a href=\"https:\/\/smastr16.blob.core.windows.net\/hoehnea\/2015\/07\/301_T07_21_07_2015.pdf\">artigo completo em pdf<\/a><\/p>\n","protected":false},"excerpt":{"rendered":"<p>CONTE\u00daDO DESTE VOLUME &#8211; Esta publica\u00e7\u00e3o \u00e9 indexada pelo LATINDEX, SCIRUS , SciELO Brasil e Rede BHL SciELO &#8211; Peri\u00f3dicos em Biodiversidade. This publicaction is indexed in the LATINDEX, SCIRUS , SciELO Brasil and Rede BHL SciELO &#8211; Peri\u00f3dicos em Biodiversidade. ARTIGOS\/ARTICLES FERNANDES, L.F. &amp; PROCOPIAK, L.K. Observations on valve structures of\u00a0Navicula directa\u00a0(Wm. Smith) Ralfs\u00a0in\u00a0Pritchard [&hellip;]<\/p>\n","protected":false},"author":1,"featured_media":0,"parent":40,"menu_order":3001,"comment_status":"closed","ping_status":"closed","template":"","meta":[],"_links":{"self":[{"href":"https:\/\/www.infraestruturameioambiente.sp.gov.br\/hoehnea\/wp-json\/wp\/v2\/pages\/69"}],"collection":[{"href":"https:\/\/www.infraestruturameioambiente.sp.gov.br\/hoehnea\/wp-json\/wp\/v2\/pages"}],"about":[{"href":"https:\/\/www.infraestruturameioambiente.sp.gov.br\/hoehnea\/wp-json\/wp\/v2\/types\/page"}],"author":[{"embeddable":true,"href":"https:\/\/www.infraestruturameioambiente.sp.gov.br\/hoehnea\/wp-json\/wp\/v2\/users\/1"}],"replies":[{"embeddable":true,"href":"https:\/\/www.infraestruturameioambiente.sp.gov.br\/hoehnea\/wp-json\/wp\/v2\/comments?post=69"}],"version-history":[{"count":2,"href":"https:\/\/www.infraestruturameioambiente.sp.gov.br\/hoehnea\/wp-json\/wp\/v2\/pages\/69\/revisions"}],"predecessor-version":[{"id":2216,"href":"https:\/\/www.infraestruturameioambiente.sp.gov.br\/hoehnea\/wp-json\/wp\/v2\/pages\/69\/revisions\/2216"}],"up":[{"embeddable":true,"href":"https:\/\/www.infraestruturameioambiente.sp.gov.br\/hoehnea\/wp-json\/wp\/v2\/pages\/40"}],"wp:attachment":[{"href":"https:\/\/www.infraestruturameioambiente.sp.gov.br\/hoehnea\/wp-json\/wp\/v2\/media?parent=69"}],"curies":[{"name":"wp","href":"https:\/\/api.w.org\/{rel}","templated":true}]}}