{"id":441,"date":"2013-04-30T13:58:17","date_gmt":"2013-04-30T16:58:17","guid":{"rendered":"http:\/\/www.ambiente.sp.gov.br\/hoehnea\/?page_id=441"},"modified":"2019-08-02T10:52:57","modified_gmt":"2019-08-02T13:52:57","slug":"v38f04","status":"publish","type":"page","link":"https:\/\/www.infraestruturameioambiente.sp.gov.br\/hoehnea\/fasciculos\/v38f04\/","title":{"rendered":"VOLUME 38 &#8211; F4 \u2013 2011"},"content":{"rendered":"<p><strong>CONTE\u00daDO DESTE VOLUME<\/strong><\/p>\n<p>Esta publica\u00e7\u00e3o \u00e9 indexada pelo LATINDEX, SCIRUS , SciELO Brasil e Rede BHL SciELO \u2013 Peri\u00f3dicos em Biodiversidade. This publicaction is indexed in the LATINDEX, SCIRUS , SciELO Brasil and Rede BHL SciELO \u2013 Peri\u00f3dicos em Biodiversidade.<\/p>\n<p><strong>ARTIGOS\/ARTICLES<\/strong><\/p>\n<p><strong>KIILL, L.H.P. &amp; SIM\u00c3O-BIANCHINI, R.<\/strong><br \/>\nBiologia reprodutiva e poliniza\u00e7\u00e3o de\u00a0<em>Jacquemontia nodiflora<\/em>\u00a0(Desr.) G. Don (Convolvulaceae) em Caatinga na regi\u00e3o de Petrolina, PE, Brasil. (Reproductive biology and pollination of\u00a0<em>Jacquemontia nodiflora<\/em>\u00a0(Desr.) G. Don (Convolvulaceae) in Caatinga, in Petrolina region, Pernambuco State, Brazil)<br \/>\n<a href=\"http:\/\/www.scielo.br\/pdf\/hoehnea\/v38n4\/01.pdf\">artigo completo em pdf<\/a><\/p>\n<p><strong>PEREIRA, J.L., BRANCO, L.H.Z. &amp; NECCHI-JUNIOR, O.<\/strong><br \/>\n<em>Ecballocystis pulvinata<\/em>\u00a0Bohlin (Hormotilaceae, Chlorophyta): morfologia externa e ocorr\u00eancia em ambientes l\u00f3ticos da regi\u00e3o Sudeste do Brasil. (<em>Ecballocystis pulvinata<\/em>\u00a0Bohlin (Hormotilaceae, Chlorophyta): external morphology and occurrence in lotic ecosystems of the southeastern region of Brazil)<br \/>\n<a href=\"http:\/\/www.scielo.br\/pdf\/hoehnea\/v38n4\/02.pdf\">artigo completo em pdf<\/a><\/p>\n<p><strong>ESTRELA, L.M.B., FONSECA, B.M. &amp; BICUDO, C.E.M.<\/strong><br \/>\nDesm\u00eddias perif\u00edticas de cinco lagoas do Distrito Federal, Brasil: I &#8211; G\u00eanero\u00a0<em>Cosmarium<\/em>\u00a0Corda\u00a0<em>ex<\/em>\u00a0Ralfs. (Periphytic desmids from five lagoons of the Federal District, Brazil: I &#8211; Genus\u00a0<em>Cosmarium<\/em>\u00a0Corda\u00a0<em>ex<\/em>\u00a0Ralfs)<br \/>\n<a href=\"http:\/\/www.scielo.br\/pdf\/hoehnea\/v38n4\/03.pdf\">artigo completo em pdf<\/a><\/p>\n<p><strong>ALMEIDA, F.V.R., NECCHI-JUNIOR, O. &amp; BRANCO, L.H.Z.\u00a0<\/strong><br \/>\nFlora de comunidades de macroalgas l\u00f3ticas de fragmentos florestais remanescentes da regi\u00e3o noroeste do Estado de S\u00e3o Paulo, Brasil. (Lotic macroalgal communities flora from remnant forest fragments from the northwest region of S\u00e3o Paulo State, Brazil)<br \/>\n<a href=\"http:\/\/www.scielo.br\/pdf\/hoehnea\/v38n4\/04.pdf\">artigo completo em pdf<\/a><\/p>\n<p><strong>MATOZINHOS, C.N. &amp; KONNO, T.U.P.\u00a0<\/strong><br \/>\nDiversidade taxon\u00f4mica de Apocynaceae na Serra Negra, MG, Brasil. (Taxonomic diversity of Apocynaceae at Serra Negra, Minas Gerais State, Brazil)<br \/>\n<a href=\"http:\/\/www.scielo.br\/pdf\/hoehnea\/v38n4\/05.pdf\">artigo completo em pdf<\/a><\/p>\n<p><strong>SIQUEIRA, S.M.C., COSTA, P.S., SOUZA, E.B. &amp; OLIVEIRA, H.C.<\/strong><br \/>\nBri\u00f3fitas de um remanescente de Mata Atl\u00e2ntica no Munic\u00edpio de Ubajara, CE, Brasil. (Bryophytes from a remnant of Atlantic Forest in the municipality of Ubajara, Cear\u00e1 State, Brazil)<br \/>\n<a href=\"http:\/\/www.scielo.br\/pdf\/hoehnea\/v38n4\/06.pdf\">artigo completo em pdf<\/a><\/p>\n<p><strong>LUJ\u00c1N, C.M., MORERO, R. &amp; BARBOZA, G.E.<\/strong><br \/>\nEstudios epid\u00e9rmicos en helechos y lic\u00f3fitas medicinales de la Provincia de C\u00f3rdoba, Argentina. (Epidermal studies in medicinal ferns and lycophytes from C\u00f3rdoba Province, Argentina)<br \/>\n<a href=\"http:\/\/www.scielo.br\/pdf\/hoehnea\/v38n4\/07.pdf\">artigo completo em pdf<\/a><\/p>\n<p><strong>CRUZ-BARROS, M.A.V., SILVA, E.L., GASPARINO, E.C., SOUZA, L.N. &amp; OLIVEIRA, A.C.<\/strong><br \/>\nFlora Pol\u00ednica da Reserva do Parque Estadual das Fontes do Ipiranga (S\u00e3o Paulo, Brasil). Fam\u00edlia: 136-Solanaceae (Pollen flora of \u201cReserva do Parque Estadual das Fontes do Ipiranga\u201d (S\u00e3o Paulo, Brazil). Family: 136-Solanaceae)<br \/>\n<a href=\"http:\/\/www.scielo.br\/pdf\/hoehnea\/v38n4\/08.pdf\">artigo completo em pdf<\/a><\/p>\n<p><strong>GUGLIOTTA, A.M., POSCOLERE, G.D. &amp; CAMPACCI, T.V.S.<\/strong><br \/>\nCript\u00f3gamos do Parque Estadual das Fontes do Ipiranga, S\u00e3o Paulo, SP, Brasil. Fungos, 10: Ganodermataceae (Cryptogams of the \u201cParque Estadual das Fontes do Ipiranga\u201d, S\u00e3o Paulo, S\u00e3o Paulo State, Brazil. Fungi, 10: Ganodermataceae)<br \/>\n<a href=\"http:\/\/www.scielo.br\/pdf\/hoehnea\/v38n4\/09.pdf\">artigo completo em pdf<\/a><\/p>\n<p><strong>CRUZ-BARROS, M.A.V., CORR\u00caA, A.M.S. &amp; AMORIM, F.A.<\/strong><br \/>\nFlora Pol\u00ednica da Reserva do Parque Estadual das Fontes do Ipiranga (S\u00e3o Paulo, Brasil). Fam\u00edlia: 61-Cucurbitaceae. (Pollen flora of \u201cReserva do Parque Estadual das Fontes do Ipiranga\u201d (S\u00e3o Paulo, Brazil). Family: 61-Cucurbitaceae)<br \/>\n<a href=\"http:\/\/www.scielo.br\/pdf\/hoehnea\/v38n4\/10.pdf\">artigo completo em pdf<\/a><\/p>\n","protected":false},"excerpt":{"rendered":"<p>CONTE\u00daDO DESTE VOLUME Esta publica\u00e7\u00e3o \u00e9 indexada pelo LATINDEX, SCIRUS , SciELO Brasil e Rede BHL SciELO \u2013 Peri\u00f3dicos em Biodiversidade. This publicaction is indexed in the LATINDEX, SCIRUS , SciELO Brasil and Rede BHL SciELO \u2013 Peri\u00f3dicos em Biodiversidade. ARTIGOS\/ARTICLES KIILL, L.H.P. &amp; SIM\u00c3O-BIANCHINI, R. Biologia reprodutiva e poliniza\u00e7\u00e3o de\u00a0Jacquemontia nodiflora\u00a0(Desr.) G. Don (Convolvulaceae) [&hellip;]<\/p>\n","protected":false},"author":1,"featured_media":0,"parent":40,"menu_order":3804,"comment_status":"closed","ping_status":"closed","template":"","meta":[],"_links":{"self":[{"href":"https:\/\/www.infraestruturameioambiente.sp.gov.br\/hoehnea\/wp-json\/wp\/v2\/pages\/441"}],"collection":[{"href":"https:\/\/www.infraestruturameioambiente.sp.gov.br\/hoehnea\/wp-json\/wp\/v2\/pages"}],"about":[{"href":"https:\/\/www.infraestruturameioambiente.sp.gov.br\/hoehnea\/wp-json\/wp\/v2\/types\/page"}],"author":[{"embeddable":true,"href":"https:\/\/www.infraestruturameioambiente.sp.gov.br\/hoehnea\/wp-json\/wp\/v2\/users\/1"}],"replies":[{"embeddable":true,"href":"https:\/\/www.infraestruturameioambiente.sp.gov.br\/hoehnea\/wp-json\/wp\/v2\/comments?post=441"}],"version-history":[{"count":1,"href":"https:\/\/www.infraestruturameioambiente.sp.gov.br\/hoehnea\/wp-json\/wp\/v2\/pages\/441\/revisions"}],"predecessor-version":[{"id":2329,"href":"https:\/\/www.infraestruturameioambiente.sp.gov.br\/hoehnea\/wp-json\/wp\/v2\/pages\/441\/revisions\/2329"}],"up":[{"embeddable":true,"href":"https:\/\/www.infraestruturameioambiente.sp.gov.br\/hoehnea\/wp-json\/wp\/v2\/pages\/40"}],"wp:attachment":[{"href":"https:\/\/www.infraestruturameioambiente.sp.gov.br\/hoehnea\/wp-json\/wp\/v2\/media?parent=441"}],"curies":[{"name":"wp","href":"https:\/\/api.w.org\/{rel}","templated":true}]}}