{"id":436,"date":"2013-04-30T13:51:37","date_gmt":"2013-04-30T16:51:37","guid":{"rendered":"http:\/\/www.ambiente.sp.gov.br\/hoehnea\/?page_id=436"},"modified":"2019-08-02T10:51:56","modified_gmt":"2019-08-02T13:51:56","slug":"v38f03","status":"publish","type":"page","link":"https:\/\/www.infraestruturameioambiente.sp.gov.br\/hoehnea\/fasciculos\/v38f03\/","title":{"rendered":"VOLUME 38- F3 \u2013 2011"},"content":{"rendered":"<p><strong>CONTE\u00daDO DESTE VOLUME<\/strong><\/p>\n<p>Esta publica\u00e7\u00e3o \u00e9 indexada pelo LATINDEX, SCIRUS , SciELO Brasil e Rede BHL SciELO \u2013 Peri\u00f3dicos em Biodiversidade. This publicaction is indexed in the LATINDEX, SCIRUS , SciELO Brasil and Rede BHL SciELO \u2013 Peri\u00f3dicos em Biodiversidade.<\/p>\n<p><strong>ARTIGOS\/ARTICLES<\/strong><\/p>\n<p><strong>VILLAGRA, B.L.P. &amp; ROMANIUC NETO, S.<\/strong><br \/>\nPlantas trepadeiras do Parque Estadual das Fontes do Ipiranga (S\u00e3o Paulo). (Climbing plants from Parque Estadual das Fontes do Ipiranga (S\u00e3o Paulo, Brazil)<br \/>\n<a href=\"http:\/\/www.scielo.br\/pdf\/hoehnea\/v38n3\/01.pdf\">artigo completo em pdf<\/a><\/p>\n<p><strong>BUENO, N.C., MEURER, T., BIOLO, S. &amp;, BICUDO, C.E.M.<\/strong><br \/>\nNovos registros de\u00a0<em>Nitella<\/em>\u00a0(Chlorophyta, Characeae) para regi\u00f5es dos Estados de Mato Grosso e Mato Grosso do Sul, Brasil. (New records of\u00a0<em>Nitella<\/em>\u00a0(Chlorophyta: Characeae)in Mato Grosso and Mato Grosso do Sul States, Brazil)<br \/>\n<a href=\"http:\/\/www.scielo.br\/pdf\/hoehnea\/v38n3\/02.pdf\">artigo completo em pdf<\/a><\/p>\n<p><strong>MARTINS, S.M.A. &amp; MARCELLI, M.P.<\/strong><br \/>\nSpecific distribution of lichens on\u00a0<em>Dodonaea viscosa<\/em>\u00a0L. in the restinga area of Itapu\u00e3 State Park in Southern Brazil. (Distribui\u00e7\u00e3o espec\u00edfica de liquens sobre\u00a0<em>Dodonaea viscosa<\/em>\u00a0L. no Parque Estadual<br \/>\nde Itapu\u00e3 no sul do Brasil)<br \/>\n<a href=\"http:\/\/www.scielo.br\/pdf\/hoehnea\/v38n3\/03.pdf\">artigo completo em pdf<\/a><\/p>\n<p><strong>MEDEIROS, M.C.M.P. &amp; AIDAR, M.P.M.<\/strong><br \/>\nStructural variation and content of aboveground living biomass in an area of Atlantic Forest in the State of S\u00e3o Paulo, Brazil. (Varia\u00e7\u00e3o estrutural e conte\u00fado de biomassa viva a\u00e9rea numa \u00e1rea de Mata Atl\u00e2ntica do Estado de S\u00e3o Paulo, Brasil)<br \/>\n<a href=\"http:\/\/www.scielo.br\/pdf\/hoehnea\/v38n3\/04.pdf\">artigo completo em pdf<\/a><\/p>\n<p><strong>YANO, O., PERALTA, D.F. &amp; BORDIN, J.<\/strong><br \/>\nAnt\u00f3ceros e Hep\u00e1ticas dos Estados de Alagoas, Bahia, Pernambuco e Sergipe, Brasil, depositados no Herb\u00e1rio SP. (Hornworts and Liverworts Alagoas, Bahia, Pernambuco and Sergipe States, deposited in SP herbarium)<br \/>\n<a href=\"http:\/\/www.scielo.br\/pdf\/hoehnea\/v38n3\/05.pdf\">artigo completo em pdf<\/a><\/p>\n<p><strong>MENEZES, V.C., BUENO, N.C., BORTOLINI, J.C., BIOLO, S. &amp; SIQUEIRA, N.S.<\/strong><br \/>\nO g\u00eanero\u00a0<em>Cosmarium<\/em>\u00a0Corda\u00a0<em>ex<\/em>\u00a0Ralfs (Desmidiaceae) no Reservat\u00f3rio de Itaipu, Paran\u00e1, Brasil. (The genus<em>Cosmarium<\/em>\u00a0Corda\u00a0<em>ex<\/em>\u00a0Ralfs (Desmidiaceae) in the Itaipu Reservoir, Paran\u00e1, Brazil)<br \/>\n<a href=\"http:\/\/www.scielo.br\/pdf\/hoehnea\/v38n3\/06.pdf\">artigo completo em pdf<\/a><\/p>\n<p><strong>SALES, E.O., BARRETO, C.F. &amp; BARTH, O.M.<\/strong><br \/>\nMorfologia pol\u00ednica de esp\u00e9cies de Euphorbiaceae\u00a0<em>s.l<\/em>. arb\u00f3reas ocorrentes no Estado de Santa Catarina,<br \/>\nBrasil. (Pollen morphology of arboreal species of Euphorbiaceae\u00a0<em>s.l<\/em>. at Santa Catarina State, Brazil)<br \/>\n<a href=\"http:\/\/www.scielo.br\/pdf\/hoehnea\/v38n3\/07.pdf\">artigo completo em pdf<\/a><\/p>\n<p><strong>HIRAI, R.Y. &amp; PRADO, J.<\/strong><br \/>\nCript\u00f3gamos do Parque Estadual das Fontes do Ipiranga, S\u00e3o Paulo, SP. Pteridophyta: 10. Hymenophyllaceae. (Cryptogams from \u201cParque Estadual das Fontes do Ipiranga\u201d, S\u00e3o Paulo, SP. Pteridophyta: 10. Hymenophyllaceae)<br \/>\n<a href=\"http:\/\/www.scielo.br\/pdf\/hoehnea\/v38n3\/08.pdf\">artigo completo em pdf<\/a><\/p>\n","protected":false},"excerpt":{"rendered":"<p>CONTE\u00daDO DESTE VOLUME Esta publica\u00e7\u00e3o \u00e9 indexada pelo LATINDEX, SCIRUS , SciELO Brasil e Rede BHL SciELO \u2013 Peri\u00f3dicos em Biodiversidade. This publicaction is indexed in the LATINDEX, SCIRUS , SciELO Brasil and Rede BHL SciELO \u2013 Peri\u00f3dicos em Biodiversidade. ARTIGOS\/ARTICLES VILLAGRA, B.L.P. &amp; ROMANIUC NETO, S. Plantas trepadeiras do Parque Estadual das Fontes do [&hellip;]<\/p>\n","protected":false},"author":1,"featured_media":0,"parent":40,"menu_order":3803,"comment_status":"closed","ping_status":"closed","template":"","meta":[],"_links":{"self":[{"href":"https:\/\/www.infraestruturameioambiente.sp.gov.br\/hoehnea\/wp-json\/wp\/v2\/pages\/436"}],"collection":[{"href":"https:\/\/www.infraestruturameioambiente.sp.gov.br\/hoehnea\/wp-json\/wp\/v2\/pages"}],"about":[{"href":"https:\/\/www.infraestruturameioambiente.sp.gov.br\/hoehnea\/wp-json\/wp\/v2\/types\/page"}],"author":[{"embeddable":true,"href":"https:\/\/www.infraestruturameioambiente.sp.gov.br\/hoehnea\/wp-json\/wp\/v2\/users\/1"}],"replies":[{"embeddable":true,"href":"https:\/\/www.infraestruturameioambiente.sp.gov.br\/hoehnea\/wp-json\/wp\/v2\/comments?post=436"}],"version-history":[{"count":1,"href":"https:\/\/www.infraestruturameioambiente.sp.gov.br\/hoehnea\/wp-json\/wp\/v2\/pages\/436\/revisions"}],"predecessor-version":[{"id":2328,"href":"https:\/\/www.infraestruturameioambiente.sp.gov.br\/hoehnea\/wp-json\/wp\/v2\/pages\/436\/revisions\/2328"}],"up":[{"embeddable":true,"href":"https:\/\/www.infraestruturameioambiente.sp.gov.br\/hoehnea\/wp-json\/wp\/v2\/pages\/40"}],"wp:attachment":[{"href":"https:\/\/www.infraestruturameioambiente.sp.gov.br\/hoehnea\/wp-json\/wp\/v2\/media?parent=436"}],"curies":[{"name":"wp","href":"https:\/\/api.w.org\/{rel}","templated":true}]}}