{"id":432,"date":"2013-04-30T13:46:45","date_gmt":"2013-04-30T16:46:45","guid":{"rendered":"http:\/\/www.ambiente.sp.gov.br\/hoehnea\/?page_id=432"},"modified":"2019-08-02T10:51:11","modified_gmt":"2019-08-02T13:51:11","slug":"v38f02","status":"publish","type":"page","link":"https:\/\/www.infraestruturameioambiente.sp.gov.br\/hoehnea\/fasciculos\/v38f02\/","title":{"rendered":"VOLUME 38- F2 \u2013 2011"},"content":{"rendered":"<p><strong>CONTE\u00daDO DESTE VOLUME<\/strong><\/p>\n<p>Esta publica\u00e7\u00e3o \u00e9 indexada pelo LATINDEX, SCIRUS , SciELO Brasil e Rede BHL SciELO \u2013 Peri\u00f3dicos em Biodiversidade. This publicaction is indexed in the LATINDEX, SCIRUS , SciELO Brasil and Rede BHL SciELO \u2013 Peri\u00f3dicos em Biodiversidade.<\/p>\n<p><strong>ARTIGOS\/ARTICLES<\/strong><\/p>\n<p><strong>VASQUES, D.T. &amp; PRADO, J.<\/strong><br \/>\n<em>Campyloneurum<\/em>\u00a0C. Presl (Polypodiaceae) no Estado de S\u00e3o Paulo, Brasil (<em>Campyloneurum<\/em>\u00a0C. Presl (Polypodiaceae) in S\u00e3o Paulo State, Brazil)<br \/>\n<a href=\"http:\/\/www.scielo.br\/pdf\/hoehnea\/v38n2\/01.pdf\">artigo completo em pdf<\/a><\/p>\n<p><strong>HATTORI, E.K.O. &amp; NAKAJIMA, J.N.<\/strong><br \/>\nA fam\u00edlia Asteraceae na Reserva Ecol\u00f3gica do Panga, Uberl\u00e2ndia, Minas Gerais, Brasil (Asteraceae from Panga Ecological Reserve, Uberlandia, Minas Gerais, Brazil)<br \/>\n<a href=\"http:\/\/www.scielo.br\/pdf\/hoehnea\/v38n2\/02.pdf\">artigo completo em pdf<\/a><\/p>\n<p><strong>OLIVEIRA, L.G., CAVALCANTI, M.A.Q., PASSAVANTE, J.Z.O., FERNANDES, M.J.S. &amp; LIMA, D.M.M.<\/strong><br \/>\nFilamentous fungi isolated from Candeias Beach, Pernambuco, Brazil (Fungos filamentosos isolados da praia de Candeias Pernambuco, Brasil)<br \/>\n<a href=\"http:\/\/www.scielo.br\/pdf\/hoehnea\/v38n2\/03.pdf\">artigo completo em pdf<\/a><\/p>\n<p><strong>CAVALHEIRO, L., RANGA, N.T. &amp; FURLAN, A.<\/strong><br \/>\n<em>Tournefortia<\/em>\u00a0L. (Boraginaceae): esp\u00e9cies do Brasil extra-amaz\u00f4nico (<em>Tournefortia<\/em>\u00a0L. (Boraginaceae): extra Amazonian Brazilian species)<br \/>\n<a href=\"http:\/\/www.scielo.br\/pdf\/hoehnea\/v38n2\/04.pdf\">artigo completo em pdf<\/a><\/p>\n<p><strong>BATISTA, G.G. &amp; BENATTI, M.N.<\/strong><br \/>\nG\u00eaneros de macroliquens do campus da Universidade Federal de S\u00e3o Carlos &#8211; UFSCar, Munic\u00edpio de S\u00e3o Carlos, Estado de S\u00e3o Paulo, Brasil (Macrolichen genera from the campus of Universidade Federal de S\u00e3o Carlos &#8211; UFSCar, S\u00e3o Carlos city, S\u00e3o Paulo State, Brazil)<br \/>\n<a href=\"http:\/\/www.scielo.br\/pdf\/hoehnea\/v38n2\/05.pdf\">artigo completo em pdf<\/a><\/p>\n<p><strong>ALVES-DA-SILVA, S.M., BICUDO, C.E.M., CONSONI, K.F., SILVA, L.S. &amp; BORGES, C.L.L.<\/strong><br \/>\nGenus\u00a0<em>Lepocinclis<\/em>\u00a0(Euglenophyceae) along five years in the area of influence of the Southern Petrochemical Pole, Rio Grande do Sul State, Brazil (O g\u00eanero\u00a0<em>Lepocinclis<\/em>\u00a0(Euglenophyceae) ao longo de cinco anos na \u00e1rea de influ\u00eancia do P\u00f3lo Petroqu\u00edmico do Sul, Estado do Rio Grande do Sul, Brasil)<br \/>\n<a href=\"http:\/\/www.scielo.br\/pdf\/hoehnea\/v38n2\/06.pdf\">artigo completo em pdf<\/a><\/p>\n<p><strong>PIMENTEL, C., OLIVEIRA, R.F., RIBEIRO, R.V., SANTOS, M.G. &amp; MACHADO, E.C.<\/strong><br \/>\nCaracter\u00edsticas fotossint\u00e9ticas de\u00a0<em>Phaseolus vulgaris<\/em>\u00a0L. (Photosynthetic characteristics of\u00a0<em>Phaseolus vulgaris<\/em>\u00a0L.)<br \/>\n<a href=\"http:\/\/www.scielo.br\/pdf\/hoehnea\/v38n2\/07.pdf\">artigo completo em pdf<\/a><\/p>\n<p><strong>ASSUN\u00c7\u00c3O, V.A., GUGLIERI-CAPORAL, A. &amp; SARTORI, \u00c2,L.B.<\/strong><br \/>\nFlor\u00edstica do estrato herb\u00e1ceo de um remanescente de cerrad\u00e3o em Campo Grande, Mato Grosso do Sul, Brasil (Floristic survey of the herbaceous layer of a cerrado woodland remnant in Campo Grande, Mato Grosso do Sul, Brazil)<br \/>\n<a href=\"http:\/\/www.scielo.br\/pdf\/hoehnea\/v38n2\/08.pdf\">artigo completo em pdf<\/a><\/p>\n<p><strong>GUGLIERI-CAPORAL, A., CAPORAL, F.J.M., POTT, A., VINCI-CARLOS, H.C. &amp; MORALES, C.A.S.<\/strong><br \/>\nRevegeta\u00e7\u00e3o espont\u00e2nea de vo\u00e7oroca na regi\u00e3o de Cerrado, Mato Grosso do Sul, Brasil (Spontaneous revegetation of gully in the Cerrado region, Mato Grosso do Sul State, Brazil)<br \/>\n<a href=\"http:\/\/www.scielo.br\/pdf\/hoehnea\/v38n2\/09.pdf\">artigo completo em pdf<\/a><\/p>\n<p><strong>CARVALHO, P.G., VAN MELLIS, J. ASCEN\u00c7\u00c3O, B.M., CESTARI, F.M., ALVES, L.F. &amp; GROMBONE-GUARATINI, M.T.<\/strong><br \/>\nAbund\u00e2ncia e biomassa de lianas em um fragmento de floresta Atl\u00e2ntica (Liana abundance and biomass in an Atlantic forest fragment)<br \/>\n<a href=\"http:\/\/www.scielo.br\/pdf\/hoehnea\/v38n2\/10.pdf\">artigo completo em pdf<\/a><\/p>\n<p><strong>NOTA CIENT\u00cdFICA\/SCIENTIFIC NOTE<\/strong><\/p>\n<p><strong>CAPORAL, F.J.M., GUGLIERI-CAPORAL, A. &amp; MELO, E.<\/strong><br \/>\nConfirma\u00e7\u00e3o da ocorr\u00eancia de\u00a0<em>Rumex cuneifolius<\/em>\u00a0Campd. (Polygonaceae) no Brasil (Confirmation of occurrence of<em>Rumex cuneifolius<\/em>\u00a0Campd. (Polygonaceae) in Brazil)<br \/>\n<a href=\"http:\/\/www.scielo.br\/pdf\/hoehnea\/v38n2\/11.pdf\">artigo completo em pdf<\/a><\/p>\n<p><strong>CORREIA, M.C.R., BENEVIDES, C.R. &amp; LIMA, H.A.<\/strong><br \/>\nDois casos de poliembrionia em Clusiaceae:\u00a0<em>Clusia criuva<\/em>\u00a0Cambess. e\u00a0<em>Clusia fluminensis<\/em>\u00a0Planch. &amp; Triana (Two cases of polyembryony in Clusiaceae:\u00a0<em>Clusia criuva<\/em>\u00a0Cambess. and\u00a0<em>Clusia fluminensis<\/em>\u00a0Planch. &amp; Triana)<br \/>\n<a href=\"http:\/\/www.scielo.br\/pdf\/hoehnea\/v38n2\/12.pdf\">artigo completo em pdf<\/a><\/p>\n","protected":false},"excerpt":{"rendered":"<p>CONTE\u00daDO DESTE VOLUME Esta publica\u00e7\u00e3o \u00e9 indexada pelo LATINDEX, SCIRUS , SciELO Brasil e Rede BHL SciELO \u2013 Peri\u00f3dicos em Biodiversidade. This publicaction is indexed in the LATINDEX, SCIRUS , SciELO Brasil and Rede BHL SciELO \u2013 Peri\u00f3dicos em Biodiversidade. ARTIGOS\/ARTICLES VASQUES, D.T. &amp; PRADO, J. Campyloneurum\u00a0C. Presl (Polypodiaceae) no Estado de S\u00e3o Paulo, Brasil [&hellip;]<\/p>\n","protected":false},"author":1,"featured_media":0,"parent":40,"menu_order":3802,"comment_status":"closed","ping_status":"closed","template":"","meta":[],"_links":{"self":[{"href":"https:\/\/www.infraestruturameioambiente.sp.gov.br\/hoehnea\/wp-json\/wp\/v2\/pages\/432"}],"collection":[{"href":"https:\/\/www.infraestruturameioambiente.sp.gov.br\/hoehnea\/wp-json\/wp\/v2\/pages"}],"about":[{"href":"https:\/\/www.infraestruturameioambiente.sp.gov.br\/hoehnea\/wp-json\/wp\/v2\/types\/page"}],"author":[{"embeddable":true,"href":"https:\/\/www.infraestruturameioambiente.sp.gov.br\/hoehnea\/wp-json\/wp\/v2\/users\/1"}],"replies":[{"embeddable":true,"href":"https:\/\/www.infraestruturameioambiente.sp.gov.br\/hoehnea\/wp-json\/wp\/v2\/comments?post=432"}],"version-history":[{"count":1,"href":"https:\/\/www.infraestruturameioambiente.sp.gov.br\/hoehnea\/wp-json\/wp\/v2\/pages\/432\/revisions"}],"predecessor-version":[{"id":2327,"href":"https:\/\/www.infraestruturameioambiente.sp.gov.br\/hoehnea\/wp-json\/wp\/v2\/pages\/432\/revisions\/2327"}],"up":[{"embeddable":true,"href":"https:\/\/www.infraestruturameioambiente.sp.gov.br\/hoehnea\/wp-json\/wp\/v2\/pages\/40"}],"wp:attachment":[{"href":"https:\/\/www.infraestruturameioambiente.sp.gov.br\/hoehnea\/wp-json\/wp\/v2\/media?parent=432"}],"curies":[{"name":"wp","href":"https:\/\/api.w.org\/{rel}","templated":true}]}}