{"id":428,"date":"2013-04-30T13:39:35","date_gmt":"2013-04-30T16:39:35","guid":{"rendered":"http:\/\/www.ambiente.sp.gov.br\/hoehnea\/?page_id=428"},"modified":"2019-08-02T10:50:16","modified_gmt":"2019-08-02T13:50:16","slug":"v38f01","status":"publish","type":"page","link":"https:\/\/www.infraestruturameioambiente.sp.gov.br\/hoehnea\/fasciculos\/v38f01\/","title":{"rendered":"VOLUME 38- F1 \u2013 2011"},"content":{"rendered":"<p><strong>CONTE\u00daDO DESTE VOLUME<\/strong><\/p>\n<p>Esta publica\u00e7\u00e3o \u00e9 indexada pelo LATINDEX, SCIRUS , SciELO Brasil e Rede BHL SciELO \u2013 Peri\u00f3dicos em Biodiversidade. This publicaction is indexed in the LATINDEX, SCIRUS , SciELO Brasil and Rede BHL SciELO \u2013 Peri\u00f3dicos em Biodiversidade.<\/p>\n<p><strong>ARTIGOS\/ARTICLES<\/strong><\/p>\n<p><strong>MELO, H.C.\u00a0<\/strong><br \/>\nEspessamento em fi de parede celular. (Phi thickening of cell wall)<br \/>\n<a href=\"http:\/\/www.scielo.br\/pdf\/hoehnea\/v38n1\/a01v38n1.pdf\">artigo completo em pdf<\/a><\/p>\n<p><strong>FERNANDES, J.F., GARCIA, F.C.P., SIQUEIRA, L.C. &amp; MAROTTA, C.P.B.\u00a0<\/strong><br \/>\nLeguminosae em fragmentos de floresta estacional semidecidual, Araponga, MG: \u00e1rvores e lianas. (Leguminosae in fragments of seasonal semideciduous forest, Araponga, MG: trees and lianas)<br \/>\n<a href=\"http:\/\/www.scielo.br\/pdf\/hoehnea\/v38n1\/a02v38n1.pdf\">artigo completo em pdf<\/a><\/p>\n<p><strong>BICUDO, C.E.\u00a0<\/strong><br \/>\nCript\u00f3gamos do Parque Estadual das Fontes do Ipiranga, S\u00e3o Paulo, SP. Algas. 31: Euglenophyceae (Euglenaceae n\u00e3o-pigmentadas. (Cryptogams of the \u201cParque Estadual das Fontes do Ipiranga\u201d, S\u00e3o Paulo, SP. Algae, 31: Euglenophyceae (non-pigmented Euglenaceae)<br \/>\n<a href=\"http:\/\/www.scielo.br\/pdf\/hoehnea\/v38n1\/a03v38n1.pdf\">artigo completo em pdf<\/a><\/p>\n<p><strong>LONGUI, E.L., ROMEIRO, D. SILVA, M.T., RIBEIRO, A., GOUVEIA, T.C., LIMA, I.L. &amp; FLOR\u00acSHEIM, S.M.B.<\/strong><br \/>\nCaracteriza\u00e7\u00e3o do lenho e varia\u00e7\u00e3o radial de\u00a0<em>Pittosporum undulatum<\/em>\u00a0Vent. &#8211; pau-incenso. (Characterization of wood and radial variation of\u00a0<em>Pittosporum undulatum<\/em>\u00a0Vent. &#8211; pau-incenso)<br \/>\n<a href=\"http:\/\/www.scielo.br\/pdf\/hoehnea\/v38n1\/a04v38n1.pdf\">artigo completo em pdf<\/a><\/p>\n<p><strong>SILVA, I.V. &amp; SCATENA, V.L.\u00a0<\/strong><br \/>\nAnatomia de escapos de esp\u00e9cies de Bromeliaceae da Amaz\u00f4nia, Mato Grosso, Brasil. (Anatomy of the scapes of species of Bromeliaceae from the Amazon, Mato Grosso, Brazil)<br \/>\n<a href=\"http:\/\/www.scielo.br\/pdf\/hoehnea\/v38n1\/a05v38n1.pdf\">artigo completo em pdf<\/a><\/p>\n<p><strong>EISENLOHR, P.V., MELO, M.M.R.F., SILVA, M.R., SCHMAL, P., FERREIRA-J\u00daNIOR, W.G., DIAS, A.S. &amp; SILVA, A.F.<\/strong><br \/>\nFloristic variations in a woody plant community along a trail in a Semideciduous Seasonal Forest, Vi\u00e7osa, Minas Gerais State, Brazil. (Varia\u00e7\u00f5es na composi\u00e7\u00e3o flor\u00edstica em uma comunidade de plantas lenhosas adjacente a uma trilha de Floresta Estacional Semidecidual, Vi\u00e7osa, MG, Brasil)<br \/>\n<a href=\"http:\/\/www.scielo.br\/pdf\/hoehnea\/v38n1\/a06v38n1.pdf\">artigo completo em pdf<\/a><\/p>\n<p><strong>LIMA, M.E.L., CORDEIRO, I. &amp; MORENO, P.R.H.\u00a0<\/strong><br \/>\nEstrutura do componente arb\u00f3reo em Floresta Ombr\u00f3fila Densa Montana no Parque Natural Municipal Nascentes de Paranapiacaba (PNMNP), Santo Andr\u00e9, SP, Brasil. (Structure of the tree component in montane tropical rain forest in the Parque Natural Municipal Nascentes de Paranapiacaba (PNMNP), Santo Andr\u00e9, S\u00e3o Paulo State, Brazil)<br \/>\n<a href=\"http:\/\/www.scielo.br\/pdf\/hoehnea\/v38n1\/a07v38n1.pdf\">artigo completo em pdf<\/a><\/p>\n<p><strong>BICUDO, C.E.M.\u00a0<\/strong><br \/>\nCript\u00f3gamos do Parque Estadual das Fontes do Ipiranga, S\u00e3o Paulo, SP. Algas. 32: Dinophyceae (fam\u00edlias Dinococcaceae, Gymnodiniaceae e Hemidiniaceae). (Cryptogams of the \u201cParque Estadual das Fontes do Ipiranga\u201d, S\u00e3o Paulo, SP. Algae, 32: Dinophyceae (families Dinococcaceae, Gymnodiniaceae and Hemidiniaceae))<br \/>\n<a href=\"http:\/\/www.scielo.br\/pdf\/hoehnea\/v38n1\/a08v38n1.pdf\">artigo completo em pdf<\/a><\/p>\n<p><strong>CORR\u00caA, A.M.S. &amp; CRUZ-BARROS, M.A.V.\u00a0<\/strong><br \/>\nFlora pol\u00ednica da Reserva do Parque Estadual das Fontes do Ipiranga (S\u00e3o Paulo, Brasil). Fam\u00edlias: 67-Ericaceae, 96-Olacaceae e 126-Trigoniaceae. (Pollen flora of \u201cReserva do Parque Estadual das Fontes do Ipiranga\u201d (S\u00e3o Paulo, Brasil). Families: 67-Ericaceae, 96-Olacaceae and 126- Trigoniaceae)<br \/>\n<a href=\"http:\/\/www.scielo.br\/pdf\/hoehnea\/v38n1\/a09v38n1.pdf\">artigo completo em pdf<\/a><\/p>\n<p><strong>PILON, N.A.L. &amp; DURIGAN, G.\u00a0<\/strong><br \/>\nA mulher na bot\u00e2nica: quest\u00f5es de g\u00eanero na participa\u00e7\u00e3o feminina em congressos de bot\u00e2nica no Brasil. (Woman in botany: gender issues in women\u2019s participation in botanical congresses in Brazil)<br \/>\n<a href=\"http:\/\/www.scielo.br\/pdf\/hoehnea\/v38n1\/a10v38n1.pdf\">artigo completo em pdf<\/a><\/p>\n<p><strong>MARTINS, E.R. &amp; LIMA, L.R.\u00a0<\/strong><br \/>\nSinopse do g\u00eanero\u00a0<em>Phyllanthus<\/em>\u00a0L. (Phyllanthaceae) do Estado de S\u00e3o Paulo. (Synopsis of the genus\u00a0<em>Phyllanthus<\/em>\u00a0L. (Phyllanthaceae) of S\u00e3o Paulo state)<br \/>\n<a href=\"http:\/\/www.scielo.br\/pdf\/hoehnea\/v38n1\/a11v38n1.pdf\">artigo completo em pdf<\/a><\/p>\n<p><strong>GOMES, M.P., MARQUES, T.C.L.L.S.M., NOGUEIRA, M.O.G., SILVA, G.H., CASTRO, E.M. &amp; SOARES, \u00c2.M.\u00a0<\/strong><br \/>\nEfeitos dos rejeitos da ind\u00fastria de zinco na anatomia e crescimento de plantas jovens de\u00a0<em>Salix humboldtiana<\/em>Willd. (salgueiro). (Effects of tailings from zinc industry in the anatomy and growth of young plants of\u00a0<em>Salix humboldtiana<\/em>\u00a0Willd. (willow))<br \/>\n<a href=\"http:\/\/www.scielo.br\/pdf\/hoehnea\/v38n1\/a12v38n1.pdf\">artigo completo em pdf<\/a><\/p>\n<p><strong>SILVA, R.R. &amp; TOZZI, A.M.G.A.<\/strong><br \/>\nUma nova esp\u00e9cie de\u00a0<em>Mimosa<\/em>\u00a0L. (Leguminosae, Mimosoideae) do Centro-Oeste do Brasil. (A new species of\u00a0<em>Mimosa<\/em>L. (Leguminosae, Mimosoideae) from Midwestern Brazil)<br \/>\n<a href=\"http:\/\/www.scielo.br\/pdf\/hoehnea\/v38n1\/a13v38n1.pdf\">artigo completo em pdf<\/a><\/p>\n","protected":false},"excerpt":{"rendered":"<p>CONTE\u00daDO DESTE VOLUME Esta publica\u00e7\u00e3o \u00e9 indexada pelo LATINDEX, SCIRUS , SciELO Brasil e Rede BHL SciELO \u2013 Peri\u00f3dicos em Biodiversidade. This publicaction is indexed in the LATINDEX, SCIRUS , SciELO Brasil and Rede BHL SciELO \u2013 Peri\u00f3dicos em Biodiversidade. ARTIGOS\/ARTICLES MELO, H.C.\u00a0 Espessamento em fi de parede celular. (Phi thickening of cell wall) artigo [&hellip;]<\/p>\n","protected":false},"author":1,"featured_media":0,"parent":40,"menu_order":3801,"comment_status":"closed","ping_status":"closed","template":"","meta":[],"_links":{"self":[{"href":"https:\/\/www.infraestruturameioambiente.sp.gov.br\/hoehnea\/wp-json\/wp\/v2\/pages\/428"}],"collection":[{"href":"https:\/\/www.infraestruturameioambiente.sp.gov.br\/hoehnea\/wp-json\/wp\/v2\/pages"}],"about":[{"href":"https:\/\/www.infraestruturameioambiente.sp.gov.br\/hoehnea\/wp-json\/wp\/v2\/types\/page"}],"author":[{"embeddable":true,"href":"https:\/\/www.infraestruturameioambiente.sp.gov.br\/hoehnea\/wp-json\/wp\/v2\/users\/1"}],"replies":[{"embeddable":true,"href":"https:\/\/www.infraestruturameioambiente.sp.gov.br\/hoehnea\/wp-json\/wp\/v2\/comments?post=428"}],"version-history":[{"count":1,"href":"https:\/\/www.infraestruturameioambiente.sp.gov.br\/hoehnea\/wp-json\/wp\/v2\/pages\/428\/revisions"}],"predecessor-version":[{"id":2326,"href":"https:\/\/www.infraestruturameioambiente.sp.gov.br\/hoehnea\/wp-json\/wp\/v2\/pages\/428\/revisions\/2326"}],"up":[{"embeddable":true,"href":"https:\/\/www.infraestruturameioambiente.sp.gov.br\/hoehnea\/wp-json\/wp\/v2\/pages\/40"}],"wp:attachment":[{"href":"https:\/\/www.infraestruturameioambiente.sp.gov.br\/hoehnea\/wp-json\/wp\/v2\/media?parent=428"}],"curies":[{"name":"wp","href":"https:\/\/api.w.org\/{rel}","templated":true}]}}