{"id":14,"date":"2013-04-23T14:51:18","date_gmt":"2013-04-23T17:51:18","guid":{"rendered":"http:\/\/www.ambiente.sp.gov.br\/hoehnea\/?page_id=14"},"modified":"2023-07-10T09:09:35","modified_gmt":"2023-07-10T12:09:35","slug":"instrucoes-aos-autores","status":"publish","type":"page","link":"https:\/\/www.infraestruturameioambiente.sp.gov.br\/hoehnea\/instrucoes-aos-autores\/","title":{"rendered":"Instru\u00e7\u00f5es aos autores"},"content":{"rendered":"<ul>\n<li><strong><a href=\"http:\/\/www.scielo.br\/revistas\/hoehnea\/pinstruc.htm\">Instru\u00e7\u00f5es aos autores<\/a><\/strong><\/li>\n<li><strong><a href=\"http:\/\/www.scielo.br\/revistas\/hoehnea\/iinstruc.htm\">Instructions to authors<\/a><\/strong><\/li>\n<li><strong><a href=\"http:\/\/www.scielo.br\/revistas\/hoehnea\/einstruc.htm\">Instrucciones a los autores<\/a><\/strong><\/li>\n<\/ul>\n<p style=\"text-align: justify\"><span style=\"color: #ff0000\"><strong>ATEN\u00c7\u00c3O: a partir do dia 01 de fevereiro de 2018, todos os Autores e co-Autores dever\u00e3o cadastrar-se no ORCID quando submeterem um novo manuscrito.<\/strong><\/span><\/p>\n<p><strong>Link ORCID:\u00a0<a href=\"https:\/\/orcid.org\/signin\">https:\/\/orcid.org\/signin<\/a><\/strong><\/p>\n<p><strong>D\u00favidas: <a href=\"mailto:hoehneaibt@gmail.com\">hoehneaibt@gmail.com<\/a> ou pelos telefones (11) 5067-6051\/6057<\/strong><\/p>\n<p style=\"text-align: center\"><span style=\"color: #ff9900\"><a style=\"color: #ff9900\" href=\"https:\/\/mc04.manuscriptcentral.com\/hoehnea-scielo\"><strong><img decoding=\"async\" loading=\"lazy\" class=\"wp-image-2102 aligncenter\" src=\"https:\/\/smastr16.blob.core.windows.net\/hoehnea\/2013\/04\/scholarone_thomsonre_web.png\" width=\"325\" height=\"72\" \/>ENTRE NO SITE DO SCHOLARONE<\/strong><\/a><\/span><\/p>\n","protected":false},"excerpt":{"rendered":"<p>Instru\u00e7\u00f5es aos autores Instructions to authors Instrucciones a los autores ATEN\u00c7\u00c3O: a partir do dia 01 de fevereiro de 2018, todos os Autores e co-Autores dever\u00e3o cadastrar-se no ORCID quando submeterem um novo manuscrito. Link ORCID:\u00a0https:\/\/orcid.org\/signin D\u00favidas: hoehneaibt@gmail.com ou pelos telefones (11) 5067-6051\/6057 ENTRE NO SITE DO SCHOLARONE<\/p>\n","protected":false},"author":1,"featured_media":0,"parent":0,"menu_order":3,"comment_status":"closed","ping_status":"open","template":"","meta":[],"_links":{"self":[{"href":"https:\/\/www.infraestruturameioambiente.sp.gov.br\/hoehnea\/wp-json\/wp\/v2\/pages\/14"}],"collection":[{"href":"https:\/\/www.infraestruturameioambiente.sp.gov.br\/hoehnea\/wp-json\/wp\/v2\/pages"}],"about":[{"href":"https:\/\/www.infraestruturameioambiente.sp.gov.br\/hoehnea\/wp-json\/wp\/v2\/types\/page"}],"author":[{"embeddable":true,"href":"https:\/\/www.infraestruturameioambiente.sp.gov.br\/hoehnea\/wp-json\/wp\/v2\/users\/1"}],"replies":[{"embeddable":true,"href":"https:\/\/www.infraestruturameioambiente.sp.gov.br\/hoehnea\/wp-json\/wp\/v2\/comments?post=14"}],"version-history":[{"count":4,"href":"https:\/\/www.infraestruturameioambiente.sp.gov.br\/hoehnea\/wp-json\/wp\/v2\/pages\/14\/revisions"}],"predecessor-version":[{"id":2420,"href":"https:\/\/www.infraestruturameioambiente.sp.gov.br\/hoehnea\/wp-json\/wp\/v2\/pages\/14\/revisions\/2420"}],"wp:attachment":[{"href":"https:\/\/www.infraestruturameioambiente.sp.gov.br\/hoehnea\/wp-json\/wp\/v2\/media?parent=14"}],"curies":[{"name":"wp","href":"https:\/\/api.w.org\/{rel}","templated":true}]}}