{"id":36288,"date":"2023-05-24T12:48:51","date_gmt":"2023-05-24T15:48:51","guid":{"rendered":"https:\/\/www.infraestruturameioambiente.sp.gov.br\/editais\/?page_id=36288"},"modified":"2023-05-24T12:52:35","modified_gmt":"2023-05-24T15:52:35","slug":"camisa-combat-shirt","status":"publish","type":"page","link":"https:\/\/www.infraestruturameioambiente.sp.gov.br\/editais\/documentos-de-instrucao\/camisa-combat-shirt\/","title":{"rendered":"Camisa Combat Shirt"},"content":{"rendered":"<p><strong>Edital<\/strong><\/p>\n<ul>\n<li><a href=\"https:\/\/smastr16.blob.core.windows.net\/editais\/sites\/41\/2023\/05\/edital.pdf\">Edital 198\/0027\/22<\/a><\/li>\n<\/ul>\n<p><strong>Parecer Jur\u00eddico<\/strong><\/p>\n<ul>\n<li><a href=\"https:\/\/smastr16.blob.core.windows.net\/editais\/sites\/41\/2023\/05\/parecer.pdf\">Parecer CJ\/PM<\/a><\/li>\n<\/ul>\n<p><strong>Homologa\u00e7\u00e3o\u00a0<\/strong><\/p>\n<ul>\n<li><a href=\"https:\/\/smastr16.blob.core.windows.net\/editais\/sites\/41\/2023\/05\/homologacao-e-doe.pdf\">Homologa\u00e7\u00e3o e DOE<\/a><\/li>\n<\/ul>\n<p><strong>Atas<\/strong><\/p>\n<ul>\n<li><a href=\"https:\/\/smastr16.blob.core.windows.net\/editais\/sites\/41\/2023\/05\/ata-de-registro-de-precos-e-doe.pdf\"><span class=\"x_x_x_x_x_x_x_x_x_ContentPasted0\"><span class=\"x_x_x_x_x_x_x_x_x_x_elementToProof\"><span class=\"x_x_x_x_x_x_x_x_x_x_x_x_FluidPluginCopy\"><span class=\"x_x_x_x_x_x_x_x_x_x_x_x_x_elementToProof x_x_x_x_x_x_x_x_x_x_x_x_FluidPluginCopy\"><span class=\"x_x_x_x_x_x_x_x_x_x_x_x_x_FluidPluginCopy\"><span class=\"x_x_x_x_x_x_x_x_x_ContentPasted0 x_x_x_ContentPasted2 x_x_ContentPasted0 x_ContentPasted0\">ARP CPAMB &#8211; 0025\/1.3\/2022 e Extrato DOE<\/span><\/span><\/span><\/span><\/span><\/span><\/a><\/li>\n<li><a href=\"https:\/\/smastr16.blob.core.windows.net\/editais\/sites\/41\/2023\/05\/termo-de-prorrogacao-e-doe.pdf\"><span class=\"x_x_x_x_x_x_x_x_x_ContentPasted0\"><span class=\"x_x_x_x_x_x_x_x_x_x_elementToProof\"><span class=\"x_x_x_x_x_x_x_x_x_x_x_x_FluidPluginCopy\"><span class=\"x_x_x_x_x_x_x_x_x_x_x_x_x_elementToProof x_x_x_x_x_x_x_x_x_x_x_x_FluidPluginCopy\"><span class=\"x_x_x_x_x_x_x_x_x_x_x_x_x_FluidPluginCopy\"><span class=\"x_x_x_x_x_x_x_x_x_ContentPasted0 x_x_x_ContentPasted2 x_x_ContentPasted0 x_ContentPasted0\">Termo de Prorroga\u00e7\u00e3o e DOE<\/span><\/span><\/span><\/span><\/span><\/span><\/a><\/li>\n<li><a href=\"https:\/\/smastr16.blob.core.windows.net\/editais\/sites\/41\/2023\/05\/termo-de-referencia.pdf\"><span class=\"x_x_x_x_x_x_x_x_x_ContentPasted0\"><span class=\"x_x_x_x_x_x_x_x_x_x_elementToProof\"><span class=\"x_x_x_x_x_x_x_x_x_x_x_x_FluidPluginCopy\"><span class=\"x_x_x_x_x_x_x_x_x_x_x_x_x_elementToProof x_x_x_x_x_x_x_x_x_x_x_x_FluidPluginCopy\"><span class=\"x_x_x_x_x_x_x_x_x_x_x_x_x_FluidPluginCopy\"><span class=\"x_x_x_x_x_x_x_x_x_ContentPasted0 x_x_x_ContentPasted2 x_x_ContentPasted0 x_ContentPasted0\">Termo de Refer\u00eancia<\/span><\/span><\/span><\/span><\/span><\/span><\/a><\/li>\n<\/ul>\n<p>&nbsp;<\/p>\n","protected":false},"excerpt":{"rendered":"<p>Edital Edital 198\/0027\/22 Parecer Jur\u00eddico Parecer CJ\/PM Homologa\u00e7\u00e3o\u00a0 Homologa\u00e7\u00e3o e DOE Atas ARP CPAMB &#8211; 0025\/1.3\/2022 e Extrato DOE Termo de Prorroga\u00e7\u00e3o e DOE Termo de Refer\u00eancia &nbsp;<\/p>\n","protected":false},"author":86,"featured_media":0,"parent":26017,"menu_order":0,"comment_status":"closed","ping_status":"closed","template":"","meta":[],"_links":{"self":[{"href":"https:\/\/www.infraestruturameioambiente.sp.gov.br\/editais\/wp-json\/wp\/v2\/pages\/36288"}],"collection":[{"href":"https:\/\/www.infraestruturameioambiente.sp.gov.br\/editais\/wp-json\/wp\/v2\/pages"}],"about":[{"href":"https:\/\/www.infraestruturameioambiente.sp.gov.br\/editais\/wp-json\/wp\/v2\/types\/page"}],"author":[{"embeddable":true,"href":"https:\/\/www.infraestruturameioambiente.sp.gov.br\/editais\/wp-json\/wp\/v2\/users\/86"}],"replies":[{"embeddable":true,"href":"https:\/\/www.infraestruturameioambiente.sp.gov.br\/editais\/wp-json\/wp\/v2\/comments?post=36288"}],"version-history":[{"count":3,"href":"https:\/\/www.infraestruturameioambiente.sp.gov.br\/editais\/wp-json\/wp\/v2\/pages\/36288\/revisions"}],"predecessor-version":[{"id":36298,"href":"https:\/\/www.infraestruturameioambiente.sp.gov.br\/editais\/wp-json\/wp\/v2\/pages\/36288\/revisions\/36298"}],"up":[{"embeddable":true,"href":"https:\/\/www.infraestruturameioambiente.sp.gov.br\/editais\/wp-json\/wp\/v2\/pages\/26017"}],"wp:attachment":[{"href":"https:\/\/www.infraestruturameioambiente.sp.gov.br\/editais\/wp-json\/wp\/v2\/media?parent=36288"}],"curies":[{"name":"wp","href":"https:\/\/api.w.org\/{rel}","templated":true}]}}