{"id":35343,"date":"2022-09-05T16:34:02","date_gmt":"2022-09-05T19:34:02","guid":{"rendered":"https:\/\/www.infraestruturameioambiente.sp.gov.br\/editais\/?page_id=35343"},"modified":"2023-03-21T09:24:01","modified_gmt":"2023-03-21T12:24:01","slug":"reducao-de-agua","status":"publish","type":"page","link":"https:\/\/www.infraestruturameioambiente.sp.gov.br\/editais\/documentos-de-instrucao\/reducao-de-agua\/","title":{"rendered":"Redu\u00e7\u00e3o de \u00e1gua"},"content":{"rendered":"<p><strong>Edital<\/strong><\/p>\n<ul>\n<li><a href=\"https:\/\/smastr16.blob.core.windows.net\/editais\/sites\/41\/2022\/09\/edital-reducao-de-agua.pdf\">20\/2022\/CACC-RP<\/a><\/li>\n<\/ul>\n<p><strong>Parecer Jur\u00eddico<\/strong><\/p>\n<ul>\n<li><a href=\"https:\/\/smastr16.blob.core.windows.net\/editais\/sites\/41\/2022\/09\/parecer-cj-325-2022-reducao-consumo-agua.pdf\">Parecer CJ<\/a><\/li>\n<\/ul>\n<p><strong>Homologa\u00e7\u00e3o<\/strong><\/p>\n<ul>\n<li><a href=\"https:\/\/smastr16.blob.core.windows.net\/editais\/sites\/41\/2022\/09\/homologacao-e-doe-20-2022-cacc-rp.pdf\">Homologa\u00e7\u00e3o e DOE<\/a><\/li>\n<\/ul>\n<p><strong>Ata<\/strong><\/p>\n<ul>\n<li><a href=\"https:\/\/smastr16.blob.core.windows.net\/editais\/sites\/41\/2022\/11\/arp-31-2022-e-doe-1.pdf\">ARP 31\/2022 e DOE<\/a><\/li>\n<li><a href=\"https:\/\/smastr16.blob.core.windows.net\/editais\/sites\/41\/2023\/03\/pesquisa-de-precos_dez_2022.pdf\">1\u00aa<\/a> e <a href=\"https:\/\/smastr16.blob.core.windows.net\/editais\/sites\/41\/2023\/03\/pesquisa-de-precos_marco_2023.pdf\">2\u00aa<\/a> Pesquisa e Publica\u00e7\u00e3o DOE (<a href=\"https:\/\/smastr16.blob.core.windows.net\/editais\/sites\/41\/2023\/03\/publicacao-doe-1-e-2-pesquisa.pdf\">Parte 1<\/a>) (<a href=\"https:\/\/smastr16.blob.core.windows.net\/editais\/sites\/41\/2023\/03\/publicacao-doe-1-e-2-pesquisa-2.pdf\">Parte 2<\/a>)<\/li>\n<\/ul>\n","protected":false},"excerpt":{"rendered":"<p>Edital 20\/2022\/CACC-RP Parecer Jur\u00eddico Parecer CJ Homologa\u00e7\u00e3o Homologa\u00e7\u00e3o e DOE Ata ARP 31\/2022 e DOE 1\u00aa e 2\u00aa Pesquisa e Publica\u00e7\u00e3o DOE (Parte 1) (Parte 2)<\/p>\n","protected":false},"author":4,"featured_media":0,"parent":26017,"menu_order":0,"comment_status":"closed","ping_status":"closed","template":"","meta":[],"_links":{"self":[{"href":"https:\/\/www.infraestruturameioambiente.sp.gov.br\/editais\/wp-json\/wp\/v2\/pages\/35343"}],"collection":[{"href":"https:\/\/www.infraestruturameioambiente.sp.gov.br\/editais\/wp-json\/wp\/v2\/pages"}],"about":[{"href":"https:\/\/www.infraestruturameioambiente.sp.gov.br\/editais\/wp-json\/wp\/v2\/types\/page"}],"author":[{"embeddable":true,"href":"https:\/\/www.infraestruturameioambiente.sp.gov.br\/editais\/wp-json\/wp\/v2\/users\/4"}],"replies":[{"embeddable":true,"href":"https:\/\/www.infraestruturameioambiente.sp.gov.br\/editais\/wp-json\/wp\/v2\/comments?post=35343"}],"version-history":[{"count":5,"href":"https:\/\/www.infraestruturameioambiente.sp.gov.br\/editais\/wp-json\/wp\/v2\/pages\/35343\/revisions"}],"predecessor-version":[{"id":36028,"href":"https:\/\/www.infraestruturameioambiente.sp.gov.br\/editais\/wp-json\/wp\/v2\/pages\/35343\/revisions\/36028"}],"up":[{"embeddable":true,"href":"https:\/\/www.infraestruturameioambiente.sp.gov.br\/editais\/wp-json\/wp\/v2\/pages\/26017"}],"wp:attachment":[{"href":"https:\/\/www.infraestruturameioambiente.sp.gov.br\/editais\/wp-json\/wp\/v2\/media?parent=35343"}],"curies":[{"name":"wp","href":"https:\/\/api.w.org\/{rel}","templated":true}]}}