{"id":35291,"date":"2022-08-19T17:01:39","date_gmt":"2022-08-19T20:01:39","guid":{"rendered":"https:\/\/www.infraestruturameioambiente.sp.gov.br\/editais\/?page_id=35291"},"modified":"2022-08-19T17:01:39","modified_gmt":"2022-08-19T20:01:39","slug":"desktop","status":"publish","type":"page","link":"https:\/\/www.infraestruturameioambiente.sp.gov.br\/editais\/documentos-de-instrucao\/desktop\/","title":{"rendered":"Desktop"},"content":{"rendered":"<p><strong>Edital<\/strong><\/p>\n<ul>\n<li><a href=\"https:\/\/smastr16.blob.core.windows.net\/editais\/sites\/41\/2022\/08\/edital-062-2022.pdf\">062\/2022<\/a><\/li>\n<\/ul>\n<p><strong>Parecer Jur\u00eddico<\/strong><\/p>\n<ul>\n<li><a href=\"https:\/\/smastr16.blob.core.windows.net\/editais\/sites\/41\/2022\/08\/parecer-juridico-417-2022.pdf\">Parecer CJ<\/a><\/li>\n<\/ul>\n<p><strong>Homologa\u00e7\u00e3o<\/strong><\/p>\n<ul>\n<li><a href=\"https:\/\/smastr16.blob.core.windows.net\/editais\/sites\/41\/2022\/08\/homologacao-e-doe-desktop.pdf\">Homologa\u00e7\u00e3o e DOE<\/a><\/li>\n<\/ul>\n<p><strong>Ata<\/strong><\/p>\n<ul>\n<li><a href=\"https:\/\/smastr16.blob.core.windows.net\/editais\/sites\/41\/2022\/08\/ata-12-2022-e-doe.pdf\">ARP 012\/2022 e Extrato DOE<\/a><\/li>\n<\/ul>\n","protected":false},"excerpt":{"rendered":"<p>Edital 062\/2022 Parecer Jur\u00eddico Parecer CJ Homologa\u00e7\u00e3o Homologa\u00e7\u00e3o e DOE Ata ARP 012\/2022 e Extrato DOE<\/p>\n","protected":false},"author":4,"featured_media":0,"parent":26017,"menu_order":0,"comment_status":"closed","ping_status":"closed","template":"","meta":[],"_links":{"self":[{"href":"https:\/\/www.infraestruturameioambiente.sp.gov.br\/editais\/wp-json\/wp\/v2\/pages\/35291"}],"collection":[{"href":"https:\/\/www.infraestruturameioambiente.sp.gov.br\/editais\/wp-json\/wp\/v2\/pages"}],"about":[{"href":"https:\/\/www.infraestruturameioambiente.sp.gov.br\/editais\/wp-json\/wp\/v2\/types\/page"}],"author":[{"embeddable":true,"href":"https:\/\/www.infraestruturameioambiente.sp.gov.br\/editais\/wp-json\/wp\/v2\/users\/4"}],"replies":[{"embeddable":true,"href":"https:\/\/www.infraestruturameioambiente.sp.gov.br\/editais\/wp-json\/wp\/v2\/comments?post=35291"}],"version-history":[{"count":1,"href":"https:\/\/www.infraestruturameioambiente.sp.gov.br\/editais\/wp-json\/wp\/v2\/pages\/35291\/revisions"}],"predecessor-version":[{"id":35296,"href":"https:\/\/www.infraestruturameioambiente.sp.gov.br\/editais\/wp-json\/wp\/v2\/pages\/35291\/revisions\/35296"}],"up":[{"embeddable":true,"href":"https:\/\/www.infraestruturameioambiente.sp.gov.br\/editais\/wp-json\/wp\/v2\/pages\/26017"}],"wp:attachment":[{"href":"https:\/\/www.infraestruturameioambiente.sp.gov.br\/editais\/wp-json\/wp\/v2\/media?parent=35291"}],"curies":[{"name":"wp","href":"https:\/\/api.w.org\/{rel}","templated":true}]}}