{"id":34546,"date":"2022-01-21T17:50:48","date_gmt":"2022-01-21T19:50:48","guid":{"rendered":"https:\/\/www.infraestruturameioambiente.sp.gov.br\/editais\/?page_id=34546"},"modified":"2023-06-22T09:30:22","modified_gmt":"2023-06-22T12:30:22","slug":"locacao-de-aeronaves-combate-a-incendios","status":"publish","type":"page","link":"https:\/\/www.infraestruturameioambiente.sp.gov.br\/editais\/documentos-de-instrucao\/locacao-de-aeronaves-combate-a-incendios\/","title":{"rendered":"Loca\u00e7\u00e3o de Aeronaves (Combate a Inc\u00eandios)"},"content":{"rendered":"<p><!--Edital\n\n\n<ul><span data-mce-type=\"bookmark\" style=\"display: inline-block; width: 0px; overflow: hidden; line-height: 0;\" class=\"mce_SELRES_start\"><\/span>\n \t\n\n<li><a href=\"https:\/\/smastr16.blob.core.windows.net\/editais\/sites\/41\/2022\/01\/edital-rp-003_21-sae-combate-incendio.pdf\">N\u00ba CMIL - 003\/2021<\/a><\/li>\n\n\n<\/ul>\n\n\nParecer jur\u00eddico\n\n\n<ul>\n \t\n\n<li><a href=\"https:\/\/smastr16.blob.core.windows.net\/editais\/sites\/41\/2022\/01\/parecer-cj-016_21.pdf\">Parecer CJ<\/a><\/li>\n\n\n<\/ul>\n\n\nHomologa\u00e7\u00e3o\n\n\n<ul>\n \t\n\n<li><a href=\"https:\/\/smastr16.blob.core.windows.net\/editais\/sites\/41\/2022\/01\/homologacao-e-publicacao.pdf\">Homologa\u00e7\u00e3o e DOE<\/a><\/li>\n\n\n<\/ul>\n\n\nAtas\n\n\n<ul>\n \t\n\n<li><a href=\"https:\/\/smastr16.blob.core.windows.net\/editais\/sites\/41\/2022\/01\/ata-rp-007_21-pachu-ass-e-extrato.pdf\">ARP 007\/2021 e Extrato<\/a><\/li>\n\n\n \t\n\n<li><a href=\"https:\/\/smastr16.blob.core.windows.net\/editais\/sites\/41\/2022\/01\/ata-rp-008_21-sadag-ass-e-extrato.pdf\">ARP 008\/2021 e Extrato<\/a><\/li>\n\n\n \t\n\n<li><a href=\"https:\/\/smastr16.blob.core.windows.net\/editais\/sites\/41\/2022\/01\/ata-rp-009_21-imagem-ass-e-extrato.pdf\">ARP 009\/2021 e Extrato<\/a><\/li>\n\n\n<\/ul>\n\n\n--><\/p>\n","protected":false},"excerpt":{"rendered":"","protected":false},"author":4,"featured_media":0,"parent":26017,"menu_order":0,"comment_status":"closed","ping_status":"closed","template":"","meta":[],"_links":{"self":[{"href":"https:\/\/www.infraestruturameioambiente.sp.gov.br\/editais\/wp-json\/wp\/v2\/pages\/34546"}],"collection":[{"href":"https:\/\/www.infraestruturameioambiente.sp.gov.br\/editais\/wp-json\/wp\/v2\/pages"}],"about":[{"href":"https:\/\/www.infraestruturameioambiente.sp.gov.br\/editais\/wp-json\/wp\/v2\/types\/page"}],"author":[{"embeddable":true,"href":"https:\/\/www.infraestruturameioambiente.sp.gov.br\/editais\/wp-json\/wp\/v2\/users\/4"}],"replies":[{"embeddable":true,"href":"https:\/\/www.infraestruturameioambiente.sp.gov.br\/editais\/wp-json\/wp\/v2\/comments?post=34546"}],"version-history":[{"count":3,"href":"https:\/\/www.infraestruturameioambiente.sp.gov.br\/editais\/wp-json\/wp\/v2\/pages\/34546\/revisions"}],"predecessor-version":[{"id":36381,"href":"https:\/\/www.infraestruturameioambiente.sp.gov.br\/editais\/wp-json\/wp\/v2\/pages\/34546\/revisions\/36381"}],"up":[{"embeddable":true,"href":"https:\/\/www.infraestruturameioambiente.sp.gov.br\/editais\/wp-json\/wp\/v2\/pages\/26017"}],"wp:attachment":[{"href":"https:\/\/www.infraestruturameioambiente.sp.gov.br\/editais\/wp-json\/wp\/v2\/media?parent=34546"}],"curies":[{"name":"wp","href":"https:\/\/api.w.org\/{rel}","templated":true}]}}