{"id":33908,"date":"2021-08-03T15:20:43","date_gmt":"2021-08-03T18:20:43","guid":{"rendered":"https:\/\/www.infraestruturameioambiente.sp.gov.br\/editais\/?page_id=33908"},"modified":"2023-09-12T09:35:51","modified_gmt":"2023-09-12T12:35:51","slug":"cafe-em-po","status":"publish","type":"page","link":"https:\/\/www.infraestruturameioambiente.sp.gov.br\/editais\/documentos-de-instrucao\/cafe-em-po\/","title":{"rendered":"Caf\u00e9 em p\u00f3"},"content":{"rendered":"<p><strong>Edital<\/strong><\/p>\n<ul>\n<li><a href=\"https:\/\/smastr16.blob.core.windows.net\/editais\/sites\/41\/2023\/05\/edital-cafe-em-po.pdf\">Edital 05\/2023\/CACC-RP<\/a><\/li>\n<\/ul>\n<p><strong>Parecer Jur\u00eddico<\/strong><\/p>\n<ul>\n<li><a href=\"https:\/\/smastr16.blob.core.windows.net\/editais\/sites\/41\/2023\/05\/parecer-cj.pdf\">Parecer CJ<\/a><\/li>\n<\/ul>\n<p><strong>Homologa\u00e7\u00e3o\u00a0<\/strong><\/p>\n<ul>\n<li><a href=\"https:\/\/smastr16.blob.core.windows.net\/editais\/sites\/41\/2023\/09\/homologacao-e-doe.pdf\">Homologa\u00e7\u00e3o e DOE<\/a><\/li>\n<\/ul>\n<p><strong>Atas<\/strong><\/p>\n<ul>\n<li><a href=\"https:\/\/smastr16.blob.core.windows.net\/editais\/sites\/41\/2023\/05\/arp-15-2023-e-doe.pdf\">ARP 15\/2023 e DOE<\/a>\n<ul>\n<li class=\"x_ContentPasted0\"><a href=\"https:\/\/smastr16.blob.core.windows.net\/editais\/sites\/41\/2023\/08\/publicacao-1a-pesquisa-trimestral.pdf\">1\u00aa Pesquisa Trimestral \u2013 DOE<\/a><\/li>\n<\/ul>\n<\/li>\n<\/ul>\n<p>&nbsp;<\/p>\n","protected":false},"excerpt":{"rendered":"<p>Edital Edital 05\/2023\/CACC-RP Parecer Jur\u00eddico Parecer CJ Homologa\u00e7\u00e3o\u00a0 Homologa\u00e7\u00e3o e DOE Atas ARP 15\/2023 e DOE 1\u00aa Pesquisa Trimestral \u2013 DOE &nbsp;<\/p>\n","protected":false},"author":4,"featured_media":0,"parent":26017,"menu_order":0,"comment_status":"closed","ping_status":"closed","template":"","meta":[],"_links":{"self":[{"href":"https:\/\/www.infraestruturameioambiente.sp.gov.br\/editais\/wp-json\/wp\/v2\/pages\/33908"}],"collection":[{"href":"https:\/\/www.infraestruturameioambiente.sp.gov.br\/editais\/wp-json\/wp\/v2\/pages"}],"about":[{"href":"https:\/\/www.infraestruturameioambiente.sp.gov.br\/editais\/wp-json\/wp\/v2\/types\/page"}],"author":[{"embeddable":true,"href":"https:\/\/www.infraestruturameioambiente.sp.gov.br\/editais\/wp-json\/wp\/v2\/users\/4"}],"replies":[{"embeddable":true,"href":"https:\/\/www.infraestruturameioambiente.sp.gov.br\/editais\/wp-json\/wp\/v2\/comments?post=33908"}],"version-history":[{"count":19,"href":"https:\/\/www.infraestruturameioambiente.sp.gov.br\/editais\/wp-json\/wp\/v2\/pages\/33908\/revisions"}],"predecessor-version":[{"id":37646,"href":"https:\/\/www.infraestruturameioambiente.sp.gov.br\/editais\/wp-json\/wp\/v2\/pages\/33908\/revisions\/37646"}],"up":[{"embeddable":true,"href":"https:\/\/www.infraestruturameioambiente.sp.gov.br\/editais\/wp-json\/wp\/v2\/pages\/26017"}],"wp:attachment":[{"href":"https:\/\/www.infraestruturameioambiente.sp.gov.br\/editais\/wp-json\/wp\/v2\/media?parent=33908"}],"curies":[{"name":"wp","href":"https:\/\/api.w.org\/{rel}","templated":true}]}}