{"id":33717,"date":"2021-06-10T15:26:03","date_gmt":"2021-06-10T18:26:03","guid":{"rendered":"https:\/\/www.infraestruturameioambiente.sp.gov.br\/editais\/?page_id=33717"},"modified":"2023-08-28T12:10:51","modified_gmt":"2023-08-28T15:10:51","slug":"publicacao-jornal-de-grande-circulacao","status":"publish","type":"page","link":"https:\/\/www.infraestruturameioambiente.sp.gov.br\/editais\/documentos-de-instrucao\/publicacao-jornal-de-grande-circulacao\/","title":{"rendered":"Publica\u00e7\u00e3o Jornal de Grande Circula\u00e7\u00e3o"},"content":{"rendered":"<p><strong class=\"x_x_x_ContentPasted0 x_ContentPasted0\">Edital<\/strong><\/p>\n<ul>\n<li class=\"x_ContentPasted0\"><a href=\"https:\/\/smastr16.blob.core.windows.net\/editais\/sites\/41\/2023\/08\/edital.pdf\">09\/2023\/CACC-RP<\/a><\/li>\n<\/ul>\n<p><strong class=\"x_x_x_ContentPasted0 x_ContentPasted0\">Parecer Jur\u00eddico<\/strong><\/p>\n<ul>\n<li class=\"x_ContentPasted0\"><a href=\"https:\/\/smastr16.blob.core.windows.net\/editais\/sites\/41\/2023\/08\/parecer-cj.pdf\">Parecer CJ<\/a><\/li>\n<\/ul>\n<p><strong class=\"x_x_x_ContentPasted0 x_ContentPasted0\">Homologa\u00e7\u00e3o<\/strong><\/p>\n<ul>\n<li class=\"x_ContentPasted0\"><a href=\"https:\/\/smastr16.blob.core.windows.net\/editais\/sites\/41\/2023\/08\/homologacao-e-doe.pdf\">Homologa\u00e7\u00e3o e DOE<\/a><\/li>\n<\/ul>\n<p><strong class=\"x_x_x_ContentPasted0 x_ContentPasted0\">Atas<\/strong><\/p>\n<ul data-editing-info=\"{&quot;orderedStyleType&quot;:1,&quot;unorderedStyleType&quot;:1}\">\n<li class=\"x_ContentPasted0\"><a href=\"https:\/\/smastr16.blob.core.windows.net\/editais\/sites\/41\/2023\/08\/arp-23-2023-e-doe.pdf\">ARP 23\/2023 e Extrato DOE<\/a><\/li>\n<\/ul>\n","protected":false},"excerpt":{"rendered":"<p>Edital 09\/2023\/CACC-RP Parecer Jur\u00eddico Parecer CJ Homologa\u00e7\u00e3o Homologa\u00e7\u00e3o e DOE Atas ARP 23\/2023 e Extrato DOE<\/p>\n","protected":false},"author":4,"featured_media":0,"parent":26017,"menu_order":0,"comment_status":"closed","ping_status":"closed","template":"","meta":[],"_links":{"self":[{"href":"https:\/\/www.infraestruturameioambiente.sp.gov.br\/editais\/wp-json\/wp\/v2\/pages\/33717"}],"collection":[{"href":"https:\/\/www.infraestruturameioambiente.sp.gov.br\/editais\/wp-json\/wp\/v2\/pages"}],"about":[{"href":"https:\/\/www.infraestruturameioambiente.sp.gov.br\/editais\/wp-json\/wp\/v2\/types\/page"}],"author":[{"embeddable":true,"href":"https:\/\/www.infraestruturameioambiente.sp.gov.br\/editais\/wp-json\/wp\/v2\/users\/4"}],"replies":[{"embeddable":true,"href":"https:\/\/www.infraestruturameioambiente.sp.gov.br\/editais\/wp-json\/wp\/v2\/comments?post=33717"}],"version-history":[{"count":15,"href":"https:\/\/www.infraestruturameioambiente.sp.gov.br\/editais\/wp-json\/wp\/v2\/pages\/33717\/revisions"}],"predecessor-version":[{"id":37597,"href":"https:\/\/www.infraestruturameioambiente.sp.gov.br\/editais\/wp-json\/wp\/v2\/pages\/33717\/revisions\/37597"}],"up":[{"embeddable":true,"href":"https:\/\/www.infraestruturameioambiente.sp.gov.br\/editais\/wp-json\/wp\/v2\/pages\/26017"}],"wp:attachment":[{"href":"https:\/\/www.infraestruturameioambiente.sp.gov.br\/editais\/wp-json\/wp\/v2\/media?parent=33717"}],"curies":[{"name":"wp","href":"https:\/\/api.w.org\/{rel}","templated":true}]}}