{"id":31651,"date":"2019-09-30T17:11:55","date_gmt":"2019-09-30T20:11:55","guid":{"rendered":"https:\/\/www.infraestruturameioambiente.sp.gov.br\/editais\/?page_id=31651"},"modified":"2023-07-17T12:46:02","modified_gmt":"2023-07-17T15:46:02","slug":"papel-sulfite-reciclado-e-fotos","status":"publish","type":"page","link":"https:\/\/www.infraestruturameioambiente.sp.gov.br\/editais\/documentos-de-instrucao\/papel-sulfite-reciclado-e-fotos\/","title":{"rendered":"Papel sulfite, reciclado e para impress\u00e3o de fotos"},"content":{"rendered":"<p><!--<strong><span data-mce-type=\"bookmark\" style=\"display: inline-block; width: 0px; overflow: hidden; line-height: 0;\" class=\"mce_SELRES_start\"><\/span><span data-mce-type=\"bookmark\" style=\"display: inline-block; width: 0px; overflow: hidden; line-height: 0;\" class=\"mce_SELRES_start\"><\/span>Edital<\/strong>\n\n\n<ul>\n \t\n\n<li><a href=\"https:\/\/smastr16.blob.core.windows.net\/editais\/sites\/41\/2022\/05\/edital-assinado-09-2022-cacc-rp.pdf\">09\/2022\/CACC-RP<\/a><\/li>\n\n\n<\/ul>\n\n\n<strong>Parecer Jur\u00eddico<\/strong>\n\n\n<ul>\n \t\n\n<li><a href=\"https:\/\/smastr16.blob.core.windows.net\/editais\/sites\/41\/2022\/05\/parecer-cj-09-2022-cacc-rp.pdf\">Parecer CJ<\/a><\/li>\n\n\n<\/ul>\n\n\n<strong>Homologa\u00e7\u00e3o<\/strong>\n\n\n<ul>\n \t\n\n<li><a href=\"https:\/\/smastr16.blob.core.windows.net\/editais\/sites\/41\/2022\/05\/homologacao-e-doe-09-2022-cacc-rp.pdf\">Homologa\u00e7\u00e3o e DOE<\/a><\/li>\n\n\n<\/ul>\n\n\n<strong>Atas<\/strong>\n\n\n<ul>\n \t\n\n<li><a href=\"https:\/\/smastr16.blob.core.windows.net\/editais\/sites\/41\/2022\/05\/arp-19-2022-e-doe.pdf\">ARP 19\/2022 e Extrato DOE<\/a>\n\n\n<ul>\n \t\n\n<li><a href=\"https:\/\/smastr16.blob.core.windows.net\/editais\/sites\/41\/2022\/09\/1a-pesquisa-trimestral-doe-1.pdf\">1\u00aa Pesquisa Trimestral \u2013 DOE<\/a><\/li>\n\n\n \t\n\n<li><a href=\"https:\/\/smastr16.blob.core.windows.net\/editais\/sites\/41\/2022\/11\/2\u00b0-pesquisa-trimestral-doe-19-2022.pdf\">2\u00b0 Pesquisa Trimestral - DOE<\/a><\/li>\n\n\n \t\n\n<li><a href=\"https:\/\/smastr16.blob.core.windows.net\/editais\/sites\/41\/2023\/02\/3a-pesquisa-trimestral-doe-19-2022.pdf\">3\u00aa Pesquisa Trimestral - DOE<\/a><\/li>\n\n\n<\/ul>\n\n\n<\/li>\n\n\n<\/ul>\n\n\n\n\n\n<hr \/>\n\n\n\n<span data-mce-type=\"bookmark\" style=\"display: inline-block; width: 0px; overflow: hidden; line-height: 0;\" class=\"mce_SELRES_start\"><\/span>\n\n<strong>PAPEL PARA IMPRESS\u00c3O (PARTICIPA\u00c7\u00c3O RESTRITA)<\/strong>\n\n<strong>Edital<\/strong>\n\n\n<ul>\n \t\n\n<li><a href=\"https:\/\/smastr16.blob.core.windows.net\/editais\/sites\/41\/2022\/07\/edital-papel-impressao-restrita-assinado.pdf\">10\/2022\/CACC-RP<\/a><\/li>\n\n\n<\/ul>\n\n\n<strong>Parecer Jur\u00eddico<\/strong>\n\n\n<ul>\n \t\n\n<li><a href=\"https:\/\/smastr16.blob.core.windows.net\/editais\/sites\/41\/2022\/07\/parecer-cj-papel-impressao-restrita.pdf\">Parecer CJ<\/a><\/li>\n\n\n<\/ul>\n\n\n<strong>Homologa\u00e7\u00e3o<\/strong>\n\n\n<ul>\n \t\n\n<li><a href=\"https:\/\/smastr16.blob.core.windows.net\/editais\/sites\/41\/2022\/07\/homoloacao-e-doe-papel-impressao-restrita.pdf\">Homologa\u00e7\u00e3o e DOE<\/a><\/li>\n\n\n<\/ul>\n\n\n<strong>Atas<\/strong>\n\n\n<ul>\n \t\n\n<li><a href=\"https:\/\/smastr16.blob.core.windows.net\/editais\/sites\/41\/2022\/07\/arp-21-2022-e-doe.pdf\">ARP 21\/2022 e Extrato DOE<\/a>\n\n\n<ul>\n \t\n\n<li><a href=\"https:\/\/smastr16.blob.core.windows.net\/editais\/sites\/41\/2022\/10\/1a-pesquisa-trimestral-doe-arp-21-2022.pdf\">1\u00aa Pesquisa Trimestral \u2013 DOE<\/a><\/li>\n\n\n \t\n\n<li><a href=\"https:\/\/smastr16.blob.core.windows.net\/editais\/sites\/41\/2022\/12\/2a-pesquisa-trimestral-doe-arp-21-2022.pdf\">2\u00aa Pesquisa Trimestral \u2013 DOE<\/a><\/li>\n\n\n \t\n\n<li><a href=\"https:\/\/smastr16.blob.core.windows.net\/editais\/sites\/41\/2023\/04\/arp-21-papel-doe-3a-pesquisa.pdf\">3\u00aa Pesquisa Trimestral \u2013 DOE<\/a><\/li>\n\n\n<\/ul>\n\n\n<\/li>\n\n\n \t\n\n<li><a href=\"https:\/\/smastr16.blob.core.windows.net\/editais\/sites\/41\/2022\/07\/arp-e-doe-22-2022.pdf\">ARP 22\/2022 e Extrato DOE<\/a>\n\n\n<ul>\n \t\n\n<li><a href=\"https:\/\/smastr16.blob.core.windows.net\/editais\/sites\/41\/2022\/10\/1a-pesquisa-trimestral-doe-arp-22-2022.pdf\">1\u00aa Pesquisa Trimestral \u2013 DOE<\/a><\/li>\n\n\n \t\n\n<li><a href=\"https:\/\/smastr16.blob.core.windows.net\/editais\/sites\/41\/2023\/01\/2a-pesquisa-trimestral-doe-arp-22-2022-1.pdf\">2\u00aa Pesquisa Trimestral \u2013 DOE<\/a><\/li>\n\n\n \t\n\n<li><a href=\"https:\/\/smastr16.blob.core.windows.net\/editais\/sites\/41\/2023\/04\/arp-22-papel-doe-3a-pesquisa.pdf\">3\u00aa Pesquisa Trimestral \u2013 DOE<\/a><\/li>\n\n\n<\/ul>\n\n\n<\/li>\n\n\n \t\n\n<li><a href=\"https:\/\/smastr16.blob.core.windows.net\/editais\/sites\/41\/2022\/07\/arp-23-2022-e-doe.pdf\">ARP 23\/2022 e Extrato DOE<\/a>\n\n\n<ul>\n \t\n\n<li><a href=\"https:\/\/smastr16.blob.core.windows.net\/editais\/sites\/41\/2022\/10\/1a-pesquisa-trimestral-doe-arp-23-2022.pdf\">1\u00aa Pesquisa Trimestral - DOE<\/a><\/li>\n\n\n \t\n\n<li><a href=\"https:\/\/smastr16.blob.core.windows.net\/editais\/sites\/41\/2022\/12\/2a-pesquisa-trimestral-doe-arp-23-2022.pdf\">2\u00aa Pesquisa Trimestral \u2013 DOE<\/a><\/li>\n\n\n \t\n\n<li><a href=\"https:\/\/smastr16.blob.core.windows.net\/editais\/sites\/41\/2023\/04\/arp-23-papel-doe-3a-pesquisa.pdf\">3\u00aa Pesquisa Trimestral \u2013 DOE<\/a><\/li>\n\n\n<\/ul>\n\n\n<\/li>\n\n\n \t\n\n<li><a href=\"https:\/\/smastr16.blob.core.windows.net\/editais\/sites\/41\/2022\/07\/arp-24-2022-e-doe.pdf\">ARP 24\/2022 e Extrato DOE<\/a>\n\n\n<ul>\n \t\n\n<li><a href=\"https:\/\/smastr16.blob.core.windows.net\/editais\/sites\/41\/2022\/10\/1a-pesquisa-trimestral-doe-arp-24-2022.pdf\">1\u00aa Pesquisa Trimestral - DOE<\/a><\/li>\n\n\n \t\n\n<li><a href=\"https:\/\/smastr16.blob.core.windows.net\/editais\/sites\/41\/2022\/12\/2a-pesquisa-trimestral-doe-arp-24-2022.pdf\">2\u00aa Pesquisa Trimestral \u2013 DOE<\/a><\/li>\n\n\n \t\n\n<li><a href=\"https:\/\/smastr16.blob.core.windows.net\/editais\/sites\/41\/2023\/04\/arp-24-papel-doe-3a-pesquisa.pdf\">3\u00aa Pesquisa Trimestral \u2013 DOE<\/a><\/li>\n\n\n<\/ul>\n\n\n<\/li>\n\n\n<\/ul>\n\n\n\n\n\n<hr \/>\n\n\n\n--><\/p>\n<p><strong>PAPEL PARA IMPRESS\u00c3O (PARTICIPA\u00c7\u00c3O AMPLA)<\/strong><\/p>\n<p><strong>Edital<\/strong><\/p>\n<ul>\n<li><a href=\"https:\/\/smastr16.blob.core.windows.net\/editais\/sites\/41\/2023\/07\/edital.pdf\">07\/2023\/CACC-RP<\/a><\/li>\n<\/ul>\n<p><strong>Parecer Jur\u00eddico<\/strong><\/p>\n<ul>\n<li><a href=\"https:\/\/smastr16.blob.core.windows.net\/editais\/sites\/41\/2023\/07\/parecer-cj.pdf\">Parecer CJ<\/a><\/li>\n<\/ul>\n<p><strong>Homologa\u00e7\u00e3o<\/strong><\/p>\n<ul>\n<li><a href=\"https:\/\/smastr16.blob.core.windows.net\/editais\/sites\/41\/2023\/07\/homologacao-e-doe.pdf\">Homologa\u00e7\u00e3o e DOE<\/a><\/li>\n<\/ul>\n<p><strong>Atas<\/strong><\/p>\n<ul>\n<li><a href=\"https:\/\/smastr16.blob.core.windows.net\/editais\/sites\/41\/2023\/07\/arp-19-2023-e-doe.pdf\">ARP 19\/2023 e Extrato DOE<\/a><\/li>\n<li><a href=\"https:\/\/smastr16.blob.core.windows.net\/editais\/sites\/41\/2023\/07\/arp-20-2023-e-doe.pdf\">ARP 20\/2023 e Extrato DOE<\/a><\/li>\n<\/ul>\n<hr \/>\n<p>&nbsp;<\/p>\n<p><strong>PAPEL PARA IMPRESS\u00c3O (PARTICIPA\u00c7\u00c3O RESTRITA)<\/strong><\/p>\n<p><strong>Edital<\/strong><\/p>\n<ul>\n<li><a href=\"https:\/\/smastr16.blob.core.windows.net\/editais\/sites\/41\/2023\/07\/edital-1.pdf\">08\/2023\/CACC-RP<\/a><\/li>\n<\/ul>\n<p><strong>Parecer Jur\u00eddico<\/strong><\/p>\n<ul>\n<li><a href=\"https:\/\/smastr16.blob.core.windows.net\/editais\/sites\/41\/2023\/07\/parecer-cj.pdf\">Parecer CJ<\/a><\/li>\n<\/ul>\n<p><strong>Homologa\u00e7\u00e3o<\/strong><\/p>\n<ul>\n<li><a href=\"https:\/\/smastr16.blob.core.windows.net\/editais\/sites\/41\/2023\/07\/homologacao-e-doe.pdf\">Homologa\u00e7\u00e3o e DOE<\/a><\/li>\n<\/ul>\n<p><strong>Atas<\/strong><\/p>\n<ul>\n<li><a href=\"https:\/\/smastr16.blob.core.windows.net\/editais\/sites\/41\/2023\/07\/arp-21-2023-e-doe.pdf\">ARP 21\/2023 e Extrato DOE<\/a><\/li>\n<li><a href=\"https:\/\/smastr16.blob.core.windows.net\/editais\/sites\/41\/2023\/07\/arp-22-2023-e-doe.pdf\">ARP 22\/2023 e Extrato DOE<\/a><\/li>\n<\/ul>\n","protected":false},"excerpt":{"rendered":"<p>PAPEL PARA IMPRESS\u00c3O (PARTICIPA\u00c7\u00c3O AMPLA) Edital 07\/2023\/CACC-RP Parecer Jur\u00eddico Parecer CJ Homologa\u00e7\u00e3o Homologa\u00e7\u00e3o e DOE Atas ARP 19\/2023 e Extrato DOE ARP 20\/2023 e Extrato DOE &nbsp; PAPEL PARA IMPRESS\u00c3O (PARTICIPA\u00c7\u00c3O RESTRITA) Edital 08\/2023\/CACC-RP Parecer Jur\u00eddico Parecer CJ Homologa\u00e7\u00e3o Homologa\u00e7\u00e3o e DOE Atas ARP 21\/2023 e Extrato DOE ARP 22\/2023 e Extrato DOE<\/p>\n","protected":false},"author":4,"featured_media":0,"parent":26017,"menu_order":0,"comment_status":"closed","ping_status":"closed","template":"","meta":[],"_links":{"self":[{"href":"https:\/\/www.infraestruturameioambiente.sp.gov.br\/editais\/wp-json\/wp\/v2\/pages\/31651"}],"collection":[{"href":"https:\/\/www.infraestruturameioambiente.sp.gov.br\/editais\/wp-json\/wp\/v2\/pages"}],"about":[{"href":"https:\/\/www.infraestruturameioambiente.sp.gov.br\/editais\/wp-json\/wp\/v2\/types\/page"}],"author":[{"embeddable":true,"href":"https:\/\/www.infraestruturameioambiente.sp.gov.br\/editais\/wp-json\/wp\/v2\/users\/4"}],"replies":[{"embeddable":true,"href":"https:\/\/www.infraestruturameioambiente.sp.gov.br\/editais\/wp-json\/wp\/v2\/comments?post=31651"}],"version-history":[{"count":47,"href":"https:\/\/www.infraestruturameioambiente.sp.gov.br\/editais\/wp-json\/wp\/v2\/pages\/31651\/revisions"}],"predecessor-version":[{"id":36486,"href":"https:\/\/www.infraestruturameioambiente.sp.gov.br\/editais\/wp-json\/wp\/v2\/pages\/31651\/revisions\/36486"}],"up":[{"embeddable":true,"href":"https:\/\/www.infraestruturameioambiente.sp.gov.br\/editais\/wp-json\/wp\/v2\/pages\/26017"}],"wp:attachment":[{"href":"https:\/\/www.infraestruturameioambiente.sp.gov.br\/editais\/wp-json\/wp\/v2\/media?parent=31651"}],"curies":[{"name":"wp","href":"https:\/\/api.w.org\/{rel}","templated":true}]}}