{"id":29970,"date":"2018-01-11T17:51:06","date_gmt":"2018-01-11T19:51:06","guid":{"rendered":"https:\/\/www.infraestruturameioambiente.sp.gov.br\/editais\/?page_id=29970"},"modified":"2018-01-11T17:52:36","modified_gmt":"2018-01-11T19:52:36","slug":"anexo-i-consulta-publica-01-2018-gs","status":"publish","type":"page","link":"https:\/\/www.infraestruturameioambiente.sp.gov.br\/editais\/anexo-i-consulta-publica-01-2018-gs\/","title":{"rendered":"ANEXO I &#8211; Consulta P\u00fablica 01\/2018\/GS"},"content":{"rendered":"<ul>\n<li><a href=\"https:\/\/smastr16.blob.core.windows.net\/editais\/2018\/01\/anexo-i_minuta-termo-de-referencia_concessao_pecj.pdf\" target=\"_blank\" rel=\"noopener\">Anexo I &#8211; Minuta Termo de Refer\u00eancia<\/a>\n<ul>\n<li><a href=\"https:\/\/smastr16.blob.core.windows.net\/editais\/2018\/01\/anexo-i.1-perimetro-ocupacao-e-uso-dos-imoveis-futuro.pdf\" target=\"_blank\" rel=\"noopener\">Anexo I.1 &#8211; Per\u00edmetro &#8211; Ocupa\u00e7\u00e3o e Uso dos Im\u00f3veis &#8211; Futuro<\/a><\/li>\n<li><a href=\"https:\/\/smastr16.blob.core.windows.net\/editais\/2018\/01\/anexo-i.2-perimetro-ocupacao-e-uso-atual-imoveis-e-atrativos.pdf\" target=\"_blank\" rel=\"noopener\">Anexo I.2 &#8211; Per\u00edmetro &#8211; Ocupa\u00e7\u00e3o e Uso Atual Im\u00f3veis e Atrativos<\/a><\/li>\n<li><a href=\"https:\/\/smastr16.blob.core.windows.net\/editais\/2018\/01\/anexo-i.3-perimetro-zoneamento-e-trilhas.pdf\" target=\"_blank\" rel=\"noopener\">Anexo I.3 &#8211; Per\u00edmetro &#8211; Zoneamento e Trilhas<\/a><\/li>\n<li><a href=\"http:\/\/s.infraestruturameioambiente.sp.gov.br\/editais\/anexo-I-4-imagens-de-referencia.zip\" target=\"_blank\" rel=\"noopener\">Anexo I.4 \u2013 Imagens de Refer\u00eancia<\/a><\/li>\n<li><a href=\"https:\/\/smastr16.blob.core.windows.net\/editais\/2018\/01\/anexo-i.5-planta-reforma-do-alojamento-de-pesquisa-ninho-dos-papagaios.pdf\" target=\"_blank\" rel=\"noopener\">Anexo I.5 &#8211; Planta Reforma do Alojamento de Pesquisa Ninho dos Papagaios<\/a><\/li>\n<li><a href=\"https:\/\/smastr16.blob.core.windows.net\/editais\/2018\/01\/anexo-i.5-referencial-de-custos-para-reforma-do-alojamento-de-pesquisa-ninho-dos-papagaios.pdf\" target=\"_blank\" rel=\"noopener\">Anexo I.5 &#8211; Referencial de Custos para Reforma do Alojamento de Pesquisa Ninho dos Papagaios<\/a><\/li>\n<li><a href=\"https:\/\/smastr16.blob.core.windows.net\/editais\/2018\/01\/anexo-i.6-planta-reforma-escritorio-administrativo-do-orgao-gestor-e-edicula.pdf\" target=\"_blank\" rel=\"noopener\">Anexo I.6 &#8211; Planta Reforma Escrit\u00f3rio Administrativo do \u00f3rg\u00e3o Gestor e Ed\u00edcula<\/a><\/li>\n<li><a href=\"https:\/\/smastr16.blob.core.windows.net\/editais\/2018\/01\/anexo-i.6-referencial-de-custos-para-reforma-escritorio-administrativo-do-orgao-gestor-e-edicula.pdf\" target=\"_blank\" rel=\"noopener\">Anexo I.6 &#8211; Referencial de Custos para Reforma Escrit\u00f3rio Administrativo do \u00d3rg\u00e3o Gestor e Ed\u00edcula<\/a><\/li>\n<li><a href=\"https:\/\/smastr16.blob.core.windows.net\/editais\/2018\/01\/anexo-i.7-caderno-de-indicadores-de-desempenho.pdf\" target=\"_blank\" rel=\"noopener\">Anexo I.7 &#8211; Caderno de Indicadores de Desempenho<\/a><\/li>\n<li><a href=\"https:\/\/smastr16.blob.core.windows.net\/editais\/2018\/01\/anexo-i.8-edificacoes.pdf\" target=\"_blank\" rel=\"noopener\">Anexo I.8 &#8211; Edifica\u00e7\u00f5es<\/a><\/li>\n<li><a href=\"https:\/\/smastr16.blob.core.windows.net\/editais\/2018\/01\/anexo-i.9-analise-economica-pecj.pdf\" target=\"_blank\" rel=\"noopener\">Anexo I.9 &#8211; An\u00e1lise Econ\u00f4mica PECJ<\/a><\/li>\n<li><a href=\"https:\/\/smastr16.blob.core.windows.net\/editais\/2018\/01\/anexo-i.10-perfil-do-visitante.pdf\" target=\"_blank\" rel=\"noopener\">Anexo I.10 &#8211; Perfil do Visitante<\/a><\/li>\n<li><a href=\"https:\/\/smastr16.blob.core.windows.net\/editais\/2018\/01\/anexo-i.11-investimentos-minimos-obrigatorios.pdf\" target=\"_blank\" rel=\"noopener\">Anexo I.11 &#8211; Investimentos M\u00ednimos Obrigat\u00f3rios<\/a><\/li>\n<\/ul>\n<\/li>\n<\/ul>\n","protected":false},"excerpt":{"rendered":"<p>Anexo I &#8211; Minuta Termo de Refer\u00eancia Anexo I.1 &#8211; Per\u00edmetro &#8211; Ocupa\u00e7\u00e3o e Uso dos Im\u00f3veis &#8211; Futuro Anexo I.2 &#8211; Per\u00edmetro &#8211; Ocupa\u00e7\u00e3o e Uso Atual Im\u00f3veis e Atrativos Anexo I.3 &#8211; Per\u00edmetro &#8211; Zoneamento e Trilhas Anexo I.4 \u2013 Imagens de Refer\u00eancia Anexo I.5 &#8211; Planta Reforma do Alojamento de Pesquisa Ninho [&hellip;]<\/p>\n","protected":false},"author":4,"featured_media":0,"parent":0,"menu_order":0,"comment_status":"closed","ping_status":"closed","template":"","meta":[],"_links":{"self":[{"href":"https:\/\/www.infraestruturameioambiente.sp.gov.br\/editais\/wp-json\/wp\/v2\/pages\/29970"}],"collection":[{"href":"https:\/\/www.infraestruturameioambiente.sp.gov.br\/editais\/wp-json\/wp\/v2\/pages"}],"about":[{"href":"https:\/\/www.infraestruturameioambiente.sp.gov.br\/editais\/wp-json\/wp\/v2\/types\/page"}],"author":[{"embeddable":true,"href":"https:\/\/www.infraestruturameioambiente.sp.gov.br\/editais\/wp-json\/wp\/v2\/users\/4"}],"replies":[{"embeddable":true,"href":"https:\/\/www.infraestruturameioambiente.sp.gov.br\/editais\/wp-json\/wp\/v2\/comments?post=29970"}],"version-history":[{"count":2,"href":"https:\/\/www.infraestruturameioambiente.sp.gov.br\/editais\/wp-json\/wp\/v2\/pages\/29970\/revisions"}],"predecessor-version":[{"id":29985,"href":"https:\/\/www.infraestruturameioambiente.sp.gov.br\/editais\/wp-json\/wp\/v2\/pages\/29970\/revisions\/29985"}],"wp:attachment":[{"href":"https:\/\/www.infraestruturameioambiente.sp.gov.br\/editais\/wp-json\/wp\/v2\/media?parent=29970"}],"curies":[{"name":"wp","href":"https:\/\/api.w.org\/{rel}","templated":true}]}}