{"id":27462,"date":"2016-05-11T13:54:19","date_gmt":"2016-05-11T16:54:19","guid":{"rendered":"https:\/\/www.infraestruturameioambiente.sp.gov.br\/editais\/?page_id=27462"},"modified":"2023-08-14T09:48:24","modified_gmt":"2023-08-14T12:48:24","slug":"copa-e-cozinha","status":"publish","type":"page","link":"https:\/\/www.infraestruturameioambiente.sp.gov.br\/editais\/documentos-de-instrucao\/copa-e-cozinha\/","title":{"rendered":"Copa e Cozinha"},"content":{"rendered":"<p><strong>Edital<\/strong><\/p>\n<ul>\n<li><a href=\"https:\/\/smastr16.blob.core.windows.net\/editais\/sites\/41\/2022\/11\/edital-23-2022-cacc-rp.pdf\">23\/2022\/CACC-RP<\/a><\/li>\n<\/ul>\n<p><strong>Parecer Jur\u00eddico<\/strong><\/p>\n<ul>\n<li><a href=\"https:\/\/smastr16.blob.core.windows.net\/editais\/sites\/41\/2022\/11\/parecer-cj-23-2022-cacc-rp.pdf\">Parecer CJ<\/a><\/li>\n<\/ul>\n<p><strong>Homologa\u00e7\u00e3o<\/strong><\/p>\n<ul>\n<li><a href=\"https:\/\/smastr16.blob.core.windows.net\/editais\/sites\/41\/2022\/11\/homologacao-e-doe-23-2022-cacc-rp.pdf\">Homologa\u00e7\u00e3o e DOE<\/a><\/li>\n<\/ul>\n<p><strong>Atas<\/strong><\/p>\n<ul>\n<li><a href=\"https:\/\/smastr16.blob.core.windows.net\/editais\/sites\/41\/2022\/11\/arp-50-2022-e-doe.pdf\">ARP 50\/2022 e Extrato DOE<\/a>\n<ul>\n<li><a href=\"https:\/\/smastr16.blob.core.windows.net\/editais\/sites\/41\/2023\/02\/1a-pesquisa-trimestral-doe-arp-50-2022.pdf\">1\u00aa Pesquisa Trimestral<\/a><\/li>\n<li><a href=\"https:\/\/smastr16.blob.core.windows.net\/editais\/sites\/41\/2023\/05\/2\u00b0-pesquisa-trimestral-doe-50-2022.pdf\">2\u00aa Pesquisa Trimestral<\/a><\/li>\n<li><a href=\"https:\/\/smastr16.blob.core.windows.net\/editais\/sites\/41\/2023\/08\/3a-pesquisa-trimestral-doe-arp-50-2022.pdf\">3\u00aa Pesquisa Trimestral &#8211; DOE<\/a><\/li>\n<\/ul>\n<\/li>\n<li><a href=\"https:\/\/smastr16.blob.core.windows.net\/editais\/sites\/41\/2022\/11\/arp-51-2022-e-doe.pdf\">ARP 51\/2022 e Extrato DOE<\/a>\n<ul>\n<li><a href=\"https:\/\/smastr16.blob.core.windows.net\/editais\/sites\/41\/2023\/02\/1a-pesquisa-trimestral-doe-arp-51-2022.pdf\">1\u00aa Pesquisa Trimestral<\/a><\/li>\n<li><a href=\"https:\/\/smastr16.blob.core.windows.net\/editais\/sites\/41\/2023\/05\/2\u00b0-pesquisa-trimestral-doe-51-2022.pdf\">2\u00aa Pesquisa Trimestral<\/a><\/li>\n<li><a href=\"https:\/\/smastr16.blob.core.windows.net\/editais\/sites\/41\/2023\/08\/3a-pesquisa-trimestral-doe-arp-51-2022.pdf\">3\u00aa Pesquisa Trimestral &#8211; DOE<\/a><\/li>\n<\/ul>\n<\/li>\n<li><a href=\"https:\/\/smastr16.blob.core.windows.net\/editais\/sites\/41\/2022\/11\/arp-52-2022-e-doe.pdf\">ARP 52\/2022 e Extrato DOE<\/a>\n<ul>\n<li><a href=\"https:\/\/smastr16.blob.core.windows.net\/editais\/sites\/41\/2023\/02\/1a-pesquisa-trimestral-doe-arp-52-2022.pdf\">1\u00aa Pesquisa Trimestral<\/a><\/li>\n<li><a href=\"https:\/\/smastr16.blob.core.windows.net\/editais\/sites\/41\/2023\/05\/2\u00b0-pesquisa-trimestral-doe-52-2022.pdf\">2\u00aa Pesquisa Trimestral<\/a><\/li>\n<li><a href=\"https:\/\/smastr16.blob.core.windows.net\/editais\/sites\/41\/2023\/08\/3a-pesquisa-trimestral-doe-arp-52-2022.pdf\">3\u00aa Pesquisa Trimestral &#8211; DOE<\/a><\/li>\n<\/ul>\n<\/li>\n<\/ul>\n","protected":false},"excerpt":{"rendered":"<p>Edital 23\/2022\/CACC-RP Parecer Jur\u00eddico Parecer CJ Homologa\u00e7\u00e3o Homologa\u00e7\u00e3o e DOE Atas ARP 50\/2022 e Extrato DOE 1\u00aa Pesquisa Trimestral 2\u00aa Pesquisa Trimestral 3\u00aa Pesquisa Trimestral &#8211; DOE ARP 51\/2022 e Extrato DOE 1\u00aa Pesquisa Trimestral 2\u00aa Pesquisa Trimestral 3\u00aa Pesquisa Trimestral &#8211; DOE ARP 52\/2022 e Extrato DOE 1\u00aa Pesquisa Trimestral 2\u00aa Pesquisa Trimestral 3\u00aa [&hellip;]<\/p>\n","protected":false},"author":1,"featured_media":0,"parent":26017,"menu_order":8,"comment_status":"closed","ping_status":"closed","template":"","meta":[],"_links":{"self":[{"href":"https:\/\/www.infraestruturameioambiente.sp.gov.br\/editais\/wp-json\/wp\/v2\/pages\/27462"}],"collection":[{"href":"https:\/\/www.infraestruturameioambiente.sp.gov.br\/editais\/wp-json\/wp\/v2\/pages"}],"about":[{"href":"https:\/\/www.infraestruturameioambiente.sp.gov.br\/editais\/wp-json\/wp\/v2\/types\/page"}],"author":[{"embeddable":true,"href":"https:\/\/www.infraestruturameioambiente.sp.gov.br\/editais\/wp-json\/wp\/v2\/users\/1"}],"replies":[{"embeddable":true,"href":"https:\/\/www.infraestruturameioambiente.sp.gov.br\/editais\/wp-json\/wp\/v2\/comments?post=27462"}],"version-history":[{"count":21,"href":"https:\/\/www.infraestruturameioambiente.sp.gov.br\/editais\/wp-json\/wp\/v2\/pages\/27462\/revisions"}],"predecessor-version":[{"id":37578,"href":"https:\/\/www.infraestruturameioambiente.sp.gov.br\/editais\/wp-json\/wp\/v2\/pages\/27462\/revisions\/37578"}],"up":[{"embeddable":true,"href":"https:\/\/www.infraestruturameioambiente.sp.gov.br\/editais\/wp-json\/wp\/v2\/pages\/26017"}],"wp:attachment":[{"href":"https:\/\/www.infraestruturameioambiente.sp.gov.br\/editais\/wp-json\/wp\/v2\/media?parent=27462"}],"curies":[{"name":"wp","href":"https:\/\/api.w.org\/{rel}","templated":true}]}}