{"id":26812,"date":"2015-10-19T16:29:02","date_gmt":"2015-10-19T18:29:02","guid":{"rendered":"https:\/\/www.infraestruturameioambiente.sp.gov.br\/editais\/?page_id=26812"},"modified":"2023-08-11T13:57:33","modified_gmt":"2023-08-11T16:57:33","slug":"generos-alimenticios","status":"publish","type":"page","link":"https:\/\/www.infraestruturameioambiente.sp.gov.br\/editais\/documentos-de-instrucao\/generos-alimenticios\/","title":{"rendered":"G\u00eaneros Aliment\u00edcios"},"content":{"rendered":"<p><strong>Edital de Preg\u00e3o Eletr\u00f4nico<\/strong><\/p>\n<ul>\n<li><a href=\"https:\/\/smastr16.blob.core.windows.net\/editais\/sites\/41\/2023\/05\/edital-032023-cacc-rp.pdf\">Edital 03\/2023\/CACC-RP<\/a><\/li>\n<\/ul>\n<p><strong>Parecer Jur\u00eddico<\/strong><\/p>\n<ul>\n<li><a href=\"https:\/\/smastr16.blob.core.windows.net\/editais\/sites\/41\/2023\/05\/parecer-juridico.pdf\">Parecer Jur\u00eddico<\/a><\/li>\n<\/ul>\n<p><strong>Homologa\u00e7\u00e3o<\/strong><\/p>\n<ul>\n<li><a href=\"https:\/\/smastr16.blob.core.windows.net\/editais\/sites\/41\/2023\/06\/homologacao-e-doe-1.pdf\">Homologa\u00e7\u00e3o e DOE<\/a><\/li>\n<\/ul>\n<p><strong>Atas<\/strong><\/p>\n<ul>\n<li><a href=\"https:\/\/smastr16.blob.core.windows.net\/editais\/sites\/41\/2023\/05\/arp-02-2023-e-doe.pdf\">ARP 02-2023 e DOE<\/a>\n<ul>\n<li class=\"x_ContentPasted0\"><a href=\"https:\/\/smastr16.blob.core.windows.net\/editais\/sites\/41\/2023\/08\/1a-pesquisa-trimestral-doe-arp-02-2023.pdf\">1\u00aa Pesquisa Trimestral \u2013 DOE<\/a><\/li>\n<\/ul>\n<\/li>\n<li><a href=\"https:\/\/smastr16.blob.core.windows.net\/editais\/sites\/41\/2023\/05\/arp-03-2023-e-doe.pdf\">ARP 03-2023 e DOE<\/a>\n<ul>\n<li class=\"x_ContentPasted0\"><a href=\"https:\/\/smastr16.blob.core.windows.net\/editais\/sites\/41\/2023\/08\/1a-pesquisa-trimestral-doe-arp-03-2023.pdf\">1\u00aa Pesquisa Trimestral \u2013 DOE<\/a><\/li>\n<\/ul>\n<\/li>\n<li><a href=\"https:\/\/smastr16.blob.core.windows.net\/editais\/sites\/41\/2023\/05\/arp-04-2023-e-doe.pdf\">ARP 04-2023 e DOE<\/a>\n<ul>\n<li class=\"x_ContentPasted0\"><a href=\"https:\/\/smastr16.blob.core.windows.net\/editais\/sites\/41\/2023\/08\/1a-pesquisa-trimestral-doe-arp-04-2023.pdf\">1\u00aa Pesquisa Trimestral \u2013 DOE<\/a><\/li>\n<\/ul>\n<\/li>\n<li><a href=\"https:\/\/smastr16.blob.core.windows.net\/editais\/sites\/41\/2023\/05\/arp-05-2023-e-doe.pdf\">ARP 05-2023 e DOE<\/a>\n<ul>\n<li class=\"x_ContentPasted0\"><a href=\"https:\/\/smastr16.blob.core.windows.net\/editais\/sites\/41\/2023\/08\/1a-pesquisa-trimestral-doe-arp-05-2023.pdf\">1\u00aa Pesquisa Trimestral \u2013 DOE<\/a><\/li>\n<\/ul>\n<\/li>\n<\/ul>\n","protected":false},"excerpt":{"rendered":"<p>Edital de Preg\u00e3o Eletr\u00f4nico Edital 03\/2023\/CACC-RP Parecer Jur\u00eddico Parecer Jur\u00eddico Homologa\u00e7\u00e3o Homologa\u00e7\u00e3o e DOE Atas ARP 02-2023 e DOE 1\u00aa Pesquisa Trimestral \u2013 DOE ARP 03-2023 e DOE 1\u00aa Pesquisa Trimestral \u2013 DOE ARP 04-2023 e DOE 1\u00aa Pesquisa Trimestral \u2013 DOE ARP 05-2023 e DOE 1\u00aa Pesquisa Trimestral \u2013 DOE<\/p>\n","protected":false},"author":1,"featured_media":0,"parent":26017,"menu_order":11,"comment_status":"closed","ping_status":"closed","template":"","meta":[],"_links":{"self":[{"href":"https:\/\/www.infraestruturameioambiente.sp.gov.br\/editais\/wp-json\/wp\/v2\/pages\/26812"}],"collection":[{"href":"https:\/\/www.infraestruturameioambiente.sp.gov.br\/editais\/wp-json\/wp\/v2\/pages"}],"about":[{"href":"https:\/\/www.infraestruturameioambiente.sp.gov.br\/editais\/wp-json\/wp\/v2\/types\/page"}],"author":[{"embeddable":true,"href":"https:\/\/www.infraestruturameioambiente.sp.gov.br\/editais\/wp-json\/wp\/v2\/users\/1"}],"replies":[{"embeddable":true,"href":"https:\/\/www.infraestruturameioambiente.sp.gov.br\/editais\/wp-json\/wp\/v2\/comments?post=26812"}],"version-history":[{"count":45,"href":"https:\/\/www.infraestruturameioambiente.sp.gov.br\/editais\/wp-json\/wp\/v2\/pages\/26812\/revisions"}],"predecessor-version":[{"id":37572,"href":"https:\/\/www.infraestruturameioambiente.sp.gov.br\/editais\/wp-json\/wp\/v2\/pages\/26812\/revisions\/37572"}],"up":[{"embeddable":true,"href":"https:\/\/www.infraestruturameioambiente.sp.gov.br\/editais\/wp-json\/wp\/v2\/pages\/26017"}],"wp:attachment":[{"href":"https:\/\/www.infraestruturameioambiente.sp.gov.br\/editais\/wp-json\/wp\/v2\/media?parent=26812"}],"curies":[{"name":"wp","href":"https:\/\/api.w.org\/{rel}","templated":true}]}}