{"id":26139,"date":"2015-07-21T11:51:14","date_gmt":"2015-07-21T14:51:14","guid":{"rendered":"https:\/\/www.infraestruturameioambiente.sp.gov.br\/editais\/?page_id=26139"},"modified":"2023-08-25T10:06:05","modified_gmt":"2023-08-25T13:06:05","slug":"agua","status":"publish","type":"page","link":"https:\/\/www.infraestruturameioambiente.sp.gov.br\/editais\/documentos-de-instrucao\/agua\/","title":{"rendered":"\u00c1gua"},"content":{"rendered":"<p><strong class=\"x_x_x_x_ContentPasted0 x_x_ContentPasted0 x_ContentPasted0\">Edital<\/strong><\/p>\n<ul>\n<li class=\"x_x_ContentPasted0 x_ContentPasted0\"><a href=\"https:\/\/smastr16.blob.core.windows.net\/editais\/sites\/41\/2023\/08\/edital.pdf\">10\/2023\/CACC-RP<\/a><\/li>\n<\/ul>\n<p><strong class=\"x_x_x_x_ContentPasted0 x_x_ContentPasted0 x_ContentPasted0\">Parecer Jur\u00eddico<\/strong><\/p>\n<ul>\n<li class=\"x_x_ContentPasted0 x_ContentPasted0\"><a href=\"https:\/\/smastr16.blob.core.windows.net\/editais\/sites\/41\/2023\/08\/parecer-cj.pdf\">Parecer CJ<\/a><\/li>\n<\/ul>\n<p><strong class=\"x_x_x_x_ContentPasted0 x_x_ContentPasted0 x_ContentPasted0\">Homologa\u00e7\u00e3o<\/strong><\/p>\n<ul>\n<li class=\"x_x_ContentPasted0 x_ContentPasted0\"><a href=\"https:\/\/smastr16.blob.core.windows.net\/editais\/sites\/41\/2023\/08\/homologacao-e-doe.pdf\">Homologa\u00e7\u00e3o e DOE<\/a><\/li>\n<\/ul>\n<p><strong class=\"x_x_x_x_ContentPasted0 x_x_ContentPasted0 x_ContentPasted0\">Atas<\/strong><\/p>\n<ul data-editing-info=\"{&quot;orderedStyleType&quot;:1,&quot;unorderedStyleType&quot;:1}\">\n<li class=\"x_x_ContentPasted0 x_ContentPasted0\"><a href=\"https:\/\/smastr16.blob.core.windows.net\/editais\/sites\/41\/2023\/08\/arp-24-2023-e-doe.pdf\">ARP 24\/2023 e Extrato DOE<span class=\"x_x_x_x_x_ContentPasted0 x_x_x_x_ContentPasted0 x_x_x_ContentPasted0 x_x_ContentPasted0 x_ContentPasted0\">\u00a0<\/span><\/a><\/li>\n<li class=\"x_x_ContentPasted0 x_ContentPasted0\"><a href=\"https:\/\/smastr16.blob.core.windows.net\/editais\/sites\/41\/2023\/08\/arp-25-2023-e-doe.pdf\"><span class=\"x_x_x_x_x_ContentPasted0 x_x_x_x_ContentPasted0 x_x_x_ContentPasted0 x_x_ContentPasted0 x_ContentPasted0 x_ContentPasted1\">ARP 25\/2023 e Extrato DOE<\/span><\/a><\/li>\n<\/ul>\n","protected":false},"excerpt":{"rendered":"<p>Edital 10\/2023\/CACC-RP Parecer Jur\u00eddico Parecer CJ Homologa\u00e7\u00e3o Homologa\u00e7\u00e3o e DOE Atas ARP 24\/2023 e Extrato DOE\u00a0 ARP 25\/2023 e Extrato DOE<\/p>\n","protected":false},"author":1,"featured_media":0,"parent":26017,"menu_order":1,"comment_status":"closed","ping_status":"closed","template":"","meta":[],"_links":{"self":[{"href":"https:\/\/www.infraestruturameioambiente.sp.gov.br\/editais\/wp-json\/wp\/v2\/pages\/26139"}],"collection":[{"href":"https:\/\/www.infraestruturameioambiente.sp.gov.br\/editais\/wp-json\/wp\/v2\/pages"}],"about":[{"href":"https:\/\/www.infraestruturameioambiente.sp.gov.br\/editais\/wp-json\/wp\/v2\/types\/page"}],"author":[{"embeddable":true,"href":"https:\/\/www.infraestruturameioambiente.sp.gov.br\/editais\/wp-json\/wp\/v2\/users\/1"}],"replies":[{"embeddable":true,"href":"https:\/\/www.infraestruturameioambiente.sp.gov.br\/editais\/wp-json\/wp\/v2\/comments?post=26139"}],"version-history":[{"count":35,"href":"https:\/\/www.infraestruturameioambiente.sp.gov.br\/editais\/wp-json\/wp\/v2\/pages\/26139\/revisions"}],"predecessor-version":[{"id":37630,"href":"https:\/\/www.infraestruturameioambiente.sp.gov.br\/editais\/wp-json\/wp\/v2\/pages\/26139\/revisions\/37630"}],"up":[{"embeddable":true,"href":"https:\/\/www.infraestruturameioambiente.sp.gov.br\/editais\/wp-json\/wp\/v2\/pages\/26017"}],"wp:attachment":[{"href":"https:\/\/www.infraestruturameioambiente.sp.gov.br\/editais\/wp-json\/wp\/v2\/media?parent=26139"}],"curies":[{"name":"wp","href":"https:\/\/api.w.org\/{rel}","templated":true}]}}