{"id":26017,"date":"2015-05-20T11:37:08","date_gmt":"2015-05-20T14:37:08","guid":{"rendered":"https:\/\/www.infraestruturameioambiente.sp.gov.br\/editais\/?page_id=26017"},"modified":"2023-05-24T14:49:00","modified_gmt":"2023-05-24T17:49:00","slug":"documentos-de-instrucao","status":"publish","type":"page","link":"https:\/\/www.infraestruturameioambiente.sp.gov.br\/editais\/documentos-de-instrucao\/","title":{"rendered":"Documentos de Instru\u00e7\u00e3o"},"content":{"rendered":"<ul>\n<li><a href=\"https:\/\/smastr16.blob.core.windows.net\/editais\/sites\/41\/2021\/08\/planilha-modelo-para-solicitacao-de-utilizacao-de-arp.xls\">Planilha modelo para solicita\u00e7\u00e3o de utiliza\u00e7\u00e3o de ARP<\/a> (Utilizar uma planilha para cada Ata de Registro de Pre\u00e7o abaixo)<\/li>\n<\/ul>\n<p style=\"padding-left: 40px;\">As solicita\u00e7\u00f5es de uso de ARP devem ser encaminhadas para o e-mail <a href=\"mailto:sima.registrodeprecos@sp.gov.br\">sima.registrodeprecos@sp.gov.br<\/a><\/p>\n<h2>Atas Vigentes &#8211; \u00d3rg\u00e3o Gerenciador<\/h2>\n<ul>\n<li><a title=\"\u00c1gua\" href=\"https:\/\/www.infraestruturameioambiente.sp.gov.br\/editais\/documentos-de-instrucao\/agua\/\">\u00c1gua<\/a><\/li>\n<li><a href=\"https:\/\/www.infraestruturameioambiente.sp.gov.br\/editais\/documentos-de-instrucao\/artigos-de-escritorio\/\">Artigos de Escrit\u00f3rio<\/a><\/li>\n<li><a href=\"https:\/\/www.infraestruturameioambiente.sp.gov.br\/editais\/documentos-de-instrucao\/limpeza\/\">Artigos de Limpeza<\/a><\/li>\n<li><a href=\"https:\/\/www.infraestruturameioambiente.sp.gov.br\/editais\/documentos-de-instrucao\/cafe-em-po\/\">Caf\u00e9 em p\u00f3<\/a><\/li>\n<li><a href=\"https:\/\/www.infraestruturameioambiente.sp.gov.br\/editais\/documentos-de-instrucao\/carimbos\/\">Carimbos<\/a><\/li>\n<li><a href=\"https:\/\/www.infraestruturameioambiente.sp.gov.br\/editais\/documentos-de-instrucao\/copa-e-cozinha\/\">Copa e Cozinha<\/a><\/li>\n<li><a href=\"https:\/\/www.infraestruturameioambiente.sp.gov.br\/editais\/copos-de-papel\/\">Copos de papel<\/a><\/li>\n<li><a href=\"https:\/\/www.infraestruturameioambiente.sp.gov.br\/editais\/documentos-de-instrucao\/generos-alimenticios\/\">G\u00eaneros aliment\u00edcios<\/a><\/li>\n<li><a href=\"https:\/\/www.infraestruturameioambiente.sp.gov.br\/editais\/documentos-de-instrucao\/higiene\" target=\"_blank\" rel=\"noopener noreferrer\">Higiene<\/a><\/li>\n<li><a href=\"https:\/\/www.infraestruturameioambiente.sp.gov.br\/editais\/documentos-de-instrucao\/lampada\/\">L\u00e2mpada<\/a><\/li>\n<li><a href=\"https:\/\/www.infraestruturameioambiente.sp.gov.br\/editais\/documentos-de-instrucao\/manutencao-predial\/\">Manuten\u00e7\u00e3o predial<\/a><\/li>\n<li><a href=\"https:\/\/www.infraestruturameioambiente.sp.gov.br\/editais\/documentos-de-instrucao\/papel-higienico-e-toalha-de-papel\/\">Papel Higi\u00eanico e Toalha de Papel<\/a><\/li>\n<li><a href=\"https:\/\/www.infraestruturameioambiente.sp.gov.br\/editais\/documentos-de-instrucao\/papel-sulfite-reciclado-e-fotos\/\">Papel sulfite, reciclado e para impress\u00e3o de fotos<\/a><\/li>\n<li><a href=\"https:\/\/www.infraestruturameioambiente.sp.gov.br\/editais\/documentos-de-instrucao\/pilhas\">Pilhas<\/a><\/li>\n<li><a href=\"https:\/\/www.infraestruturameioambiente.sp.gov.br\/editais\/documentos-de-instrucao\/pneu\/\">Pneus<\/a><\/li>\n<li><a href=\"https:\/\/www.infraestruturameioambiente.sp.gov.br\/editais\/documentos-de-instrucao\/protetor-solar-com-repelente\/\">Protetor solar com repelente<\/a><\/li>\n<li><a href=\"https:\/\/www.infraestruturameioambiente.sp.gov.br\/editais\/documentos-de-instrucao\/publicacao-jornal-de-grande-circulacao\/\">Publica\u00e7\u00e3o Jornal de Grande Circula\u00e7\u00e3o<\/a><\/li>\n<li><a href=\"https:\/\/www.infraestruturameioambiente.sp.gov.br\/editais\/documentos-de-instrucao\/publicacao-jornal-internacional\/\">Publica\u00e7\u00e3o Jornal Internacional<\/a><\/li>\n<li><a href=\"https:\/\/www.infraestruturameioambiente.sp.gov.br\/editais\/documentos-de-instrucao\/reducao-de-agua\/\">Redu\u00e7\u00e3o de \u00e1gua<\/a><\/li>\n<li><a href=\"https:\/\/www.infraestruturameioambiente.sp.gov.br\/editais\/documentos-de-instrucao\/servicos-graficos\/\">Servi\u00e7os Gr\u00e1ficos<\/a><\/li>\n<li><a href=\"https:\/\/www.infraestruturameioambiente.sp.gov.br\/editais\/documentos-de-instrucao\/telefone\/\">Telefone<\/a><\/li>\n<\/ul>\n<h2>Atas Vigentes &#8211; \u00d3rg\u00e3o Participante<\/h2>\n<ul>\n<li>\n<div><a href=\"https:\/\/www.infraestruturameioambiente.sp.gov.br\/editais\/documentos-de-instrucao\/alcool-liquido-70\/\">\u00c1lcool l\u00edquido 70%<\/a><\/div>\n<\/li>\n<li><a href=\"https:\/\/www.infraestruturameioambiente.sp.gov.br\/editais\/documentos-de-instrucao\/camisa-combat-shirt\/\">Camisa Combat Shirt<\/a><\/li>\n<li><a href=\"https:\/\/www.infraestruturameioambiente.sp.gov.br\/editais\/documentos-de-instrucao\/desktop\/\">Desktop<\/a><\/li>\n<li><a href=\"https:\/\/www.infraestruturameioambiente.sp.gov.br\/editais\/documentos-de-instrucao\/locacao-de-aeronaves-combate-a-incendios\/\">Loca\u00e7\u00e3o de Aeronaves (Combate a Inc\u00eandios)<\/a><\/li>\n<li><a href=\"https:\/\/www.infraestruturameioambiente.sp.gov.br\/editais\/documentos-de-instrucao\/mobiliario\/\">Mobili\u00e1rio<\/a><\/li>\n<li><a href=\"https:\/\/www.infraestruturameioambiente.sp.gov.br\/editais\/documentos-de-instrucao\/notebooks\/\">Notebooks<\/a><\/li>\n<li><a href=\"https:\/\/www.infraestruturameioambiente.sp.gov.br\/editais\/documentos-de-instrucao\/transporte-mobiliario\/\">Transporte Mobili\u00e1rio<\/a><\/li>\n<\/ul>\n","protected":false},"excerpt":{"rendered":"<p>Planilha modelo para solicita\u00e7\u00e3o de utiliza\u00e7\u00e3o de ARP (Utilizar uma planilha para cada Ata de Registro de Pre\u00e7o abaixo) As solicita\u00e7\u00f5es de uso de ARP devem ser encaminhadas para o e-mail sima.registrodeprecos@sp.gov.br Atas Vigentes &#8211; \u00d3rg\u00e3o Gerenciador \u00c1gua Artigos de Escrit\u00f3rio Artigos de Limpeza Caf\u00e9 em p\u00f3 Carimbos Copa e Cozinha Copos de papel G\u00eaneros [&hellip;]<\/p>\n","protected":false},"author":1,"featured_media":0,"parent":0,"menu_order":0,"comment_status":"closed","ping_status":"closed","template":"","meta":[],"_links":{"self":[{"href":"https:\/\/www.infraestruturameioambiente.sp.gov.br\/editais\/wp-json\/wp\/v2\/pages\/26017"}],"collection":[{"href":"https:\/\/www.infraestruturameioambiente.sp.gov.br\/editais\/wp-json\/wp\/v2\/pages"}],"about":[{"href":"https:\/\/www.infraestruturameioambiente.sp.gov.br\/editais\/wp-json\/wp\/v2\/types\/page"}],"author":[{"embeddable":true,"href":"https:\/\/www.infraestruturameioambiente.sp.gov.br\/editais\/wp-json\/wp\/v2\/users\/1"}],"replies":[{"embeddable":true,"href":"https:\/\/www.infraestruturameioambiente.sp.gov.br\/editais\/wp-json\/wp\/v2\/comments?post=26017"}],"version-history":[{"count":64,"href":"https:\/\/www.infraestruturameioambiente.sp.gov.br\/editais\/wp-json\/wp\/v2\/pages\/26017\/revisions"}],"predecessor-version":[{"id":36300,"href":"https:\/\/www.infraestruturameioambiente.sp.gov.br\/editais\/wp-json\/wp\/v2\/pages\/26017\/revisions\/36300"}],"wp:attachment":[{"href":"https:\/\/www.infraestruturameioambiente.sp.gov.br\/editais\/wp-json\/wp\/v2\/media?parent=26017"}],"curies":[{"name":"wp","href":"https:\/\/api.w.org\/{rel}","templated":true}]}}